{"id":707387,"date":"2025-08-27T16:04:41","date_gmt":"2025-08-27T13:04:41","guid":{"rendered":"https:\/\/roveyayinevi.com.tr\/index.php\/urun\/kapitalizmin-dogusu-islamin-erken-doneminde\/"},"modified":"2026-04-16T02:16:15","modified_gmt":"2026-04-15T23:16:15","slug":"kapitalizmin-dogusu-islamin-erken-doneminde","status":"publish","type":"product","link":"https:\/\/roveyayinevi.com.tr\/index.php\/urun\/kapitalizmin-dogusu-islamin-erken-doneminde\/","title":{"rendered":"Kapitalizmin Do\u011fu\u015fu &#8211; \u0130slam\u2019\u0131n Erken D\u00f6neminde"},"content":{"rendered":"<p>Bu kitap orijinal bir tez ortaya at\u0131yor: Kapitalizm, san\u0131ld\u0131\u011f\u0131 gibi \u00f6nce Orta\u00e7a\u011f\u2019\u0131n sonlar\u0131nda \u0130talya \u015fehirlerinde de\u011fil 6. ve 7. Y\u00fczy\u0131llarda Arabistan \u015fehirlerinde ortaya \u00e7\u0131kt\u0131. \u0130lk M\u00fcsl\u00fcmanlar, bug\u00fcn \u00e7ok fazla anla\u015f\u0131lm\u0131\u015f olmasa da ekonomik d\u00fc\u015f\u00fcncenin tarihine \u00e7\u0131\u011f\u0131r a\u00e7\u0131c\u0131 katk\u0131larda bulundular.\u0130slam, bir i\u015f adam\u0131 taraf\u0131ndan tebli\u011f edilen tek dindir. Hz. Muhammed, ticaretle u\u011fra\u015fan \u015fehirli ve elit bir aileden geliyordu. \u0130slam mesaj\u0131n\u0131 getirmesinden \u00f6nce atalar\u0131 gibi ba\u015far\u0131l\u0131 bir i\u015f adam\u0131yd\u0131. Mesle\u011fini risaletinden sonra da s\u00fcrd\u00fcrd\u00fc. Bu nedenle olmal\u0131 ki yeni din ticaret, t\u00fcketicinin korunmas\u0131, i\u015f ahl\u00e2k\u0131 ve m\u00fclkiyet hakk\u0131 konular\u0131nda bir\u00e7ok \u015fey s\u00f6yl\u00fcyordu.\u0130lah\u00ee mesaj\u0131n etkileyicili\u011fi ile ilk M\u00fcsl\u00fcmanlar\u0131n ticar\u00ee dehas\u0131n\u0131n birle\u015fmesi, \u0130slam\u2019\u0131n h\u0131zl\u0131ca yay\u0131lmas\u0131n\u0131 ve bu arada onlar\u0131n ekonomik deneyimlerinin Avrupa\u2019ya ge\u00e7i\u015fini sa\u011flad\u0131.Benedikt Koehler, bu kitapta \u0130slam\u00ee kurumlar\u0131n ve ticar\u00ee uygulamalar\u0131n Venedik ve Cenova\u2019ya nas\u0131l ta\u015f\u0131nd\u0131\u011f\u0131n\u0131 ve buralarda nas\u0131l yeniden \u015fekillendi\u011fini anlatmaktad\u0131r. Bu finansal yenilikler ortakl\u0131\u011f\u0131n icad\u0131, i\u015fletme y\u00f6netimi teknikleri, ticar\u00ee aritmetik ve parasal d\u00fczenlemeler gibi piyasa mekanizmalar\u0131n\u0131 ihtiva ediyordu.Avrupa\u2019y\u0131 etkileyen ba\u015fka \u0130slam kurumlar\u0131 da vard\u0131: \u0130slam vak\u0131flar\u0131, \u015firketlere ve y\u00fcksek \u00f6\u011fretim kurumlar\u0131na ilham verdi. Oxford ve Cambridge gibi ilk Avrupa \u00fcniversiteleri, Medrese e\u011fitimini model olarak ald\u0131.T\u00fcm bunlar, bize \u015funu s\u00f6yleme hakk\u0131n\u0131 a\u00e7\u0131k\u00e7a verir: Piyasa ekonomisinin t\u00fcm temel kurumlar\u0131n\u0131n \u0130slam\u00ee k\u00f6kenleri vard\u0131r.Do\u00e7. Dr. Hasan Y\u00fccel Ba\u015fdemir <\/p>\n","protected":false},"excerpt":{"rendered":"<p>Bu kitap orijinal bir tez ortaya at\u0131yor: Kapitalizm, san\u0131ld\u0131\u011f\u0131 gibi \u00f6nce Orta\u00e7a\u011f\u2019\u0131n sonlar\u0131nda \u0130talya \u015fehirlerinde de\u011fil 6. ve 7. Y\u00fczy\u0131llarda Arabistan \u015fehirlerinde ortaya \u00e7\u0131kt\u0131. \u0130lk M\u00fcsl\u00fcmanlar,<span class=\"excerpt-hellip\"> [\u2026]<\/span><\/p>\n","protected":false},"featured_media":0,"template":"","meta":{"_monsterinsights_skip_tracking":false,"_monsterinsights_sitenote_active":false,"_monsterinsights_sitenote_note":"","_monsterinsights_sitenote_category":0},"product_brand":[],"product_cat":[13043],"product_tag":[],"class_list":{"0":"post-707387","1":"product","2":"type-product","3":"status-publish","5":"product_cat-ekonomi","6":"pa_cilt-ciltsiz","7":"pa_tur-kitap","8":"pa_yayinevi-liberte-yayinlari","9":"pa_yazar-benedikt-koehler","11":"first","12":"instock","13":"sale","14":"shipping-taxable","15":"purchasable","16":"product-type-simple"},"_links":{"self":[{"href":"https:\/\/roveyayinevi.com.tr\/index.php\/wp-json\/wp\/v2\/product\/707387","targetHints":{"allow":["GET"]}}],"collection":[{"href":"https:\/\/roveyayinevi.com.tr\/index.php\/wp-json\/wp\/v2\/product"}],"about":[{"href":"https:\/\/roveyayinevi.com.tr\/index.php\/wp-json\/wp\/v2\/types\/product"}],"wp:attachment":[{"href":"https:\/\/roveyayinevi.com.tr\/index.php\/wp-json\/wp\/v2\/media?parent=707387"}],"wp:term":[{"taxonomy":"product_brand","embeddable":true,"href":"https:\/\/roveyayinevi.com.tr\/index.php\/wp-json\/wp\/v2\/product_brand?post=707387"},{"taxonomy":"product_cat","embeddable":true,"href":"https:\/\/roveyayinevi.com.tr\/index.php\/wp-json\/wp\/v2\/product_cat?post=707387"},{"taxonomy":"product_tag","embeddable":true,"href":"https:\/\/roveyayinevi.com.tr\/index.php\/wp-json\/wp\/v2\/product_tag?post=707387"}],"curies":[{"name":"wp","href":"https:\/\/api.w.org\/{rel}","templated":true}]}}