{"id":707386,"date":"2025-08-27T16:04:41","date_gmt":"2025-08-27T13:04:41","guid":{"rendered":"https:\/\/roveyayinevi.com.tr\/index.php\/urun\/uzay-atlasi-2\/"},"modified":"2026-04-16T02:16:15","modified_gmt":"2026-04-15T23:16:15","slug":"uzay-atlasi-2","status":"publish","type":"product","link":"https:\/\/roveyayinevi.com.tr\/index.php\/urun\/uzay-atlasi-2\/","title":{"rendered":"Uzay Atlas\u0131"},"content":{"rendered":"<p>Bu kitaptaki resimli anlat\u0131mlar sayesinde uzay, \u00e7ocuklar i\u00e7in bir gizem olmaktan \u00e7\u0131kacak. Gezegenlerin, galaksilerin ve tak\u0131my\u0131ld\u0131zlar\u0131n\u0131n nas\u0131l olu\u015ftuklar\u0131n\u0131 ke\u015ffedecek, Ay ve G\u00fcne\u015f\u2019in rollerini \u00f6\u011frenecekler. Uzaya yolculuk yapan ilk insanla tan\u0131\u015facak, uzay mekikleri ve f\u00fczelerin g\u00f6revlerini okuduk\u00e7a heyecanlanacaklar. Oyun sayfalar\u0131 ise \u00f6\u011frendikleri bilgileri daha kolay peki\u015ftirmelerini sa\u011flayacak. \ufffc<\/p>\n","protected":false},"excerpt":{"rendered":"<p>Bu kitaptaki resimli anlat\u0131mlar sayesinde uzay, \u00e7ocuklar i\u00e7in bir gizem olmaktan \u00e7\u0131kacak. Gezegenlerin, galaksilerin ve tak\u0131my\u0131ld\u0131zlar\u0131n\u0131n nas\u0131l olu\u015ftuklar\u0131n\u0131 ke\u015ffedecek, Ay ve G\u00fcne\u015f\u2019in rollerini \u00f6\u011frenecekler. Uzaya yolculuk<span class=\"excerpt-hellip\"> [\u2026]<\/span><\/p>\n","protected":false},"featured_media":0,"template":"","meta":{"_monsterinsights_skip_tracking":false,"_monsterinsights_sitenote_active":false,"_monsterinsights_sitenote_note":"","_monsterinsights_sitenote_category":0},"product_brand":[],"product_cat":[12274,14573],"product_tag":[],"class_list":{"0":"post-707386","1":"product","2":"type-product","3":"status-publish","5":"product_cat-cocuk-ve-genclik-kitaplari","6":"product_cat-referans-kitaplar-cocuk-ve-genclik-kitaplari","7":"pa_cilt-ciltsiz","8":"pa_tur-kitap","9":"pa_yayinevi-mandolin-yayinlari","10":"pa_yazar-marie-renee-guilloret","12":"first","13":"instock","14":"sale","15":"shipping-taxable","16":"purchasable","17":"product-type-simple"},"_links":{"self":[{"href":"https:\/\/roveyayinevi.com.tr\/index.php\/wp-json\/wp\/v2\/product\/707386","targetHints":{"allow":["GET"]}}],"collection":[{"href":"https:\/\/roveyayinevi.com.tr\/index.php\/wp-json\/wp\/v2\/product"}],"about":[{"href":"https:\/\/roveyayinevi.com.tr\/index.php\/wp-json\/wp\/v2\/types\/product"}],"wp:attachment":[{"href":"https:\/\/roveyayinevi.com.tr\/index.php\/wp-json\/wp\/v2\/media?parent=707386"}],"wp:term":[{"taxonomy":"product_brand","embeddable":true,"href":"https:\/\/roveyayinevi.com.tr\/index.php\/wp-json\/wp\/v2\/product_brand?post=707386"},{"taxonomy":"product_cat","embeddable":true,"href":"https:\/\/roveyayinevi.com.tr\/index.php\/wp-json\/wp\/v2\/product_cat?post=707386"},{"taxonomy":"product_tag","embeddable":true,"href":"https:\/\/roveyayinevi.com.tr\/index.php\/wp-json\/wp\/v2\/product_tag?post=707386"}],"curies":[{"name":"wp","href":"https:\/\/api.w.org\/{rel}","templated":true}]}}