{"id":707385,"date":"2025-08-27T16:04:41","date_gmt":"2025-08-27T13:04:41","guid":{"rendered":"https:\/\/roveyayinevi.com.tr\/index.php\/urun\/tarih-atlasi-2\/"},"modified":"2026-04-16T02:16:15","modified_gmt":"2026-04-15T23:16:15","slug":"tarih-atlasi-2","status":"publish","type":"product","link":"https:\/\/roveyayinevi.com.tr\/index.php\/urun\/tarih-atlasi-2\/","title":{"rendered":"Tarih Atlas\u0131"},"content":{"rendered":"<p>Tarih hi\u00e7 bu kadar zevkli olmam\u0131\u015ft\u0131! \u00c7ocuklar resimlerle zenginle\u015ftirilmi\u015f bu kitap sayesinde insano\u011flunun tarih\u00f6ncesi d\u00f6nemden g\u00fcn\u00fcm\u00fcze kadar ba\u015f\u0131ndan ge\u00e7en \u00f6nemli olaylar\u0131 kronolojik s\u0131rayla \u00f6\u011frenecekler. D\u00fcnya tarihinin yan\u0131nda T\u00fcrk d\u00fcnyas\u0131na da yak\u0131ndan bakacaklar. Hadi ba\u015flas\u0131n zaman yolculu\u011fu! \ufffcTan\u0131t\u0131m Metni<\/p>\n","protected":false},"excerpt":{"rendered":"<p>Tarih hi\u00e7 bu kadar zevkli olmam\u0131\u015ft\u0131! \u00c7ocuklar resimlerle zenginle\u015ftirilmi\u015f bu kitap sayesinde insano\u011flunun tarih\u00f6ncesi d\u00f6nemden g\u00fcn\u00fcm\u00fcze kadar ba\u015f\u0131ndan ge\u00e7en \u00f6nemli olaylar\u0131 kronolojik s\u0131rayla \u00f6\u011frenecekler. D\u00fcnya tarihinin<span class=\"excerpt-hellip\"> [\u2026]<\/span><\/p>\n","protected":false},"featured_media":0,"template":"","meta":{"_monsterinsights_skip_tracking":false,"_monsterinsights_sitenote_active":false,"_monsterinsights_sitenote_note":"","_monsterinsights_sitenote_category":0},"product_brand":[],"product_cat":[12312,12304],"product_tag":[],"class_list":{"0":"post-707385","1":"product","2":"type-product","3":"status-publish","5":"product_cat-diger","6":"product_cat-tarih","7":"pa_cilt-ciltsiz","8":"pa_tur-kitap","9":"pa_yayinevi-mandolin-yayinlari","10":"pa_yazar-marie-renee-guilloret","12":"first","13":"instock","14":"sale","15":"shipping-taxable","16":"purchasable","17":"product-type-simple"},"_links":{"self":[{"href":"https:\/\/roveyayinevi.com.tr\/index.php\/wp-json\/wp\/v2\/product\/707385","targetHints":{"allow":["GET"]}}],"collection":[{"href":"https:\/\/roveyayinevi.com.tr\/index.php\/wp-json\/wp\/v2\/product"}],"about":[{"href":"https:\/\/roveyayinevi.com.tr\/index.php\/wp-json\/wp\/v2\/types\/product"}],"wp:attachment":[{"href":"https:\/\/roveyayinevi.com.tr\/index.php\/wp-json\/wp\/v2\/media?parent=707385"}],"wp:term":[{"taxonomy":"product_brand","embeddable":true,"href":"https:\/\/roveyayinevi.com.tr\/index.php\/wp-json\/wp\/v2\/product_brand?post=707385"},{"taxonomy":"product_cat","embeddable":true,"href":"https:\/\/roveyayinevi.com.tr\/index.php\/wp-json\/wp\/v2\/product_cat?post=707385"},{"taxonomy":"product_tag","embeddable":true,"href":"https:\/\/roveyayinevi.com.tr\/index.php\/wp-json\/wp\/v2\/product_tag?post=707385"}],"curies":[{"name":"wp","href":"https:\/\/api.w.org\/{rel}","templated":true}]}}