{"id":707384,"date":"2025-08-27T16:04:40","date_gmt":"2025-08-27T13:04:40","guid":{"rendered":"https:\/\/roveyayinevi.com.tr\/index.php\/urun\/meslekler-atlasi\/"},"modified":"2026-04-16T02:16:15","modified_gmt":"2026-04-15T23:16:15","slug":"meslekler-atlasi","status":"publish","type":"product","link":"https:\/\/roveyayinevi.com.tr\/index.php\/urun\/meslekler-atlasi\/","title":{"rendered":"Meslekler Atlas\u0131"},"content":{"rendered":"<p>Bu kitapta anlat\u0131lan meslekler sayesinde \u00e7ocuklar belki de daha \u00f6nce hi\u00e7 duymad\u0131klar\u0131 mesleklerle tan\u0131\u015facaklar. Hatta kim bilir, ileride hangi i\u015fi yapacaklar\u0131 konusunda onlara yol g\u00f6sterecek ve meslek se\u00e7imlerini buna g\u00f6re yapacaklar. \u00dcstelik kimin hangi mesle\u011fi yaparken ne t\u00fcr zorluklarla kar\u015f\u0131la\u015ft\u0131klar\u0131n\u0131 g\u00f6r\u00fcp o ki\u015filere art\u0131k farkl\u0131 g\u00f6zlerle bakacaklar. <\/p>\n","protected":false},"excerpt":{"rendered":"<p>Bu kitapta anlat\u0131lan meslekler sayesinde \u00e7ocuklar belki de daha \u00f6nce hi\u00e7 duymad\u0131klar\u0131 mesleklerle tan\u0131\u015facaklar. Hatta kim bilir, ileride hangi i\u015fi yapacaklar\u0131 konusunda onlara yol g\u00f6sterecek ve<span class=\"excerpt-hellip\"> [\u2026]<\/span><\/p>\n","protected":false},"featured_media":0,"template":"","meta":{"_monsterinsights_skip_tracking":false,"_monsterinsights_sitenote_active":false,"_monsterinsights_sitenote_note":"","_monsterinsights_sitenote_category":0},"product_brand":[],"product_cat":[12312,12304],"product_tag":[],"class_list":{"0":"post-707384","1":"product","2":"type-product","3":"status-publish","5":"product_cat-diger","6":"product_cat-tarih","7":"pa_cilt-ciltsiz","8":"pa_tur-kitap","9":"pa_yayinevi-mandolin-yayinlari","10":"pa_yazar-marie-renee-guilloret","12":"first","13":"instock","14":"sale","15":"shipping-taxable","16":"purchasable","17":"product-type-simple"},"_links":{"self":[{"href":"https:\/\/roveyayinevi.com.tr\/index.php\/wp-json\/wp\/v2\/product\/707384","targetHints":{"allow":["GET"]}}],"collection":[{"href":"https:\/\/roveyayinevi.com.tr\/index.php\/wp-json\/wp\/v2\/product"}],"about":[{"href":"https:\/\/roveyayinevi.com.tr\/index.php\/wp-json\/wp\/v2\/types\/product"}],"wp:attachment":[{"href":"https:\/\/roveyayinevi.com.tr\/index.php\/wp-json\/wp\/v2\/media?parent=707384"}],"wp:term":[{"taxonomy":"product_brand","embeddable":true,"href":"https:\/\/roveyayinevi.com.tr\/index.php\/wp-json\/wp\/v2\/product_brand?post=707384"},{"taxonomy":"product_cat","embeddable":true,"href":"https:\/\/roveyayinevi.com.tr\/index.php\/wp-json\/wp\/v2\/product_cat?post=707384"},{"taxonomy":"product_tag","embeddable":true,"href":"https:\/\/roveyayinevi.com.tr\/index.php\/wp-json\/wp\/v2\/product_tag?post=707384"}],"curies":[{"name":"wp","href":"https:\/\/api.w.org\/{rel}","templated":true}]}}