{"id":707380,"date":"2025-08-27T16:04:39","date_gmt":"2025-08-27T13:04:39","guid":{"rendered":"https:\/\/roveyayinevi.com.tr\/index.php\/urun\/aklin-cocuk-hali\/"},"modified":"2026-04-16T02:16:15","modified_gmt":"2026-04-15T23:16:15","slug":"aklin-cocuk-hali","status":"publish","type":"product","link":"https:\/\/roveyayinevi.com.tr\/index.php\/urun\/aklin-cocuk-hali\/","title":{"rendered":"Akl\u0131n \u00c7ocuk Hali"},"content":{"rendered":"<p>\u0130nsan zihniyle davran\u0131\u015flar\u0131 aras\u0131nda nas\u0131l bir ili\u015fki vard\u0131r? Bu ili\u015fki ya\u015fa ba\u011fl\u0131 olarak nas\u0131l de\u011fi\u015fir? Bir \u00e7ocu\u011fun akl\u0131ndan hangi ya\u015fta ne beklenebilir? Bunlar, hem alanda \u00e7al\u0131\u015fan akademisyen ve \u00f6\u011frencilerin, hem bu konularla ilgili politikalar \u00fcreten profesyonellerin, hem de anne babalar\u0131n kafalar\u0131n\u0131 kurcalayan sorular.Akl\u0131n \u00c7ocuk Hali, kuramsal yakla\u015f\u0131mlardan pratik uygulamalara uzanan bir yelpazede, merkeze g\u00fcncel ara\u015ft\u0131rma bulgular\u0131n\u0131 koyarak bebeklerin ve \u00e7ocuklar\u0131n d\u00fc\u015f\u00fcnce d\u00fcnyalar\u0131na \u0131\u015f\u0131k tutmay\u0131 ama\u00e7l\u0131yor. Dil geli\u015fimi gibi uzun y\u0131llard\u0131r merak konusu olmu\u015f ara\u015ft\u0131rma alanlar\u0131ndan, m\u00fczik geli\u015fimi, sosyal bili\u015f ve normlar\u0131n alg\u0131lanmas\u0131 gibi daha yeni incelenen alanlara uzanan kitap; jest kullan\u0131m\u0131, taklit, bellek, zihin temsilleri ve hayal g\u00fcc\u00fc gibi zihinsel geli\u015fim kapsam\u0131na giren konular\u0131 sadece tipik de\u011fil, tipik olmayan geli\u015fim hik\u00e2yeleri \u00fczerinden de ele al\u0131yor. Akl\u0131n \u00c7ocuk Hali, zihin geli\u015fimi ara\u015ft\u0131rmalar\u0131ndaki son geli\u015fmeleri kapsaml\u0131 bir bi\u00e7imde sunman\u0131n yan\u0131 s\u0131ra, T\u00fcrk\u00e7ede bu konuyla ilgili yerli bulgular\u0131n tart\u0131\u015f\u0131ld\u0131\u011f\u0131 ve k\u00fclt\u00fcrler aras\u0131 kar\u015f\u0131la\u015ft\u0131rmalar\u0131n yap\u0131ld\u0131\u011f\u0131 ilk rehber kitap olma \u00f6zelli\u011fini de ta\u015f\u0131yor.\u00c7a\u011fla Ayd\u0131n, Sabanc\u0131 \u00dcniversitesi Sanat ve Sosyal Bilimler Fak\u00fcltesi\u2019nin Psikoloji Program\u0131\u2019nda yard\u0131mc\u0131 do\u00e7ent.Tilbe G\u00f6ksun, Ko\u00e7 \u00dcniversitesi Psikoloji B\u00f6l\u00fcm\u00fc\u2019nde yard\u0131mc\u0131 do\u00e7ent.Aylin C. K\u00fcntay, Ko\u00e7 \u00dcniversitesi Psikoloji B\u00f6l\u00fcm\u00fc\u2019nde profes\u00f6r ve Utrecht \u00dcniversitesi Prince Claus k\u00fcrs\u00fcs\u00fcnde ziyaret\u00e7i ara\u015ft\u0131rma profes\u00f6r\u00fc.Deniz Tahiro\u011flu, \u00d6zye\u011fin \u00dcniversitesi Psikoloji B\u00f6l\u00fcm\u00fc\u2019nde yard\u0131mc\u0131 do\u00e7ent.<\/p>\n","protected":false},"excerpt":{"rendered":"<p>\u0130nsan zihniyle davran\u0131\u015flar\u0131 aras\u0131nda nas\u0131l bir ili\u015fki vard\u0131r? Bu ili\u015fki ya\u015fa ba\u011fl\u0131 olarak nas\u0131l de\u011fi\u015fir? Bir \u00e7ocu\u011fun akl\u0131ndan hangi ya\u015fta ne beklenebilir? Bunlar, hem alanda \u00e7al\u0131\u015fan<span class=\"excerpt-hellip\"> [\u2026]<\/span><\/p>\n","protected":false},"featured_media":0,"template":"","meta":{"_monsterinsights_skip_tracking":false,"_monsterinsights_sitenote_active":false,"_monsterinsights_sitenote_note":"","_monsterinsights_sitenote_category":0},"product_brand":[],"product_cat":[12755,12357],"product_tag":[],"class_list":{"0":"post-707380","1":"product","2":"type-product","3":"status-publish","5":"product_cat-gelisim-psikolojisi","6":"product_cat-psikoloji","7":"pa_cilt-ciltsiz","8":"pa_tur-kitap","9":"pa_yayinevi-koc-universitesi-yayinlari","10":"pa_yazar-tilbe-goksun","12":"first","13":"instock","14":"sale","15":"shipping-taxable","16":"purchasable","17":"product-type-simple"},"_links":{"self":[{"href":"https:\/\/roveyayinevi.com.tr\/index.php\/wp-json\/wp\/v2\/product\/707380","targetHints":{"allow":["GET"]}}],"collection":[{"href":"https:\/\/roveyayinevi.com.tr\/index.php\/wp-json\/wp\/v2\/product"}],"about":[{"href":"https:\/\/roveyayinevi.com.tr\/index.php\/wp-json\/wp\/v2\/types\/product"}],"wp:attachment":[{"href":"https:\/\/roveyayinevi.com.tr\/index.php\/wp-json\/wp\/v2\/media?parent=707380"}],"wp:term":[{"taxonomy":"product_brand","embeddable":true,"href":"https:\/\/roveyayinevi.com.tr\/index.php\/wp-json\/wp\/v2\/product_brand?post=707380"},{"taxonomy":"product_cat","embeddable":true,"href":"https:\/\/roveyayinevi.com.tr\/index.php\/wp-json\/wp\/v2\/product_cat?post=707380"},{"taxonomy":"product_tag","embeddable":true,"href":"https:\/\/roveyayinevi.com.tr\/index.php\/wp-json\/wp\/v2\/product_tag?post=707380"}],"curies":[{"name":"wp","href":"https:\/\/api.w.org\/{rel}","templated":true}]}}