{"id":707375,"date":"2025-08-27T16:04:36","date_gmt":"2025-08-27T13:04:36","guid":{"rendered":"https:\/\/roveyayinevi.com.tr\/index.php\/urun\/bilgi-canavari-diziler\/"},"modified":"2026-04-16T02:16:15","modified_gmt":"2026-04-15T23:16:15","slug":"bilgi-canavari-diziler","status":"publish","type":"product","link":"https:\/\/roveyayinevi.com.tr\/index.php\/urun\/bilgi-canavari-diziler\/","title":{"rendered":"Bilgi Canavar\u0131: Diziler"},"content":{"rendered":"<p>Bilgi Canavar\u0131\u2019n\u0131n do\u011fum g\u00fcn\u00fc partisine davetlisin!Bug\u00fcn benzerleri e\u015fle\u015ftirip dizileri \u00f6\u011frenece\u011fiz.Canavar seninle oynamak i\u00e7in sab\u0131rs\u0131zlan\u0131yor!<\/p>\n","protected":false},"excerpt":{"rendered":"<p>Bilgi Canavar\u0131\u2019n\u0131n do\u011fum g\u00fcn\u00fc partisine davetlisin!Bug\u00fcn benzerleri e\u015fle\u015ftirip dizileri \u00f6\u011frenece\u011fiz.Canavar seninle oynamak i\u00e7in sab\u0131rs\u0131zlan\u0131yor!<\/p>\n","protected":false},"featured_media":0,"template":"","meta":{"_monsterinsights_skip_tracking":false,"_monsterinsights_sitenote_active":false,"_monsterinsights_sitenote_note":"","_monsterinsights_sitenote_category":0},"product_brand":[],"product_cat":[12274,12518],"product_tag":[],"class_list":{"0":"post-707375","1":"product","2":"type-product","3":"status-publish","5":"product_cat-cocuk-ve-genclik-kitaplari","6":"product_cat-okul-oncesi-kitaplar","7":"pa_cilt-ciltsiz","8":"pa_tur-kitap","9":"pa_yayinevi-mavi-kelebek-yayinlari","10":"pa_yazar-lori-capote","12":"first","13":"instock","14":"sale","15":"shipping-taxable","16":"purchasable","17":"product-type-simple"},"_links":{"self":[{"href":"https:\/\/roveyayinevi.com.tr\/index.php\/wp-json\/wp\/v2\/product\/707375","targetHints":{"allow":["GET"]}}],"collection":[{"href":"https:\/\/roveyayinevi.com.tr\/index.php\/wp-json\/wp\/v2\/product"}],"about":[{"href":"https:\/\/roveyayinevi.com.tr\/index.php\/wp-json\/wp\/v2\/types\/product"}],"wp:attachment":[{"href":"https:\/\/roveyayinevi.com.tr\/index.php\/wp-json\/wp\/v2\/media?parent=707375"}],"wp:term":[{"taxonomy":"product_brand","embeddable":true,"href":"https:\/\/roveyayinevi.com.tr\/index.php\/wp-json\/wp\/v2\/product_brand?post=707375"},{"taxonomy":"product_cat","embeddable":true,"href":"https:\/\/roveyayinevi.com.tr\/index.php\/wp-json\/wp\/v2\/product_cat?post=707375"},{"taxonomy":"product_tag","embeddable":true,"href":"https:\/\/roveyayinevi.com.tr\/index.php\/wp-json\/wp\/v2\/product_tag?post=707375"}],"curies":[{"name":"wp","href":"https:\/\/api.w.org\/{rel}","templated":true}]}}