{"id":707373,"date":"2025-08-27T16:04:35","date_gmt":"2025-08-27T13:04:35","guid":{"rendered":"https:\/\/roveyayinevi.com.tr\/index.php\/urun\/sanatta-siyasal-soylem\/"},"modified":"2026-04-16T02:16:15","modified_gmt":"2026-04-15T23:16:15","slug":"sanatta-siyasal-soylem","status":"publish","type":"product","link":"https:\/\/roveyayinevi.com.tr\/index.php\/urun\/sanatta-siyasal-soylem\/","title":{"rendered":"Sanatta Siyasal S\u00f6ylem"},"content":{"rendered":"<p>Sanat\u0131 bir yans\u0131tma olarak kabul edersek, ger\u00e7ekte insan\u0131n, kendini, do\u011fay\u0131, ya\u015fam\u0131 anlatt\u0131\u011f\u0131n\u0131 kabul etmemiz gerekir. Oysa, sanat toplumsal ya\u015famla, do\u011fayla, \u00e7evreyle ve \u00f6zelde insanla ili\u015fkiye girerek olas\u0131 evrenler kurarak taklit olman\u0131n \u00f6tesine ge\u00e7erek yeni bir ger\u00e7eklik kurar. Bu ba\u011flamda ya\u015fam\u0131n ger\u00e7e\u011fi ile sanat\u0131n ger\u00e7e\u011fi \u00e7o\u011fu zaman \u00f6rt\u00fc\u015fmez. \u00c7\u00fcnk\u00fc sanat var olan ger\u00e7ekle yetinmez, bu nedenle de, ya\u015fama alternatif yeni ger\u00e7ekler \u00f6nerir. Bu ger\u00e7ekle sanat\u0131n genelde toplumu ama \u00f6zelde merkezine koydu\u011fu insan\u0131 d\u00f6n\u00fc\u015ft\u00fcrme \u00e7abas\u0131 ya da ya\u015fama d\u00f6n\u00fck yeni \u00fctopyalar \u00f6nerebilmesi ise onu siyasetle ili\u015fkilendirir. Sanat siyaset ili\u015fkisi bir bak\u0131ma sanat\u00e7\u0131 siyaset ili\u015fkisi ve sanat toplum ili\u015fkisi temeline dayanan bir olgudur. Bu nedenle sanat eseri bir yandan sanat\u00e7\u0131n\u0131n bireyselli\u011finin romantik yans\u0131mas\u0131 olurken, di\u011fer taraftan toplumsal sorumlulu\u011fu hisseden bireyin (sanat\u00e7\u0131n\u0131n) \u00e7a\u011f\u0131n\u0131n ger\u00e7eklerine kar\u015f\u0131 bak\u0131\u015f a\u00e7\u0131s\u0131n\u0131n yans\u0131mas\u0131 olarak kar\u015f\u0131m\u0131za \u00e7\u0131kar. Hem bireyi hem de toplumsal olan\u0131 i\u015fleyen sanat, bireysellikten yola \u00e7\u0131ksa da ayn\u0131 zamanda toplumsal \u00f6zne olan sanat\u00e7\u0131n\u0131n i\u00e7inde ya\u015fad\u0131\u011f\u0131 toplumun sosyal, k\u00fclt\u00fcrel, siyasi ya da ideolojik niteliklerini de b\u00fcnyesinde bar\u0131nd\u0131ran tasar\u0131mlar b\u00fct\u00fcn\u00fcd\u00fcr. <\/p>\n","protected":false},"excerpt":{"rendered":"<p>Sanat\u0131 bir yans\u0131tma olarak kabul edersek, ger\u00e7ekte insan\u0131n, kendini, do\u011fay\u0131, ya\u015fam\u0131 anlatt\u0131\u011f\u0131n\u0131 kabul etmemiz gerekir. Oysa, sanat toplumsal ya\u015famla, do\u011fayla, \u00e7evreyle ve \u00f6zelde insanla ili\u015fkiye girerek<span class=\"excerpt-hellip\"> [\u2026]<\/span><\/p>\n","protected":false},"featured_media":0,"template":"","meta":{"_monsterinsights_skip_tracking":false,"_monsterinsights_sitenote_active":false,"_monsterinsights_sitenote_note":"","_monsterinsights_sitenote_category":0},"product_brand":[],"product_cat":[22066,13527],"product_tag":[],"class_list":{"0":"post-707373","1":"product","2":"type-product","3":"status-publish","5":"product_cat-sanat-sureli-yayinlar","6":"product_cat-sureli-yayinlar","7":"pa_cilt-ciltsiz","8":"pa_tur-kitap","9":"pa_yayinevi-kultur-ajans-yayinlari","10":"pa_yazar-dogan-akbulut","12":"first","13":"instock","14":"sale","15":"shipping-taxable","16":"purchasable","17":"product-type-simple"},"_links":{"self":[{"href":"https:\/\/roveyayinevi.com.tr\/index.php\/wp-json\/wp\/v2\/product\/707373","targetHints":{"allow":["GET"]}}],"collection":[{"href":"https:\/\/roveyayinevi.com.tr\/index.php\/wp-json\/wp\/v2\/product"}],"about":[{"href":"https:\/\/roveyayinevi.com.tr\/index.php\/wp-json\/wp\/v2\/types\/product"}],"wp:attachment":[{"href":"https:\/\/roveyayinevi.com.tr\/index.php\/wp-json\/wp\/v2\/media?parent=707373"}],"wp:term":[{"taxonomy":"product_brand","embeddable":true,"href":"https:\/\/roveyayinevi.com.tr\/index.php\/wp-json\/wp\/v2\/product_brand?post=707373"},{"taxonomy":"product_cat","embeddable":true,"href":"https:\/\/roveyayinevi.com.tr\/index.php\/wp-json\/wp\/v2\/product_cat?post=707373"},{"taxonomy":"product_tag","embeddable":true,"href":"https:\/\/roveyayinevi.com.tr\/index.php\/wp-json\/wp\/v2\/product_tag?post=707373"}],"curies":[{"name":"wp","href":"https:\/\/api.w.org\/{rel}","templated":true}]}}