{"id":707371,"date":"2025-08-27T16:04:35","date_gmt":"2025-08-27T13:04:35","guid":{"rendered":"https:\/\/roveyayinevi.com.tr\/index.php\/urun\/hz-muhammed-fakir-miydi\/"},"modified":"2026-04-16T02:16:15","modified_gmt":"2026-04-15T23:16:15","slug":"hz-muhammed-fakir-miydi","status":"publish","type":"product","link":"https:\/\/roveyayinevi.com.tr\/index.php\/urun\/hz-muhammed-fakir-miydi\/","title":{"rendered":"Hz. Muhammed Fakir miydi?"},"content":{"rendered":"<p>Hz. Peygamberi yetim do\u011fmas\u0131, babas\u0131ndan kalan miras\u0131n miktar\u0131, s\u00fctanneleri taraf\u0131ndan kabul edilmemesi ve \u00e7obanl\u0131k yapmas\u0131 gibi durum ve geli\u015fmeler \u00fczerinden fakir olarak nitelendirmek, y\u00f6ntem ve tarih\u00ee bilgi a\u00e7\u0131s\u0131ndan do\u011fru de\u011fildir. Res\u00fblullah Mekke\u2019de k\u0131tl\u0131k ve boykot y\u0131llar\u0131 gibi s\u0131n\u0131rl\u0131 d\u00f6nemlerde fakirlik ya\u015fam\u0131\u015fsa da yapt\u0131\u011f\u0131 uluslararas\u0131 ticaret ve Hz. Hatice ile evlili\u011fi sonucunda zengin olmu\u015ftur. Kur\u2019\u00e2n da bunu teyit eder: \u201cSeni fakirken zengin yapmad\u0131k m\u0131?\u201d Hicretin ilk y\u0131llar\u0131nda Hz. Peygamber fakirlik ya\u015fam\u0131\u015ft\u0131r. Ancak Peygamberimiz besledi\u011fi hayvanlar, gelen hediyeler ve ganimetler, \u00f6zellikle de yapt\u0131\u011f\u0131 ticaret sayesinde zenginle\u015fmi\u015ftir. \u00c7ok \u00e7ocuklu kalabal\u0131k bir aileyi ge\u00e7indirmesi, \u00e7ok say\u0131da yetim ve fakirin bak\u0131m\u0131n\u0131 \u00fcstlenmesi, k\u00f6le azat etmesi, Ash\u00e2b-\u0131 Suffe\u2019nin giderlerinin bir k\u0131sm\u0131n\u0131 kar\u015f\u0131lamas\u0131, heyet a\u011f\u0131rlamas\u0131 ve en yak\u0131n arkada\u015flar\u0131n\u0131n \u00e7ok zengin olmas\u0131, onun zenginli\u011finin g\u00f6stergeleridir. Hz. Peygamberin varl\u0131kl\u0131 olmakla birlikte al\u00e7akg\u00f6n\u00fcll\u00fc ve sade bir hayat ya\u015famas\u0131, yanl\u0131\u015f bir y\u00f6ntem ve bilgi eksikli\u011fi neticesinde onun fakirli\u011fine yorumlanm\u0131\u015ft\u0131r. <\/p>\n","protected":false},"excerpt":{"rendered":"<p>Hz. Peygamberi yetim do\u011fmas\u0131, babas\u0131ndan kalan miras\u0131n miktar\u0131, s\u00fctanneleri taraf\u0131ndan kabul edilmemesi ve \u00e7obanl\u0131k yapmas\u0131 gibi durum ve geli\u015fmeler \u00fczerinden fakir olarak nitelendirmek, y\u00f6ntem ve tarih\u00ee<span class=\"excerpt-hellip\"> [\u2026]<\/span><\/p>\n","protected":false},"featured_media":0,"template":"","meta":{"_monsterinsights_skip_tracking":false,"_monsterinsights_sitenote_active":false,"_monsterinsights_sitenote_note":"","_monsterinsights_sitenote_category":0},"product_brand":[],"product_cat":[12718,12719],"product_tag":[],"class_list":{"0":"post-707371","1":"product","2":"type-product","3":"status-publish","5":"product_cat-din","6":"product_cat-islam","7":"pa_cilt-ciltsiz","8":"pa_tur-kitap","9":"pa_yayinevi-liberte-yayinlari","10":"pa_yazar-mustafa-ozkan","12":"first","13":"instock","14":"sale","15":"shipping-taxable","16":"purchasable","17":"product-type-simple"},"_links":{"self":[{"href":"https:\/\/roveyayinevi.com.tr\/index.php\/wp-json\/wp\/v2\/product\/707371","targetHints":{"allow":["GET"]}}],"collection":[{"href":"https:\/\/roveyayinevi.com.tr\/index.php\/wp-json\/wp\/v2\/product"}],"about":[{"href":"https:\/\/roveyayinevi.com.tr\/index.php\/wp-json\/wp\/v2\/types\/product"}],"wp:attachment":[{"href":"https:\/\/roveyayinevi.com.tr\/index.php\/wp-json\/wp\/v2\/media?parent=707371"}],"wp:term":[{"taxonomy":"product_brand","embeddable":true,"href":"https:\/\/roveyayinevi.com.tr\/index.php\/wp-json\/wp\/v2\/product_brand?post=707371"},{"taxonomy":"product_cat","embeddable":true,"href":"https:\/\/roveyayinevi.com.tr\/index.php\/wp-json\/wp\/v2\/product_cat?post=707371"},{"taxonomy":"product_tag","embeddable":true,"href":"https:\/\/roveyayinevi.com.tr\/index.php\/wp-json\/wp\/v2\/product_tag?post=707371"}],"curies":[{"name":"wp","href":"https:\/\/api.w.org\/{rel}","templated":true}]}}