{"id":707369,"date":"2025-08-27T16:04:34","date_gmt":"2025-08-27T13:04:34","guid":{"rendered":"https:\/\/roveyayinevi.com.tr\/index.php\/urun\/ayak-oyunlari\/"},"modified":"2026-04-16T02:16:15","modified_gmt":"2026-04-15T23:16:15","slug":"ayak-oyunlari","status":"publish","type":"product","link":"https:\/\/roveyayinevi.com.tr\/index.php\/urun\/ayak-oyunlari\/","title":{"rendered":"Ayak Oyunlar\u0131"},"content":{"rendered":"<p>1981 y\u0131l\u0131nda Trabzon &#8216;da Do\u011fdu. \u0130lk, orta ve lise \u00f6\u011frenimini Bayburt&#8217;ta tamamlad\u0131.Anadolu \u00fcniversitesi E\u011fitim Fak\u00fcltesi \u0130lk\u00f6\u011fretim B\u00f6l\u00fcm\u00fc Okul \u00f6ncesi \u00f6\u011fretmenli\u011fi Program\u0131ndan 2003 Y\u0131l\u0131nda Mezun Oldu.Y\u00fcksel Lisans\u0131n\u0131, Karadeniz Teknik \u00fcniversitesi E\u011fitim Bilimleri B\u00f6l\u00fcm\u00fc, E\u011fitim Y\u00f6netimi, Tefti\u015fi, Planlamas\u0131 ve Ekonomisi Anabilim Dal\u0131nda 2011 Y\u0131l\u0131nda tamamlad\u0131.Trabzon \u00e7ukur\u00e7ay\u0131r Anaokulu ve Trabzon Mavi\u015fehir Anaokulunun kurucu m\u00fcd\u00fcrl\u00fc\u011f\u00fcn\u00fc yapt\u0131. 2012-2013 \u00f6\u011fretim y\u0131l\u0131nda KT\u00fc Fatih E\u011fitim Fak\u00fcltesi \u0130lk\u00f6\u011fretim B\u00f6l\u00fcm\u00fc Okul \u00f6ncesi \u00f6\u011fretmenli\u011fi Program\u0131nda bir d\u00f6nem uzman olarak g\u00f6rev ald\u0131. Halen Trabzon Ortahisar Erdo\u011fdu Anaokulunda okul m\u00fcd\u00fcr\u00fc olarak g\u00f6rev yapmaktad\u0131r. Evli ve 1 \u00e7ocuk annesidir.2012 y\u0131l\u0131nda yay\u0131mlam\u0131\u015f&#8221; \u015eiirler ve De\u011ferler&#8221;(3-8) adl\u0131 bir kitab\u0131 bulunmaktad\u0131r.Yarat\u0131c\u0131 \u00e7ocuklar yeti\u015ftirebilmek i\u00e7in \u00f6nce bizlerin yarat\u0131c\u0131 olmas\u0131 gerekir. Anne olarak, baba olarak, kom\u015fu ya da akraba olarak&#8230;Ama en \u00f6nemlisi de bir e\u011fitimci olarak&#8230;Bu kitapta yarat\u0131c\u0131l\u0131\u011f\u0131n\u0131 bulacaks\u0131n\u0131z. \u00e7ocuklara a\u00e7\u0131lm\u0131\u015f farkl\u0131 bir pencere, farkl\u0131 bir d\u00fcnya bulacaks\u0131n\u0131z. Sizler de saklad\u0131\u011f\u0131n\u0131z ayaklar\u0131n\u0131z\u0131 ortaya \u00e7\u0131kar\u0131p parmak oyunlar\u0131n\u0131n ayaklarla da oynanabilece\u011fini, sanat etkinliklerinin ayaklarla da yap\u0131labilece\u011fini, ayaktaki kuklalarla ne kadar e\u011flenild\u011fini bu kitapta ke\u015ffedeceksiniz. <\/p>\n","protected":false},"excerpt":{"rendered":"<p>1981 y\u0131l\u0131nda Trabzon &#8216;da Do\u011fdu. \u0130lk, orta ve lise \u00f6\u011frenimini Bayburt&#8217;ta tamamlad\u0131.Anadolu \u00fcniversitesi E\u011fitim Fak\u00fcltesi \u0130lk\u00f6\u011fretim B\u00f6l\u00fcm\u00fc Okul \u00f6ncesi \u00f6\u011fretmenli\u011fi Program\u0131ndan 2003 Y\u0131l\u0131nda Mezun Oldu.Y\u00fcksel Lisans\u0131n\u0131,<span class=\"excerpt-hellip\"> [\u2026]<\/span><\/p>\n","protected":false},"featured_media":0,"template":"","meta":{"_monsterinsights_skip_tracking":false,"_monsterinsights_sitenote_active":false,"_monsterinsights_sitenote_note":"","_monsterinsights_sitenote_category":0},"product_brand":[],"product_cat":[12312,12304],"product_tag":[],"class_list":{"0":"post-707369","1":"product","2":"type-product","3":"status-publish","5":"product_cat-diger","6":"product_cat-tarih","7":"pa_cilt-ciltsiz","8":"pa_tur-kitap","9":"pa_yayinevi-kok-yayinevi","10":"pa_yazar-duygu-cebi-albayrak","12":"first","13":"instock","14":"sale","15":"shipping-taxable","16":"purchasable","17":"product-type-simple"},"_links":{"self":[{"href":"https:\/\/roveyayinevi.com.tr\/index.php\/wp-json\/wp\/v2\/product\/707369","targetHints":{"allow":["GET"]}}],"collection":[{"href":"https:\/\/roveyayinevi.com.tr\/index.php\/wp-json\/wp\/v2\/product"}],"about":[{"href":"https:\/\/roveyayinevi.com.tr\/index.php\/wp-json\/wp\/v2\/types\/product"}],"wp:attachment":[{"href":"https:\/\/roveyayinevi.com.tr\/index.php\/wp-json\/wp\/v2\/media?parent=707369"}],"wp:term":[{"taxonomy":"product_brand","embeddable":true,"href":"https:\/\/roveyayinevi.com.tr\/index.php\/wp-json\/wp\/v2\/product_brand?post=707369"},{"taxonomy":"product_cat","embeddable":true,"href":"https:\/\/roveyayinevi.com.tr\/index.php\/wp-json\/wp\/v2\/product_cat?post=707369"},{"taxonomy":"product_tag","embeddable":true,"href":"https:\/\/roveyayinevi.com.tr\/index.php\/wp-json\/wp\/v2\/product_tag?post=707369"}],"curies":[{"name":"wp","href":"https:\/\/api.w.org\/{rel}","templated":true}]}}