{"id":707366,"date":"2025-08-27T16:04:32","date_gmt":"2025-08-27T13:04:32","guid":{"rendered":"https:\/\/roveyayinevi.com.tr\/index.php\/urun\/sanat-tarihinin-tarihi\/"},"modified":"2026-04-16T02:16:15","modified_gmt":"2026-04-15T23:16:15","slug":"sanat-tarihinin-tarihi","status":"publish","type":"product","link":"https:\/\/roveyayinevi.com.tr\/index.php\/urun\/sanat-tarihinin-tarihi\/","title":{"rendered":"Sanat Tarihinin Tarihi"},"content":{"rendered":"<p>Sanat Tarihinin Tarihi, \u201csanat tarihinin ne oldu\u011funu, nereden do\u011fdu\u011funu, temelini olu\u015fturan fikirlerin, kurumlar\u0131n ve pratiklerin neler oldu\u011funu, bug\u00fcnk\u00fc \u015fekline nas\u0131l b\u00fcr\u00fcnd\u00fc\u011f\u00fcn\u00fc ve kulland\u0131\u011f\u0131 ele\u015ftirel y\u00f6ntemlerin neler oldu\u011funu tan\u0131mlama\u201dy\u0131 ama\u00e7l\u0131yor. Vernon Hyde Minor kitab\u0131nda \u00f6ncelikle sanat e\u011fitimi al\u0131nan bir yer olarak modern akademinin do\u011fu\u015funu ve geli\u015fimini oda\u011f\u0131na al\u0131yor; akademinin nas\u0131l g\u00fcndem yaratt\u0131\u011f\u0131n\u0131, sanat\u00e7\u0131lar\u0131 ve sanat tarih\u00e7ilerini nas\u0131l etkiledi\u011fini inceliyor. Ard\u0131ndan 19. y\u00fczy\u0131l sanat kuramlar\u0131n\u0131 ele alan Minor, \u201csanat nedir?\u201d sorusuna \u00e7a\u011flar boyu verilen yan\u0131tlar\u0131 tart\u0131\u015f\u0131yor. 20. y\u00fczy\u0131l ele\u015ftiri kuramlar\u0131n\u0131 inceledi\u011fi b\u00f6l\u00fcmdeyse yazar g\u00f6stergebilim, yap\u0131bozum, Marksizm, psikanaliz, feminist ele\u015ftiriler, \u00e7okk\u00fclt\u00fcrc\u00fcl\u00fck gibi yakla\u015f\u0131mlar\u0131 okuyucunun dikkatine sunuyor. Sanat Tarihinin Tarihi, Bat\u0131 sanat\u0131n\u0131n tarihini olu\u015fturan yarg\u0131lar\u0131n nereden geldi\u011fini, dayanaklar\u0131n\u0131n neler oldu\u011funu ve nas\u0131l sorgulanabileceklerini soran okur i\u00e7in. Vernon Hyde Minor Kent \u00dcniversitesi profes\u00f6r\u00fc ve 17.-18. y\u00fczy\u0131l \u0130talyan sanat\u0131 uzman\u0131.<\/p>\n","protected":false},"excerpt":{"rendered":"<p>Sanat Tarihinin Tarihi, \u201csanat tarihinin ne oldu\u011funu, nereden do\u011fdu\u011funu, temelini olu\u015fturan fikirlerin, kurumlar\u0131n ve pratiklerin neler oldu\u011funu, bug\u00fcnk\u00fc \u015fekline nas\u0131l b\u00fcr\u00fcnd\u00fc\u011f\u00fcn\u00fc ve kulland\u0131\u011f\u0131 ele\u015ftirel y\u00f6ntemlerin neler<span class=\"excerpt-hellip\"> [\u2026]<\/span><\/p>\n","protected":false},"featured_media":0,"template":"","meta":{"_monsterinsights_skip_tracking":false,"_monsterinsights_sitenote_active":false,"_monsterinsights_sitenote_note":"","_monsterinsights_sitenote_category":0},"product_brand":[],"product_cat":[12408,14197],"product_tag":[],"class_list":{"0":"post-707366","1":"product","2":"type-product","3":"status-publish","5":"product_cat-sanat","6":"product_cat-sanat-tarihi","7":"pa_cilt-ciltsiz","8":"pa_tur-kitap","9":"pa_yayinevi-koc-universitesi-yayinlari","10":"pa_yazar-vernon-hyde-minor","12":"first","13":"instock","14":"sale","15":"shipping-taxable","16":"purchasable","17":"product-type-simple"},"_links":{"self":[{"href":"https:\/\/roveyayinevi.com.tr\/index.php\/wp-json\/wp\/v2\/product\/707366","targetHints":{"allow":["GET"]}}],"collection":[{"href":"https:\/\/roveyayinevi.com.tr\/index.php\/wp-json\/wp\/v2\/product"}],"about":[{"href":"https:\/\/roveyayinevi.com.tr\/index.php\/wp-json\/wp\/v2\/types\/product"}],"wp:attachment":[{"href":"https:\/\/roveyayinevi.com.tr\/index.php\/wp-json\/wp\/v2\/media?parent=707366"}],"wp:term":[{"taxonomy":"product_brand","embeddable":true,"href":"https:\/\/roveyayinevi.com.tr\/index.php\/wp-json\/wp\/v2\/product_brand?post=707366"},{"taxonomy":"product_cat","embeddable":true,"href":"https:\/\/roveyayinevi.com.tr\/index.php\/wp-json\/wp\/v2\/product_cat?post=707366"},{"taxonomy":"product_tag","embeddable":true,"href":"https:\/\/roveyayinevi.com.tr\/index.php\/wp-json\/wp\/v2\/product_tag?post=707366"}],"curies":[{"name":"wp","href":"https:\/\/api.w.org\/{rel}","templated":true}]}}