{"id":707362,"date":"2025-08-27T16:04:31","date_gmt":"2025-08-27T13:04:31","guid":{"rendered":"https:\/\/roveyayinevi.com.tr\/index.php\/urun\/temel-ekonomi\/"},"modified":"2026-04-16T02:16:15","modified_gmt":"2026-04-15T23:16:15","slug":"temel-ekonomi","status":"publish","type":"product","link":"https:\/\/roveyayinevi.com.tr\/index.php\/urun\/temel-ekonomi\/","title":{"rendered":"Temel Ekonomi"},"content":{"rendered":"<p>James Gwartney, Richard L. Stroup, Dwight R. Lee ve Tawni H. Ferrarini hayatta olan d\u00f6rt \u00f6nemli ekonomisttir. Bu kitapta onlar bize ekonomik anlay\u0131\u015f\u0131n, g\u00fcn\u00fcm\u00fcz toplumlar\u0131n\u0131n hayatlar\u0131nda ni\u00e7in temel bir i\u015fleve sahip oldu\u011funu anlat\u0131rlar. Ekonomik s\u00fcre\u00e7ler, insanlar\u0131n kendilerine ve ya\u015fad\u0131klar\u0131 topluma kar\u015f\u0131 sorumluluklar\u0131n\u0131 geli\u015ftirmelerine katk\u0131 sa\u011flar.Yazarlar arz-talep, m\u00fclkiyet, ticaret ve di\u011fer meselelerdeki temel ilkeleri, olduk\u00e7a g\u00fc\u00e7l\u00fc ve a\u00e7\u0131k bir dille, teknik ve imal\u0131 anlat\u0131mdan ka\u00e7\u0131narak a\u00e7\u0131kl\u0131\u011fa kavu\u015fturmaktad\u0131r.Temel Ekonomi serbest ticaretin, vergilerin ve kamu harcamalar\u0131n\u0131n hayat\u0131m\u0131zdaki yerini, ni\u00e7in bu \u015fekilde oldu\u011funu, bireylerin ve toplumlar\u0131n geli\u015fimine etkilerini sade bir anlat\u0131mla ortaya koyar. <\/p>\n","protected":false},"excerpt":{"rendered":"<p>James Gwartney, Richard L. Stroup, Dwight R. Lee ve Tawni H. Ferrarini hayatta olan d\u00f6rt \u00f6nemli ekonomisttir. Bu kitapta onlar bize ekonomik anlay\u0131\u015f\u0131n, g\u00fcn\u00fcm\u00fcz toplumlar\u0131n\u0131n hayatlar\u0131nda<span class=\"excerpt-hellip\"> [\u2026]<\/span><\/p>\n","protected":false},"featured_media":0,"template":"","meta":{"_monsterinsights_skip_tracking":false,"_monsterinsights_sitenote_active":false,"_monsterinsights_sitenote_note":"","_monsterinsights_sitenote_category":0},"product_brand":[],"product_cat":[13043,14144],"product_tag":[],"class_list":{"0":"post-707362","1":"product","2":"type-product","3":"status-publish","5":"product_cat-ekonomi","6":"product_cat-turkiye-ekonomisi","7":"pa_cilt-ciltsiz","8":"pa_tur-kitap","9":"pa_yayinevi-liberte-yayinlari","10":"pa_yazar-richard-l-stroup","12":"first","13":"instock","14":"sale","15":"shipping-taxable","16":"purchasable","17":"product-type-simple"},"_links":{"self":[{"href":"https:\/\/roveyayinevi.com.tr\/index.php\/wp-json\/wp\/v2\/product\/707362","targetHints":{"allow":["GET"]}}],"collection":[{"href":"https:\/\/roveyayinevi.com.tr\/index.php\/wp-json\/wp\/v2\/product"}],"about":[{"href":"https:\/\/roveyayinevi.com.tr\/index.php\/wp-json\/wp\/v2\/types\/product"}],"wp:attachment":[{"href":"https:\/\/roveyayinevi.com.tr\/index.php\/wp-json\/wp\/v2\/media?parent=707362"}],"wp:term":[{"taxonomy":"product_brand","embeddable":true,"href":"https:\/\/roveyayinevi.com.tr\/index.php\/wp-json\/wp\/v2\/product_brand?post=707362"},{"taxonomy":"product_cat","embeddable":true,"href":"https:\/\/roveyayinevi.com.tr\/index.php\/wp-json\/wp\/v2\/product_cat?post=707362"},{"taxonomy":"product_tag","embeddable":true,"href":"https:\/\/roveyayinevi.com.tr\/index.php\/wp-json\/wp\/v2\/product_tag?post=707362"}],"curies":[{"name":"wp","href":"https:\/\/api.w.org\/{rel}","templated":true}]}}