{"id":707361,"date":"2025-08-27T16:04:30","date_gmt":"2025-08-27T13:04:30","guid":{"rendered":"https:\/\/roveyayinevi.com.tr\/index.php\/urun\/nesneler-ve-calgilar\/"},"modified":"2026-04-16T02:16:15","modified_gmt":"2026-04-15T23:16:15","slug":"nesneler-ve-calgilar","status":"publish","type":"product","link":"https:\/\/roveyayinevi.com.tr\/index.php\/urun\/nesneler-ve-calgilar\/","title":{"rendered":"Nesneler ve \u00c7alg\u0131lar"},"content":{"rendered":"<p>Kendi kullan\u0131mlar\u0131n\u0131n d\u0131\u015f\u0131nda da kullan\u0131labilecek art\u0131k ara\u00e7-gere\u00e7lere, k\u00fc\u00e7\u00fck bi\u00e7imsel de\u011fi\u015fikliklerle ya da ba\u015fka ara\u00e7-gere\u00e7le yeni bir bi\u00e7ime d\u00f6n\u00fc\u015ft\u00fcr\u00fclerek \u00e7alg\u0131sal \u00f6zellik kazand\u0131r\u0131labilir. \u00f6\u011fretmenlerin \u00f6\u011frencileriyle birlikte de yapabilecekleri bu \u00e7alg\u0131lar, bir yandan \u00e7evremizde at\u0131l durumda olan kimi nesneleri yeniden de\u011ferlendirmelerini sa\u011flayacak; di\u011fer yandan da \u00e7ocuklar\u0131n kendi kullanacaklar\u0131 \u00e7alg\u0131 ya da ses \u00f6zelli\u011fi belirgin nesneleri k\u00fcme i\u00e7inde birlikte yapmalar\u0131n\u0131 sa\u011flayacakt\u0131r. \u00f6zetle hem \u00e7evresel duyarl\u0131l\u0131k hem de yarat\u0131c\u0131 d\u00fc\u015f\u00fcnce somutla\u015f\u0131p uygulamaya d\u00f6n\u00fc\u015ft\u00fcr\u00fclecektir. <\/p>\n","protected":false},"excerpt":{"rendered":"<p>Kendi kullan\u0131mlar\u0131n\u0131n d\u0131\u015f\u0131nda da kullan\u0131labilecek art\u0131k ara\u00e7-gere\u00e7lere, k\u00fc\u00e7\u00fck bi\u00e7imsel de\u011fi\u015fikliklerle ya da ba\u015fka ara\u00e7-gere\u00e7le yeni bir bi\u00e7ime d\u00f6n\u00fc\u015ft\u00fcr\u00fclerek \u00e7alg\u0131sal \u00f6zellik kazand\u0131r\u0131labilir. \u00f6\u011fretmenlerin \u00f6\u011frencileriyle birlikte de yapabilecekleri<span class=\"excerpt-hellip\"> [\u2026]<\/span><\/p>\n","protected":false},"featured_media":0,"template":"","meta":{"_monsterinsights_skip_tracking":false,"_monsterinsights_sitenote_active":false,"_monsterinsights_sitenote_note":"","_monsterinsights_sitenote_category":0},"product_brand":[],"product_cat":[32165,15563],"product_tag":[],"class_list":{"0":"post-707361","1":"product","2":"type-product","3":"status-publish","5":"product_cat-el-sanatlari","6":"product_cat-hobi","7":"pa_cilt-ciltsiz","8":"pa_tur-kitap","9":"pa_yayinevi-kok-yayinevi","10":"pa_yazar-ali-ozturk","12":"first","13":"instock","14":"sale","15":"shipping-taxable","16":"purchasable","17":"product-type-simple"},"_links":{"self":[{"href":"https:\/\/roveyayinevi.com.tr\/index.php\/wp-json\/wp\/v2\/product\/707361","targetHints":{"allow":["GET"]}}],"collection":[{"href":"https:\/\/roveyayinevi.com.tr\/index.php\/wp-json\/wp\/v2\/product"}],"about":[{"href":"https:\/\/roveyayinevi.com.tr\/index.php\/wp-json\/wp\/v2\/types\/product"}],"wp:attachment":[{"href":"https:\/\/roveyayinevi.com.tr\/index.php\/wp-json\/wp\/v2\/media?parent=707361"}],"wp:term":[{"taxonomy":"product_brand","embeddable":true,"href":"https:\/\/roveyayinevi.com.tr\/index.php\/wp-json\/wp\/v2\/product_brand?post=707361"},{"taxonomy":"product_cat","embeddable":true,"href":"https:\/\/roveyayinevi.com.tr\/index.php\/wp-json\/wp\/v2\/product_cat?post=707361"},{"taxonomy":"product_tag","embeddable":true,"href":"https:\/\/roveyayinevi.com.tr\/index.php\/wp-json\/wp\/v2\/product_tag?post=707361"}],"curies":[{"name":"wp","href":"https:\/\/api.w.org\/{rel}","templated":true}]}}