{"id":707358,"date":"2025-08-27T16:04:29","date_gmt":"2025-08-27T13:04:29","guid":{"rendered":"https:\/\/roveyayinevi.com.tr\/index.php\/urun\/cocuk-ve-iletisim\/"},"modified":"2026-04-16T02:16:14","modified_gmt":"2026-04-15T23:16:14","slug":"cocuk-ve-iletisim","status":"publish","type":"product","link":"https:\/\/roveyayinevi.com.tr\/index.php\/urun\/cocuk-ve-iletisim\/","title":{"rendered":"\u00c7ocuk ve \u0130leti\u015fim"},"content":{"rendered":"<p>Bu c\u00fcmleyi ne kadar s\u0131k kulland\u0131\u011f\u0131n\u0131z\u0131 bir d\u00fc\u015f\u00fcn\u00fcn&#8230; &#8216;Benim \u00e7ocu\u011fum&#8217; Belki de, daha ilk ba\u015ftan, kendi kendimizi \u00f6ylesine \u015fartl\u0131yoruz ki&#8230;  &#8216;Benim \u00e7ocu\u011fum k\u0131skanmaz&#8230; Benim \u00e7ocu\u011fum yalan s\u00f6ylenmez&#8230;Benim \u00e7ocu\u011fum e\u015fyalara zarar vermez &#8230;Benim \u00e7ocu\u011fum a\u015f\u0131r\u0131l\u0131klar yapmaz&#8230; Benim \u00e7ocu\u011fum \u00f6rnek bir \u00e7ocuk olacak, \u00e7\u00fcnk\u00fc&#8230; \u00e7\u00fcnk\u00fc &#8216;o&#8217; benim \u00e7ocu\u011fum!&#8217; <\/p>\n","protected":false},"excerpt":{"rendered":"<p>Bu c\u00fcmleyi ne kadar s\u0131k kulland\u0131\u011f\u0131n\u0131z\u0131 bir d\u00fc\u015f\u00fcn\u00fcn&#8230; &#8216;Benim \u00e7ocu\u011fum&#8217; Belki de, daha ilk ba\u015ftan, kendi kendimizi \u00f6ylesine \u015fartl\u0131yoruz ki&#8230; &#8216;Benim \u00e7ocu\u011fum k\u0131skanmaz&#8230; Benim \u00e7ocu\u011fum yalan<span class=\"excerpt-hellip\"> [\u2026]<\/span><\/p>\n","protected":false},"featured_media":0,"template":"","meta":{"_monsterinsights_skip_tracking":false,"_monsterinsights_sitenote_active":false,"_monsterinsights_sitenote_note":"","_monsterinsights_sitenote_category":0},"product_brand":[],"product_cat":[12831,12324],"product_tag":[],"class_list":{"0":"post-707358","1":"product","2":"type-product","3":"status-publish","5":"product_cat-aile-ve-cocuk","6":"product_cat-sosyoloji","7":"pa_cilt-ciltsiz","8":"pa_tur-kitap","9":"pa_yayinevi-kok-yayinevi","10":"pa_yazar-ilkim-oz","12":"first","13":"instock","14":"sale","15":"shipping-taxable","16":"purchasable","17":"product-type-simple"},"_links":{"self":[{"href":"https:\/\/roveyayinevi.com.tr\/index.php\/wp-json\/wp\/v2\/product\/707358","targetHints":{"allow":["GET"]}}],"collection":[{"href":"https:\/\/roveyayinevi.com.tr\/index.php\/wp-json\/wp\/v2\/product"}],"about":[{"href":"https:\/\/roveyayinevi.com.tr\/index.php\/wp-json\/wp\/v2\/types\/product"}],"wp:attachment":[{"href":"https:\/\/roveyayinevi.com.tr\/index.php\/wp-json\/wp\/v2\/media?parent=707358"}],"wp:term":[{"taxonomy":"product_brand","embeddable":true,"href":"https:\/\/roveyayinevi.com.tr\/index.php\/wp-json\/wp\/v2\/product_brand?post=707358"},{"taxonomy":"product_cat","embeddable":true,"href":"https:\/\/roveyayinevi.com.tr\/index.php\/wp-json\/wp\/v2\/product_cat?post=707358"},{"taxonomy":"product_tag","embeddable":true,"href":"https:\/\/roveyayinevi.com.tr\/index.php\/wp-json\/wp\/v2\/product_tag?post=707358"}],"curies":[{"name":"wp","href":"https:\/\/api.w.org\/{rel}","templated":true}]}}