{"id":707357,"date":"2025-08-27T16:04:28","date_gmt":"2025-08-27T13:04:28","guid":{"rendered":"https:\/\/roveyayinevi.com.tr\/index.php\/urun\/cocugun-gelisim-donemleri\/"},"modified":"2026-04-16T02:16:14","modified_gmt":"2026-04-15T23:16:14","slug":"cocugun-gelisim-donemleri","status":"publish","type":"product","link":"https:\/\/roveyayinevi.com.tr\/index.php\/urun\/cocugun-gelisim-donemleri\/","title":{"rendered":"\u00c7ocu\u011fun Geli\u015fim D\u00f6nemleri"},"content":{"rendered":"<p>\u00c7ocuk geli\u015fimi dendi\u011finde ilk akla gelen, fiziksel geli\u015fim ya da ruhsal geli\u015fim oluyor. Biz burada \u00e7ocu\u011fun \u00f6nce fiziksel daha sonra da ruhsal ve toplumsal geli\u015fimini inceleyece\u011fiz. <\/p>\n","protected":false},"excerpt":{"rendered":"<p>\u00c7ocuk geli\u015fimi dendi\u011finde ilk akla gelen, fiziksel geli\u015fim ya da ruhsal geli\u015fim oluyor. Biz burada \u00e7ocu\u011fun \u00f6nce fiziksel daha sonra da ruhsal ve toplumsal geli\u015fimini inceleyece\u011fiz.<\/p>\n","protected":false},"featured_media":0,"template":"","meta":{"_monsterinsights_skip_tracking":false,"_monsterinsights_sitenote_active":false,"_monsterinsights_sitenote_note":"","_monsterinsights_sitenote_category":0},"product_brand":[],"product_cat":[12831,12324],"product_tag":[],"class_list":{"0":"post-707357","1":"product","2":"type-product","3":"status-publish","5":"product_cat-aile-ve-cocuk","6":"product_cat-sosyoloji","7":"pa_cilt-ciltsiz","8":"pa_tur-kitap","9":"pa_yayinevi-kok-yayinevi","10":"pa_yazar-ilkim-oz","12":"first","13":"instock","14":"sale","15":"shipping-taxable","16":"purchasable","17":"product-type-simple"},"_links":{"self":[{"href":"https:\/\/roveyayinevi.com.tr\/index.php\/wp-json\/wp\/v2\/product\/707357","targetHints":{"allow":["GET"]}}],"collection":[{"href":"https:\/\/roveyayinevi.com.tr\/index.php\/wp-json\/wp\/v2\/product"}],"about":[{"href":"https:\/\/roveyayinevi.com.tr\/index.php\/wp-json\/wp\/v2\/types\/product"}],"wp:attachment":[{"href":"https:\/\/roveyayinevi.com.tr\/index.php\/wp-json\/wp\/v2\/media?parent=707357"}],"wp:term":[{"taxonomy":"product_brand","embeddable":true,"href":"https:\/\/roveyayinevi.com.tr\/index.php\/wp-json\/wp\/v2\/product_brand?post=707357"},{"taxonomy":"product_cat","embeddable":true,"href":"https:\/\/roveyayinevi.com.tr\/index.php\/wp-json\/wp\/v2\/product_cat?post=707357"},{"taxonomy":"product_tag","embeddable":true,"href":"https:\/\/roveyayinevi.com.tr\/index.php\/wp-json\/wp\/v2\/product_tag?post=707357"}],"curies":[{"name":"wp","href":"https:\/\/api.w.org\/{rel}","templated":true}]}}