{"id":707354,"date":"2025-08-27T16:04:27","date_gmt":"2025-08-27T13:04:27","guid":{"rendered":"https:\/\/roveyayinevi.com.tr\/index.php\/urun\/golge-sultan\/"},"modified":"2026-04-16T02:16:14","modified_gmt":"2026-04-15T23:16:14","slug":"golge-sultan","status":"publish","type":"product","link":"https:\/\/roveyayinevi.com.tr\/index.php\/urun\/golge-sultan\/","title":{"rendered":"G\u00f6lge Sultan"},"content":{"rendered":"<p>Esma ve Hacile. Ayn\u0131 adam\u0131n iki kar\u0131s\u0131. Birbirlerinin rakibi olmayan, ama z\u0131t iki karakter. Daha ya\u015fl\u0131 olan Esma, d\u0131\u015fa d\u00f6n\u00fck, fele\u011fin \u00e7emberinden ge\u00e7mi\u015f bir kad\u0131n; gen\u00e7 Hacile ise i\u00e7e d\u00f6n\u00fck ve edilgen ama ba\u011fl\u0131 oldu\u011fu zincirlerden kurtulmay\u0131 arzulayacak kadar tutkulu. K\u0131st\u0131r\u0131ld\u0131\u011f\u0131 d\u00fcnyadan \u00e7\u0131k\u0131p kendini bulmas\u0131n\u0131 sa\u011flayacak anahtar\u0131 hi\u00e7 ummad\u0131\u011f\u0131 biri, yan\u0131 ba\u015f\u0131ndaki Esma verecektir.Arap edebiyat\u0131n\u0131n en \u00f6nemli kad\u0131n yazarlar\u0131 aras\u0131nda g\u00f6sterilen Asiya Cebbar, bu yar\u0131 otobiyografik roman\u0131nda, \u015eehrazat mitini bir kad\u0131n dayan\u0131\u015fmas\u0131na d\u00f6n\u00fc\u015ft\u00fcrerek, Cezayir\u2019in ba\u011f\u0131ms\u0131zl\u0131k sava\u015f\u0131n\u0131 kad\u0131nlar\u0131n \u00f6zg\u00fcrle\u015fme m\u00fccadelesiyle i\u00e7 i\u00e7e \u00f6r\u00fcyor.Bir\u00e7ok kez Nobel Edebiyat \u00d6d\u00fcl\u00fc\u2019ne aday g\u00f6sterilen yazar, 2015\u2019te son bulan hayat\u0131n\u0131 kad\u0131nlar\u0131n \u00f6zg\u00fcrle\u015fmesine adad\u0131. Yazar\u0131n \u00fcslubunu ve karakterini en g\u00fc\u00e7l\u00fc bi\u00e7imde g\u00f6steren eserlerinin ba\u015f\u0131nda gelen G\u00f6lge Sultan, kad\u0131nlar\u0131n bug\u00fcn de s\u00fcren evrensel m\u00fccadelesinden etkileyici bir kesit sunuyor bizlere. \u201cAsiya Cebbar, ezilen M\u00fcsl\u00fcman kad\u0131nlar\u0131n en g\u00fc\u00e7l\u00fc sesi olmaya devam ediyor.\u201d The GuardianEsma ve Hacile. Ayn\u0131 adam\u0131n iki kar\u0131s\u0131. Birbirlerinin rakibi olmayan, ama z\u0131t iki karakter. Daha ya\u015fl\u0131 olan Esma, d\u0131\u015fa d\u00f6n\u00fck, fele\u011fin \u00e7emberinden ge\u00e7mi\u015f bir kad\u0131n; gen\u00e7 Hacile ise i\u00e7e d\u00f6n\u00fck ve edilgen ama ba\u011fl\u0131 oldu\u011fu zincirlerden kurtulmay\u0131 arzulayacak kadar tutkulu. K\u0131st\u0131r\u0131ld\u0131\u011f\u0131 d\u00fcnyadan \u00e7\u0131k\u0131p kendini bulmas\u0131n\u0131 sa\u011flayacak anahtar\u0131 hi\u00e7 ummad\u0131\u011f\u0131 biri, yan\u0131 ba\u015f\u0131ndaki Esma verecektir.Arap edebiyat\u0131n\u0131n en \u00f6nemli kad\u0131n yazarlar\u0131 aras\u0131nda g\u00f6sterilen Asiya Cebbar, bu yar\u0131 otobiyografik roman\u0131nda, \u015eehrazat mitini bir kad\u0131n dayan\u0131\u015fmas\u0131na d\u00f6n\u00fc\u015ft\u00fcrerek, Cezayir\u2019in ba\u011f\u0131ms\u0131zl\u0131k sava\u015f\u0131n\u0131 kad\u0131nlar\u0131n \u00f6zg\u00fcrle\u015fme m\u00fccadelesiyle i\u00e7 i\u00e7e \u00f6r\u00fcyor.Bir\u00e7ok kez Nobel Edebiyat \u00d6d\u00fcl\u00fc\u2019ne aday g\u00f6sterilen yazar, 2015\u2019te son bulan hayat\u0131n\u0131 kad\u0131nlar\u0131n \u00f6zg\u00fcrle\u015fmesine adad\u0131. Yazar\u0131n \u00fcslubunu ve karakterini en g\u00fc\u00e7l\u00fc bi\u00e7imde g\u00f6steren eserlerinin ba\u015f\u0131nda gelen G\u00f6lge Sultan, kad\u0131nlar\u0131n bug\u00fcn de s\u00fcren evrensel m\u00fccadelesinden etkileyici bir kesit sunuyor bizlere. \u201cAsiya Cebbar, ezilen M\u00fcsl\u00fcman kad\u0131nlar\u0131n en g\u00fc\u00e7l\u00fc sesi olmaya devam ediyor.\u201d The Guardian<\/p>\n","protected":false},"excerpt":{"rendered":"<p>Esma ve Hacile. Ayn\u0131 adam\u0131n iki kar\u0131s\u0131. Birbirlerinin rakibi olmayan, ama z\u0131t iki karakter. Daha ya\u015fl\u0131 olan Esma, d\u0131\u015fa d\u00f6n\u00fck, fele\u011fin \u00e7emberinden ge\u00e7mi\u015f bir kad\u0131n; gen\u00e7<span class=\"excerpt-hellip\"> [\u2026]<\/span><\/p>\n","protected":false},"featured_media":0,"template":"","meta":{"_monsterinsights_skip_tracking":false,"_monsterinsights_sitenote_active":false,"_monsterinsights_sitenote_note":"","_monsterinsights_sitenote_category":0},"product_brand":[],"product_cat":[12291,12711],"product_tag":[],"class_list":{"0":"post-707354","1":"product","2":"type-product","3":"status-publish","5":"product_cat-edebiyat","6":"product_cat-roman-oyku","7":"pa_cilt-ciltsiz","8":"pa_tur-kitap","9":"pa_yayinevi-kirmizi-kedi-yayinevi","10":"pa_yazar-asiya-cabbar","12":"first","13":"instock","14":"sale","15":"shipping-taxable","16":"purchasable","17":"product-type-simple"},"_links":{"self":[{"href":"https:\/\/roveyayinevi.com.tr\/index.php\/wp-json\/wp\/v2\/product\/707354","targetHints":{"allow":["GET"]}}],"collection":[{"href":"https:\/\/roveyayinevi.com.tr\/index.php\/wp-json\/wp\/v2\/product"}],"about":[{"href":"https:\/\/roveyayinevi.com.tr\/index.php\/wp-json\/wp\/v2\/types\/product"}],"wp:attachment":[{"href":"https:\/\/roveyayinevi.com.tr\/index.php\/wp-json\/wp\/v2\/media?parent=707354"}],"wp:term":[{"taxonomy":"product_brand","embeddable":true,"href":"https:\/\/roveyayinevi.com.tr\/index.php\/wp-json\/wp\/v2\/product_brand?post=707354"},{"taxonomy":"product_cat","embeddable":true,"href":"https:\/\/roveyayinevi.com.tr\/index.php\/wp-json\/wp\/v2\/product_cat?post=707354"},{"taxonomy":"product_tag","embeddable":true,"href":"https:\/\/roveyayinevi.com.tr\/index.php\/wp-json\/wp\/v2\/product_tag?post=707354"}],"curies":[{"name":"wp","href":"https:\/\/api.w.org\/{rel}","templated":true}]}}