{"id":707353,"date":"2025-08-27T16:04:26","date_gmt":"2025-08-27T13:04:26","guid":{"rendered":"https:\/\/roveyayinevi.com.tr\/index.php\/urun\/gercek-ve-diger-yalanlar\/"},"modified":"2025-12-30T10:02:48","modified_gmt":"2025-12-30T07:02:48","slug":"gercek-ve-diger-yalanlar","status":"publish","type":"product","link":"https:\/\/roveyayinevi.com.tr\/index.php\/urun\/gercek-ve-diger-yalanlar\/","title":{"rendered":"Ger\u00e7ek ve Di\u011fer Yalanlar"},"content":{"rendered":"<p>Henry d\u00fcnyaca \u00fcnl\u00fc bir yazard\u0131r; yak\u0131\u015f\u0131kl\u0131 ve zengindir. \u00dcst\u00fcne \u00fcstl\u00fck, g\u00fczel bir kar\u0131s\u0131 vard\u0131r. Bir insan\u0131n arzulayaca\u011f\u0131 her \u015feye sahip gibidir. Ama Henry asl\u0131nda bug\u00fcne kadar incecik bir buzun \u00fczerinde y\u00fcr\u00fcm\u00fc\u015ft\u00fcr, \u00e7\u00fcnk\u00fc her \u015feyi yalanlar \u00fczerine kurulmu\u015ftur, yazarl\u0131\u011f\u0131 dahil. Bir g\u00fcn metresinin hamile oldu\u011funu \u00f6\u011frendi\u011finde, ilk defa ger\u00e7e\u011fi s\u00f6ylemeye karar verir ve hayat\u0131n\u0131n hatas\u0131n\u0131 yapar. Art\u0131k yaln\u0131zca ge\u00e7mi\u015fi de\u011fil, cinayet b\u00fcrosu da pe\u015fine d\u00fc\u015fecektir.Almanya\u2019n\u0131n k\u00fclt polisiye dizisi Tatort\u2019un senaristi ve pek \u00e7ok \u00f6d\u00fcll\u00fc tiyatro oyununun yazar\u0131 Sascha Arango\u2019nun ilk roman\u0131 Ger\u00e7ek ve Di\u011fer Yalanlar, yay\u0131mland\u0131\u011f\u0131 y\u0131l Avrupa\u2019da olay yaratt\u0131 ve 15\u2019ten fazla dile \u00e7evrildi. Aylarca Almanya\u2019da \u00e7oksatar listesinden d\u00fc\u015fmeyen roman, 2015\u2019te Fransa\u2019da y\u0131l\u0131n en iyi Polisiye \u00d6d\u00fcl\u00fc\u2019n\u00fc (Prix du polar europ\u00e9en) kazand\u0131.\u201cBir kara mizah ba\u015fyap\u0131t\u0131.\u201d Der Spiegel\u201cHer sayfay\u0131 \u2018acaba \u015fimdi ne olacak\u2019 diyerek \u00e7evireceksiniz.\u201d The New York Times Review<\/p>\n","protected":false},"excerpt":{"rendered":"<p>Henry d\u00fcnyaca \u00fcnl\u00fc bir yazard\u0131r; yak\u0131\u015f\u0131kl\u0131 ve zengindir. \u00dcst\u00fcne \u00fcstl\u00fck, g\u00fczel bir kar\u0131s\u0131 vard\u0131r. Bir insan\u0131n arzulayaca\u011f\u0131 her \u015feye sahip gibidir. Ama Henry asl\u0131nda bug\u00fcne kadar<span class=\"excerpt-hellip\"> [\u2026]<\/span><\/p>\n","protected":false},"featured_media":0,"template":"","meta":{"_monsterinsights_skip_tracking":false,"_monsterinsights_sitenote_active":false,"_monsterinsights_sitenote_note":"","_monsterinsights_sitenote_category":0},"product_brand":[],"product_cat":[12291,12711],"product_tag":[],"class_list":{"0":"post-707353","1":"product","2":"type-product","3":"status-publish","5":"product_cat-edebiyat","6":"product_cat-roman-oyku","7":"pa_cilt-ciltsiz","8":"pa_tur-kitap","9":"pa_yayinevi-kirmizi-kedi-yayinevi","10":"pa_yazar-sascha-arango","12":"first","13":"instock","14":"sale","15":"shipping-taxable","16":"purchasable","17":"product-type-simple"},"_links":{"self":[{"href":"https:\/\/roveyayinevi.com.tr\/index.php\/wp-json\/wp\/v2\/product\/707353","targetHints":{"allow":["GET"]}}],"collection":[{"href":"https:\/\/roveyayinevi.com.tr\/index.php\/wp-json\/wp\/v2\/product"}],"about":[{"href":"https:\/\/roveyayinevi.com.tr\/index.php\/wp-json\/wp\/v2\/types\/product"}],"wp:attachment":[{"href":"https:\/\/roveyayinevi.com.tr\/index.php\/wp-json\/wp\/v2\/media?parent=707353"}],"wp:term":[{"taxonomy":"product_brand","embeddable":true,"href":"https:\/\/roveyayinevi.com.tr\/index.php\/wp-json\/wp\/v2\/product_brand?post=707353"},{"taxonomy":"product_cat","embeddable":true,"href":"https:\/\/roveyayinevi.com.tr\/index.php\/wp-json\/wp\/v2\/product_cat?post=707353"},{"taxonomy":"product_tag","embeddable":true,"href":"https:\/\/roveyayinevi.com.tr\/index.php\/wp-json\/wp\/v2\/product_tag?post=707353"}],"curies":[{"name":"wp","href":"https:\/\/api.w.org\/{rel}","templated":true}]}}