{"id":707352,"date":"2025-08-27T16:04:26","date_gmt":"2025-08-27T13:04:26","guid":{"rendered":"https:\/\/roveyayinevi.com.tr\/index.php\/urun\/akbaba\/"},"modified":"2026-04-16T02:16:14","modified_gmt":"2026-04-15T23:16:14","slug":"akbaba","status":"publish","type":"product","link":"https:\/\/roveyayinevi.com.tr\/index.php\/urun\/akbaba\/","title":{"rendered":"Akbaba"},"content":{"rendered":"<p>\u201cKafka\u2019n\u0131n en tart\u0131\u015f\u0131lamaz erdemi, dayan\u0131lmaz durumlar yaratmas\u0131d\u0131r. Ebediyen ya\u015fayan yap\u0131tlar yaratmak i\u00e7in birka\u00e7 sat\u0131r yazmak onun i\u00e7in yeterlidir. \u00d6rne\u011fin, \u2018Hayvan, sahibinin elinden k\u0131rbac\u0131 \u00e7ekip al\u0131r ve kendisi sahibe d\u00f6n\u00fc\u015fmek i\u00e7in kendini cezaland\u0131r\u0131r ve bunun k\u0131rba\u00e7ta olu\u015fan yeni bir d\u00fc\u011f\u00fcm\u00fcn yaratt\u0131\u011f\u0131 bir yan\u0131lsamadan ba\u015fka bir \u015fey olmad\u0131\u011f\u0131n\u0131 anlayamaz.\u2019 Ya da, \u2018Tap\u0131na\u011f\u0131 leoparlar istila eder ve kadehlerden \u015farap i\u00e7erler; bu bir\u00e7ok kez tekrarlan\u0131r, sonunda ne olaca\u011f\u0131 \u00f6nceden bilinir ve tap\u0131naktaki ayinin bir par\u00e7as\u0131 haline gelir.\u2019 Kafka\u2019da esas olan \u00f6yk\u00fcn\u00fcn geli\u015fimi ya da psikolojik etki de\u011fil konunun kendisi ve ortamd\u0131r. Bu nedenle \u00f6yk\u00fcleri romanlar\u0131ndan \u00f6nceliklidir; bu nedenle de bu \u00f6yk\u00fc se\u00e7kisinin e\u015fsiz yazar\u0131n de\u011ferini tam olarak ortaya koydu\u011funu iddia etme hakk\u0131 do\u011far.\u201d- Jorge Luis Borges<\/p>\n","protected":false},"excerpt":{"rendered":"<p>\u201cKafka\u2019n\u0131n en tart\u0131\u015f\u0131lamaz erdemi, dayan\u0131lmaz durumlar yaratmas\u0131d\u0131r. Ebediyen ya\u015fayan yap\u0131tlar yaratmak i\u00e7in birka\u00e7 sat\u0131r yazmak onun i\u00e7in yeterlidir. \u00d6rne\u011fin, \u2018Hayvan, sahibinin elinden k\u0131rbac\u0131 \u00e7ekip al\u0131r ve<span class=\"excerpt-hellip\"> [\u2026]<\/span><\/p>\n","protected":false},"featured_media":0,"template":"","meta":{"_monsterinsights_skip_tracking":false,"_monsterinsights_sitenote_active":false,"_monsterinsights_sitenote_note":"","_monsterinsights_sitenote_category":0},"product_brand":[],"product_cat":[12291,12711],"product_tag":[],"class_list":{"0":"post-707352","1":"product","2":"type-product","3":"status-publish","5":"product_cat-edebiyat","6":"product_cat-roman-oyku","7":"pa_cilt-ciltsiz","8":"pa_tur-kitap","9":"pa_yayinevi-kirmizi-kedi-yayinevi","10":"pa_yazar-franz-kafka","12":"first","13":"instock","14":"sale","15":"shipping-taxable","16":"purchasable","17":"product-type-simple"},"_links":{"self":[{"href":"https:\/\/roveyayinevi.com.tr\/index.php\/wp-json\/wp\/v2\/product\/707352","targetHints":{"allow":["GET"]}}],"collection":[{"href":"https:\/\/roveyayinevi.com.tr\/index.php\/wp-json\/wp\/v2\/product"}],"about":[{"href":"https:\/\/roveyayinevi.com.tr\/index.php\/wp-json\/wp\/v2\/types\/product"}],"wp:attachment":[{"href":"https:\/\/roveyayinevi.com.tr\/index.php\/wp-json\/wp\/v2\/media?parent=707352"}],"wp:term":[{"taxonomy":"product_brand","embeddable":true,"href":"https:\/\/roveyayinevi.com.tr\/index.php\/wp-json\/wp\/v2\/product_brand?post=707352"},{"taxonomy":"product_cat","embeddable":true,"href":"https:\/\/roveyayinevi.com.tr\/index.php\/wp-json\/wp\/v2\/product_cat?post=707352"},{"taxonomy":"product_tag","embeddable":true,"href":"https:\/\/roveyayinevi.com.tr\/index.php\/wp-json\/wp\/v2\/product_tag?post=707352"}],"curies":[{"name":"wp","href":"https:\/\/api.w.org\/{rel}","templated":true}]}}