{"id":707351,"date":"2025-08-27T16:04:25","date_gmt":"2025-08-27T13:04:25","guid":{"rendered":"https:\/\/roveyayinevi.com.tr\/index.php\/urun\/fikri-ruyakaciran-ve-kabuslar-satosu\/"},"modified":"2026-04-16T02:16:14","modified_gmt":"2026-04-15T23:16:14","slug":"fikri-ruyakaciran-ve-kabuslar-satosu","status":"publish","type":"product","link":"https:\/\/roveyayinevi.com.tr\/index.php\/urun\/fikri-ruyakaciran-ve-kabuslar-satosu\/","title":{"rendered":"Fikri R\u00fcyaka\u00e7\u0131ran ve Kabuslar \u015eatosu"},"content":{"rendered":"<p>Fikri R\u00fcyaka\u00e7\u0131ran eskiden hi\u00e7 r\u00fcya g\u00f6remiyordu ancak iki y\u0131l \u00f6nce b\u00fcy\u00fck u\u011fra\u015flar ve heyecanl\u0131 bir macera sonucunda r\u00fcyalar\u0131na kavu\u015fmu\u015ftu. Hatta ge\u00e7en y\u0131l R\u00fcya G\u00f6rememe Hastal\u0131\u011f\u0131 nedeniyle r\u00fcyalar\u0131n\u0131 kaybedenlere yard\u0131m edebilmek i\u00e7in Kiki\u2019yle R\u00fcya \u00dclkesi\u2019ne yolculuk yapm\u0131\u015ft\u0131. R\u00fcya \u00dclkesi\u2019nden onlarla gelen Mantarlak ve C\u00fccejder\u2019le birlikte bir R\u00fcya Fabrikas\u0131 kurmu\u015flard\u0131. Her \u015fey t\u0131k\u0131r t\u0131k\u0131r i\u015fliyordu. Bir g\u00fcn R\u00fcya Fabrikas\u0131\u2019na giden Kiki ile Fikri\u2019yi bir s\u00fcrpriz bekliyordu. Bir h\u0131rs\u0131z vard\u0131, hem de \u00e7ok yak\u0131nlar\u0131nda!Arkada\u015flar\u0131 C\u00fccejder\u2019le h\u0131rs\u0131z\u0131 yakalamak i\u00e7in yola koyulan Fikri ve Kiki, K\u00e2buslar \u015eatosu\u2019na do\u011fru acayip bir yolculuk yapacak ve zorlu g\u00f6revleri yerine getireceklerdi.<\/p>\n","protected":false},"excerpt":{"rendered":"<p>Fikri R\u00fcyaka\u00e7\u0131ran eskiden hi\u00e7 r\u00fcya g\u00f6remiyordu ancak iki y\u0131l \u00f6nce b\u00fcy\u00fck u\u011fra\u015flar ve heyecanl\u0131 bir macera sonucunda r\u00fcyalar\u0131na kavu\u015fmu\u015ftu. Hatta ge\u00e7en y\u0131l R\u00fcya G\u00f6rememe Hastal\u0131\u011f\u0131 nedeniyle<span class=\"excerpt-hellip\"> [\u2026]<\/span><\/p>\n","protected":false},"featured_media":0,"template":"","meta":{"_monsterinsights_skip_tracking":false,"_monsterinsights_sitenote_active":false,"_monsterinsights_sitenote_note":"","_monsterinsights_sitenote_category":0},"product_brand":[],"product_cat":[12275,12274],"product_tag":[],"class_list":{"0":"post-707351","1":"product","2":"type-product","3":"status-publish","5":"product_cat-6-12-yas-kitaplari","6":"product_cat-cocuk-ve-genclik-kitaplari","7":"pa_cilt-ciltsiz","8":"pa_tur-kitap","9":"pa_yayinevi-kirmizi-kedi-yayinevi","10":"pa_yazar-su-ozdogu","12":"first","13":"instock","14":"sale","15":"shipping-taxable","16":"purchasable","17":"product-type-simple"},"_links":{"self":[{"href":"https:\/\/roveyayinevi.com.tr\/index.php\/wp-json\/wp\/v2\/product\/707351","targetHints":{"allow":["GET"]}}],"collection":[{"href":"https:\/\/roveyayinevi.com.tr\/index.php\/wp-json\/wp\/v2\/product"}],"about":[{"href":"https:\/\/roveyayinevi.com.tr\/index.php\/wp-json\/wp\/v2\/types\/product"}],"wp:attachment":[{"href":"https:\/\/roveyayinevi.com.tr\/index.php\/wp-json\/wp\/v2\/media?parent=707351"}],"wp:term":[{"taxonomy":"product_brand","embeddable":true,"href":"https:\/\/roveyayinevi.com.tr\/index.php\/wp-json\/wp\/v2\/product_brand?post=707351"},{"taxonomy":"product_cat","embeddable":true,"href":"https:\/\/roveyayinevi.com.tr\/index.php\/wp-json\/wp\/v2\/product_cat?post=707351"},{"taxonomy":"product_tag","embeddable":true,"href":"https:\/\/roveyayinevi.com.tr\/index.php\/wp-json\/wp\/v2\/product_tag?post=707351"}],"curies":[{"name":"wp","href":"https:\/\/api.w.org\/{rel}","templated":true}]}}