{"id":707350,"date":"2025-08-27T16:04:25","date_gmt":"2025-08-27T13:04:25","guid":{"rendered":"https:\/\/roveyayinevi.com.tr\/index.php\/urun\/hayalet-kosucu\/"},"modified":"2026-04-16T02:16:14","modified_gmt":"2026-04-15T23:16:14","slug":"hayalet-kosucu","status":"publish","type":"product","link":"https:\/\/roveyayinevi.com.tr\/index.php\/urun\/hayalet-kosucu\/","title":{"rendered":"Hayalet Ko\u015fucu"},"content":{"rendered":"<p>Kahire, 2002. Ge\u00e7mi\u015fin hayaletleri Makana\u2019n\u0131n pe\u015fini b\u0131rakmamaktad\u0131r. Gen\u00e7 bir k\u0131z\u0131n trajik \u00f6l\u00fcm\u00fc onu M\u0131s\u0131r\u2019\u0131n \u00f6l\u00fcler \u015fehrine, Gabar El-Mevta\u2019ya g\u00f6t\u00fcr\u00fcr. Makana\u2019n\u0131n gelmesiyle ba\u015flayan vah\u015fi cinayetler, \u015f\u00fcpheleri onun \u00fczerinde toplam\u0131\u015ft\u0131r. Kime g\u00fcvenebilece\u011fini bilemeden ara\u015ft\u0131rmalar\u0131na devam eden Makana, i\u00e7e kapal\u0131 ya\u015fayan yerel halk\u0131n \u00e7ok eskilere dayanan bir s\u0131rr\u0131n\u0131 da ortaya \u00e7\u0131karacakt\u0131r.\u00dcnl\u00fc Sudanl\u0131 yazar Jamal Mahjoub, Parker Bilal mahlas\u0131yla yazd\u0131\u011f\u0131 Makana serisinin \u00fc\u00e7\u00fcnc\u00fc kitab\u0131nda, 11 Eyl\u00fcl sonras\u0131nda M\u0131s\u0131r\u2019da ya\u015fananlar\u0131 ve istihbarat te\u015fkilatlar\u0131n\u0131n ter\u00f6rle m\u00fccadele ad\u0131 alt\u0131nda nas\u0131l da ikiy\u00fczl\u00fc hareket ettiklerini anlat\u0131rken, \u00fclkemizin de kanayan yaralar\u0131ndan olan namus cinayetlerine ve kad\u0131nlar\u0131n ya\u015fad\u0131\u011f\u0131 vah\u015fete dikkati \u00e7ekiyor. Do\u011fulu polisiye yazarlar\u0131n\u0131n en iyilerinden olan Parker Bilal\u2019in romanlar\u0131 ve kahraman\u0131 Makana, k\u0131sa zamanda kendi okurunu yaratt\u0131.\u201cMakana\u2019n\u0131n bazen keskin zek\u00e2s\u0131, bazen melankolik ruh haliyle yapt\u0131\u011f\u0131 g\u00f6zlemler hem Kahire\u2019ye hem de Siva\u2019ya hayat veriyor. Bilal, grotesk su\u00e7lar\u0131 incelikle ele al\u0131rken kan ve vah\u015fet yerine k\u00fclt\u00fcr\u00fc ve karakterleri \u00f6n plana \u00e7\u0131kar\u0131yor. Makana serisinin bu \u00fc\u00e7\u00fcnc\u00fc kitab\u0131 edebi bir cevher.\u201d \u2014 Booklist<\/p>\n","protected":false},"excerpt":{"rendered":"<p>Kahire, 2002. Ge\u00e7mi\u015fin hayaletleri Makana\u2019n\u0131n pe\u015fini b\u0131rakmamaktad\u0131r. Gen\u00e7 bir k\u0131z\u0131n trajik \u00f6l\u00fcm\u00fc onu M\u0131s\u0131r\u2019\u0131n \u00f6l\u00fcler \u015fehrine, Gabar El-Mevta\u2019ya g\u00f6t\u00fcr\u00fcr. Makana\u2019n\u0131n gelmesiyle ba\u015flayan vah\u015fi cinayetler, \u015f\u00fcpheleri onun<span class=\"excerpt-hellip\"> [\u2026]<\/span><\/p>\n","protected":false},"featured_media":0,"template":"","meta":{"_monsterinsights_skip_tracking":false,"_monsterinsights_sitenote_active":false,"_monsterinsights_sitenote_note":"","_monsterinsights_sitenote_category":0},"product_brand":[],"product_cat":[12291,12711],"product_tag":[],"class_list":{"0":"post-707350","1":"product","2":"type-product","3":"status-publish","5":"product_cat-edebiyat","6":"product_cat-roman-oyku","7":"pa_cilt-ciltsiz","8":"pa_tur-kitap","9":"pa_yayinevi-kirmizi-kedi-yayinevi","10":"pa_yazar-parker-bilal","12":"first","13":"instock","14":"sale","15":"shipping-taxable","16":"purchasable","17":"product-type-simple"},"_links":{"self":[{"href":"https:\/\/roveyayinevi.com.tr\/index.php\/wp-json\/wp\/v2\/product\/707350","targetHints":{"allow":["GET"]}}],"collection":[{"href":"https:\/\/roveyayinevi.com.tr\/index.php\/wp-json\/wp\/v2\/product"}],"about":[{"href":"https:\/\/roveyayinevi.com.tr\/index.php\/wp-json\/wp\/v2\/types\/product"}],"wp:attachment":[{"href":"https:\/\/roveyayinevi.com.tr\/index.php\/wp-json\/wp\/v2\/media?parent=707350"}],"wp:term":[{"taxonomy":"product_brand","embeddable":true,"href":"https:\/\/roveyayinevi.com.tr\/index.php\/wp-json\/wp\/v2\/product_brand?post=707350"},{"taxonomy":"product_cat","embeddable":true,"href":"https:\/\/roveyayinevi.com.tr\/index.php\/wp-json\/wp\/v2\/product_cat?post=707350"},{"taxonomy":"product_tag","embeddable":true,"href":"https:\/\/roveyayinevi.com.tr\/index.php\/wp-json\/wp\/v2\/product_tag?post=707350"}],"curies":[{"name":"wp","href":"https:\/\/api.w.org\/{rel}","templated":true}]}}