{"id":707349,"date":"2025-08-27T16:04:24","date_gmt":"2025-08-27T13:04:24","guid":{"rendered":"https:\/\/roveyayinevi.com.tr\/index.php\/urun\/2000ler-siiri-antolojisi\/"},"modified":"2026-04-16T02:16:14","modified_gmt":"2026-04-15T23:16:14","slug":"2000ler-siiri-antolojisi","status":"publish","type":"product","link":"https:\/\/roveyayinevi.com.tr\/index.php\/urun\/2000ler-siiri-antolojisi\/","title":{"rendered":"2000&#8217;ler \u015eiiri Antolojisi"},"content":{"rendered":"<p>Kadim bir \u015fiir tarihini kucaklayan co\u011frafyam\u0131zda; son derece renkli, hareketli, yenilik\u00e7i modern \u015fiirin y\u00fczy\u0131la yakla\u015fan varl\u0131\u011f\u0131 d\u00fc\u015f\u00fcn\u00fcld\u00fc\u011f\u00fcnde \u201c2000&#8217;ler \u015eiiri\u201dnin, siyasal\/sosyal de\u011fi\u015fimler ve k\u0131r\u0131lma noktalar\u0131 ile T\u00fcrk \u015fiiri i\u00e7in bir d\u00f6neme\u00e7 oldu\u011funu s\u00f6yleyebiliriz. Bir \u201cestetik kalk\u0131\u015fma\u201dya gidilece\u011finin i\u015faretini veren, birbirine benzemeyen, farkl\u0131 kaynaklardan beslenen, dip okumalara a\u00e7\u0131k, ele\u015ftirel, politik, estetik, ki\u015fisel ve \u00e7ok y\u00f6nl\u00fc bir bak\u0131\u015f\u0131n getirdi\u011fi bu \u015fiirin b\u00f6yle bir \u00e7al\u0131\u015fma ile sunulmas\u0131 \u00f6nemli bir ihtiyaca cevap verecektir.2000&#8217;li y\u0131llarda dergi ve kitaplarla verimini ortaya koyan \u015fairlerin \u015fiirini farkl\u0131 estetik alg\u0131larla se\u00e7erek de\u011ferlendirme, inceleme ve soru\u015fturmalarla derli toplu bir bi\u00e7imde sunmay\u0131 ama\u00e7layan bu antoloji, \u201c2000&#8217;ler \u015eiiri\u201dnin do\u011fru irdelenmesini, anla\u015f\u0131lmas\u0131n\u0131, farkl\u0131 dillerde okuyucu ile bulu\u015fmas\u0131n\u0131 da sa\u011flayacakt\u0131r.Ku\u015fa\u011f\u0131n i\u00e7inden gelen, dergi \/ y\u0131ll\u0131k \u00e7al\u0131\u015fmalar\u0131ndaki nesnel yakla\u015f\u0131m\u0131yla bilinen Cenk G\u00fcndo\u011fdu taraf\u0131ndan haz\u0131rlanan bu \u00e7al\u0131\u015fma; T\u00fcrk \u015fiirinde \u00f6nemli bir yere sahip adlar\u0131n se\u00e7icili\u011finde ve sayg\u0131n kalemlerin de\u011ferlendirmeleriyle son d\u00f6nem \u015fiirdeki aray\u0131\u015f\u0131, itiraz\u0131, canl\u0131l\u0131\u011f\u0131, yenili\u011fi bir arada sunan ortak bir emektir.<\/p>\n","protected":false},"excerpt":{"rendered":"<p>Kadim bir \u015fiir tarihini kucaklayan co\u011frafyam\u0131zda; son derece renkli, hareketli, yenilik\u00e7i modern \u015fiirin y\u00fczy\u0131la yakla\u015fan varl\u0131\u011f\u0131 d\u00fc\u015f\u00fcn\u00fcld\u00fc\u011f\u00fcnde \u201c2000&#8217;ler \u015eiiri\u201dnin, siyasal\/sosyal de\u011fi\u015fimler ve k\u0131r\u0131lma noktalar\u0131 ile T\u00fcrk<span class=\"excerpt-hellip\"> [\u2026]<\/span><\/p>\n","protected":false},"featured_media":0,"template":"","meta":{"_monsterinsights_skip_tracking":false,"_monsterinsights_sitenote_active":false,"_monsterinsights_sitenote_note":"","_monsterinsights_sitenote_category":0},"product_brand":[],"product_cat":[13072,12291],"product_tag":[],"class_list":{"0":"post-707349","1":"product","2":"type-product","3":"status-publish","5":"product_cat-arastirma-inceleme-referans","6":"product_cat-edebiyat","7":"pa_cilt-ciltsiz","8":"pa_tur-kitap","9":"pa_yayinevi-kirmizi-kedi-yayinevi","10":"pa_yazar-kolektif","12":"first","13":"instock","14":"sale","15":"shipping-taxable","16":"purchasable","17":"product-type-simple"},"_links":{"self":[{"href":"https:\/\/roveyayinevi.com.tr\/index.php\/wp-json\/wp\/v2\/product\/707349","targetHints":{"allow":["GET"]}}],"collection":[{"href":"https:\/\/roveyayinevi.com.tr\/index.php\/wp-json\/wp\/v2\/product"}],"about":[{"href":"https:\/\/roveyayinevi.com.tr\/index.php\/wp-json\/wp\/v2\/types\/product"}],"wp:attachment":[{"href":"https:\/\/roveyayinevi.com.tr\/index.php\/wp-json\/wp\/v2\/media?parent=707349"}],"wp:term":[{"taxonomy":"product_brand","embeddable":true,"href":"https:\/\/roveyayinevi.com.tr\/index.php\/wp-json\/wp\/v2\/product_brand?post=707349"},{"taxonomy":"product_cat","embeddable":true,"href":"https:\/\/roveyayinevi.com.tr\/index.php\/wp-json\/wp\/v2\/product_cat?post=707349"},{"taxonomy":"product_tag","embeddable":true,"href":"https:\/\/roveyayinevi.com.tr\/index.php\/wp-json\/wp\/v2\/product_tag?post=707349"}],"curies":[{"name":"wp","href":"https:\/\/api.w.org\/{rel}","templated":true}]}}