{"id":707347,"date":"2025-08-27T16:04:23","date_gmt":"2025-08-27T13:04:23","guid":{"rendered":"https:\/\/roveyayinevi.com.tr\/index.php\/urun\/nigredo-durayazmak\/"},"modified":"2026-04-16T02:16:14","modified_gmt":"2026-04-15T23:16:14","slug":"nigredo-durayazmak","status":"publish","type":"product","link":"https:\/\/roveyayinevi.com.tr\/index.php\/urun\/nigredo-durayazmak\/","title":{"rendered":"Nigredo, Durayazmak"},"content":{"rendered":"<p>\u201cKendi zemininde bir k\u00fclliye in\u015faat\u0131na giri\u015fen, ana yap\u0131larla olmazsa olmaz ara yap\u0131lar aras\u0131 mekik dokuyarak yolcu yolunda ilerleyen ki\u015fi \u00f6rd\u00fc\u011f\u00fc, \u00f6rece\u011fi duvarlar\u0131n bak\u0131\u015flar\u0131n\u0131 her seferinde tartmak zorunda oldu\u011funu ba\u015ftan bilmelidir; hele tan\u0131d\u0131\u011f\u0131 tek kudret Helios ise: I\u015f\u0131\u011f\u0131n g\u00fcn boyu, evet gece boyu hareket d\u00fczeni onun kimi duvarlar\u0131 k\u00f6r, hangilerini pencereli, hangi penceresini nas\u0131l tasarlayaca\u011f\u0131n\u0131 belirler: Bunlar, asl\u0131nda, yaln\u0131zca nereden nereye bak\u0131laca\u011f\u0131yla s\u0131n\u0131rl\u0131 bir kayg\u0131dan kaynaklanan se\u00e7imler, \u00f6l\u00e7\u00fcler say\u0131lmaz, bir o kadar da i\u00e7\u2019in, i\u00e7erisi\u2019nin nereden\/nas\u0131l\/ne denli g\u00f6r\u00fclmesini istedi\u011fi, nereden g\u00f6r\u00fclmesini istemedi\u011fine de s\u0131k\u0131s\u0131k\u0131ya ba\u011fl\u0131d\u0131r.Nigredo, durayazmak, i\u00e7erdi\u011fi yak\u0131n tarihli vas\/ziyet metninden s\u0131n\u0131rlar\u0131, kapsama alan\u0131, rak\u0131m \u00f6l\u00e7\u00fcleri esnek, dolay\u0131s\u0131yla belirsiz gelece\u011fi i\u00e7in, bu kez bir pencereyi de\u011fil de bir kap\u0131y\u0131 aral\u0131k b\u0131rak\u0131yor. Odadan odaya, yap\u0131dan yap\u0131ya bir dolu kap\u0131 kurulmu\u015f, ge\u00e7eneklerin ve dehlizlerin \u00f6teki u\u00e7lar\u0131nda ba\u015fka kap\u0131lar, bir de, ah tabi\u00ee, a\u015fa\u011f\u0131 yukar\u0131 merdivenlere a\u00e7\u0131lanlar, kimi ard\u0131na kadar a\u00e7\u0131k, baz\u0131lar\u0131 kilitli, birinden \u00f6tekine \u00e7ilingir, anahtar destemi \u015fak\u0131rdatarak y\u00fcr\u00fcm\u00fc\u015f\u00fcm ve bu en yeni, aral\u0131k kap\u0131dan, ger\u00e7ekte epey olmu\u015f, k\u0131r\u0131k \u0131\u015f\u0131kl\u0131 bo\u015flu\u011fa ge\u00e7mi\u015fim \u2014 yerini kestiremedi\u011fim son, \u00e7\u0131k\u0131\u015f kap\u0131s\u0131na do\u011fru y\u00fcr\u00fcyorum: Kafam, ellerim dolu.\u201d<\/p>\n","protected":false},"excerpt":{"rendered":"<p>\u201cKendi zemininde bir k\u00fclliye in\u015faat\u0131na giri\u015fen, ana yap\u0131larla olmazsa olmaz ara yap\u0131lar aras\u0131 mekik dokuyarak yolcu yolunda ilerleyen ki\u015fi \u00f6rd\u00fc\u011f\u00fc, \u00f6rece\u011fi duvarlar\u0131n bak\u0131\u015flar\u0131n\u0131 her seferinde tartmak<span class=\"excerpt-hellip\"> [\u2026]<\/span><\/p>\n","protected":false},"featured_media":0,"template":"","meta":{"_monsterinsights_skip_tracking":false,"_monsterinsights_sitenote_active":false,"_monsterinsights_sitenote_note":"","_monsterinsights_sitenote_category":0},"product_brand":[],"product_cat":[18545,12291],"product_tag":[],"class_list":{"0":"post-707347","1":"product","2":"type-product","3":"status-publish","5":"product_cat-anlati","6":"product_cat-edebiyat","7":"pa_cilt-ciltsiz","8":"pa_tur-kitap","9":"pa_yayinevi-kirmizi-kedi-yayinevi","10":"pa_yazar-enis-batur","12":"first","13":"instock","14":"sale","15":"shipping-taxable","16":"purchasable","17":"product-type-simple"},"_links":{"self":[{"href":"https:\/\/roveyayinevi.com.tr\/index.php\/wp-json\/wp\/v2\/product\/707347","targetHints":{"allow":["GET"]}}],"collection":[{"href":"https:\/\/roveyayinevi.com.tr\/index.php\/wp-json\/wp\/v2\/product"}],"about":[{"href":"https:\/\/roveyayinevi.com.tr\/index.php\/wp-json\/wp\/v2\/types\/product"}],"wp:attachment":[{"href":"https:\/\/roveyayinevi.com.tr\/index.php\/wp-json\/wp\/v2\/media?parent=707347"}],"wp:term":[{"taxonomy":"product_brand","embeddable":true,"href":"https:\/\/roveyayinevi.com.tr\/index.php\/wp-json\/wp\/v2\/product_brand?post=707347"},{"taxonomy":"product_cat","embeddable":true,"href":"https:\/\/roveyayinevi.com.tr\/index.php\/wp-json\/wp\/v2\/product_cat?post=707347"},{"taxonomy":"product_tag","embeddable":true,"href":"https:\/\/roveyayinevi.com.tr\/index.php\/wp-json\/wp\/v2\/product_tag?post=707347"}],"curies":[{"name":"wp","href":"https:\/\/api.w.org\/{rel}","templated":true}]}}