{"id":707344,"date":"2025-08-27T16:04:22","date_gmt":"2025-08-27T13:04:22","guid":{"rendered":"https:\/\/roveyayinevi.com.tr\/index.php\/urun\/dort-mevsim-ormani\/"},"modified":"2026-04-16T02:16:14","modified_gmt":"2026-04-15T23:16:14","slug":"dort-mevsim-ormani","status":"publish","type":"product","link":"https:\/\/roveyayinevi.com.tr\/index.php\/urun\/dort-mevsim-ormani\/","title":{"rendered":"D\u00f6rt Mevsim Orman\u0131"},"content":{"rendered":"<p>Alya, erkek karde\u015fi Bulut ve yaramaz kedileri T\u0131rm\u0131k her ak\u015fam oldu\u011fu gibi yatma saatleri gelene kadar en sevdikleri \u015feyleri yap\u0131yorlard\u0131. Alya macera kitab\u0131n\u0131 okuyor, Bulut o renkli haritalar\u0131ndan birini \u00e7iziyordu. T\u0131rm\u0131k ise karn\u0131n\u0131 doyurmu\u015f, uyuyabilece\u011fi rahat bir yer ar\u0131yordu. Ancak birdenbire kendilerini yataklar\u0131 yerine b\u00fcy\u00fcl\u00fc bir d\u00fcnyada buldular. \u00dc\u00e7 kafadar bir yandan evlerine d\u00f6nmeye \u00e7al\u0131\u015f\u0131rken bir yandan da ne kadar g\u00fc\u00e7l\u00fc olduklar\u0131n\u0131 fark edeceklerdi. <\/p>\n","protected":false},"excerpt":{"rendered":"<p>Alya, erkek karde\u015fi Bulut ve yaramaz kedileri T\u0131rm\u0131k her ak\u015fam oldu\u011fu gibi yatma saatleri gelene kadar en sevdikleri \u015feyleri yap\u0131yorlard\u0131. Alya macera kitab\u0131n\u0131 okuyor, Bulut o<span class=\"excerpt-hellip\"> [\u2026]<\/span><\/p>\n","protected":false},"featured_media":0,"template":"","meta":{"_monsterinsights_skip_tracking":false,"_monsterinsights_sitenote_active":false,"_monsterinsights_sitenote_note":"","_monsterinsights_sitenote_category":0},"product_brand":[],"product_cat":[12275,12274],"product_tag":[],"class_list":{"0":"post-707344","1":"product","2":"type-product","3":"status-publish","5":"product_cat-6-12-yas-kitaplari","6":"product_cat-cocuk-ve-genclik-kitaplari","7":"pa_cilt-ciltsiz","8":"pa_tur-kitap","9":"pa_yayinevi-kirmizi-kedi-yayinevi","10":"pa_yazar-burcu-bahar","12":"first","13":"instock","14":"sale","15":"shipping-taxable","16":"purchasable","17":"product-type-simple"},"_links":{"self":[{"href":"https:\/\/roveyayinevi.com.tr\/index.php\/wp-json\/wp\/v2\/product\/707344","targetHints":{"allow":["GET"]}}],"collection":[{"href":"https:\/\/roveyayinevi.com.tr\/index.php\/wp-json\/wp\/v2\/product"}],"about":[{"href":"https:\/\/roveyayinevi.com.tr\/index.php\/wp-json\/wp\/v2\/types\/product"}],"wp:attachment":[{"href":"https:\/\/roveyayinevi.com.tr\/index.php\/wp-json\/wp\/v2\/media?parent=707344"}],"wp:term":[{"taxonomy":"product_brand","embeddable":true,"href":"https:\/\/roveyayinevi.com.tr\/index.php\/wp-json\/wp\/v2\/product_brand?post=707344"},{"taxonomy":"product_cat","embeddable":true,"href":"https:\/\/roveyayinevi.com.tr\/index.php\/wp-json\/wp\/v2\/product_cat?post=707344"},{"taxonomy":"product_tag","embeddable":true,"href":"https:\/\/roveyayinevi.com.tr\/index.php\/wp-json\/wp\/v2\/product_tag?post=707344"}],"curies":[{"name":"wp","href":"https:\/\/api.w.org\/{rel}","templated":true}]}}