{"id":707342,"date":"2025-08-27T16:04:21","date_gmt":"2025-08-27T13:04:21","guid":{"rendered":"https:\/\/roveyayinevi.com.tr\/index.php\/urun\/milgemin-oykusu\/"},"modified":"2026-04-16T02:16:14","modified_gmt":"2026-04-15T23:16:14","slug":"milgemin-oykusu","status":"publish","type":"product","link":"https:\/\/roveyayinevi.com.tr\/index.php\/urun\/milgemin-oykusu\/","title":{"rendered":"Milgem&#8217;in \u00d6yk\u00fcs\u00fc"},"content":{"rendered":"<p>Milgem\u2019in \u00d6yk\u00fcs\u00fc, gerek askeri tarihimiz, gerekse denizcilik tarihimiz a\u00e7\u0131s\u0131ndan e\u015fsiz bir belge.Milli Gemi-Milgem, T\u00fcrk Deniz Kuvvetleri\u2019nin ihtiya\u00e7lar\u0131n\u0131 yerli olanaklarla kar\u015f\u0131lamay\u0131 ve bu alanda d\u0131\u015fa ba\u011f\u0131ml\u0131l\u0131ktan kurtulmay\u0131 ama\u00e7layan dev bir proje. (E) Deniz Kuvvetleri Komutan\u0131 Oramiral \u00d6zden \u00d6rnek, y\u0131llara yay\u0131lan ve ilk g\u00fcn\u00fcnden karar mekanizmas\u0131nda yer ald\u0131\u011f\u0131 \u00e7al\u0131\u015fmay\u0131 ayr\u0131nt\u0131l\u0131 bi\u00e7imde anlat\u0131yor kitab\u0131nda.T\u00fcrk Silahl\u0131 Kuvvetleri a\u00e7\u0131s\u0131ndan son derece heyecan verici olan bu s\u00fcre\u00e7, planlamalar, toplant\u0131lar, tart\u0131\u015fmalar, b\u00fcrokratik \u00e7at\u0131\u015fmalar kadar, Balyoz kumpas davas\u0131n\u0131 da i\u00e7eriyor.\u00d6zden \u00d6rnek, projenin ilk somut kar\u015f\u0131l\u0131klar\u0131n\u0131 olu\u015fturan TCG Heybeliada ve TCG B\u00fcy\u00fckada\u2019n\u0131n yap\u0131m\u0131na ili\u015fkin kendi g\u00f6zlem ve de\u011ferlendirmelerini aktar\u0131rken, pek \u00e7ok komutan ve \u00e7al\u0131\u015fma arkada\u015f\u0131n\u0131n renkli an\u0131lar\u0131na da yer veriyor.\u201cMilgem Projesi, bir avu\u00e7 gen\u00e7, inan\u00e7l\u0131, y\u0131lmaz, tuttu\u011funu koparan, bilgili insan\u0131n ba\u015far\u0131s\u0131d\u0131r. Onlar\u0131n hepsine \u015f\u00fckran bor\u00e7luyuz. Onlar risk ald\u0131lar, gere\u011finden fazla sorumluluk y\u00fcklendiler ve projeyi ger\u00e7ekle\u015ftirdiler\u2026 Ba\u015far\u0131n\u0131n birinci \u015fart\u0131n\u0131n \u2018istemek\u2019 oldu\u011funu bir kez daha \u00f6\u011frendik. \u0130stersek inan\u0131lmaz i\u015fler yapabilece\u011fimizi bir kez daha hem bizler g\u00f6rd\u00fck hem de herkese g\u00f6sterdik.\u201d<\/p>\n","protected":false},"excerpt":{"rendered":"<p>Milgem\u2019in \u00d6yk\u00fcs\u00fc, gerek askeri tarihimiz, gerekse denizcilik tarihimiz a\u00e7\u0131s\u0131ndan e\u015fsiz bir belge.Milli Gemi-Milgem, T\u00fcrk Deniz Kuvvetleri\u2019nin ihtiya\u00e7lar\u0131n\u0131 yerli olanaklarla kar\u015f\u0131lamay\u0131 ve bu alanda d\u0131\u015fa ba\u011f\u0131ml\u0131l\u0131ktan kurtulmay\u0131<span class=\"excerpt-hellip\"> [\u2026]<\/span><\/p>\n","protected":false},"featured_media":0,"template":"","meta":{"_monsterinsights_skip_tracking":false,"_monsterinsights_sitenote_active":false,"_monsterinsights_sitenote_note":"","_monsterinsights_sitenote_category":0},"product_brand":[],"product_cat":[13590,12337],"product_tag":[],"class_list":{"0":"post-707342","1":"product","2":"type-product","3":"status-publish","5":"product_cat-arastirma-inceleme-politika-siyaset","6":"product_cat-politika-siyaset","7":"pa_cilt-ciltsiz","8":"pa_tur-kitap","9":"pa_yayinevi-kirmizi-kedi-yayinevi","10":"pa_yazar-ozden-ornek","12":"first","13":"instock","14":"sale","15":"shipping-taxable","16":"purchasable","17":"product-type-simple"},"_links":{"self":[{"href":"https:\/\/roveyayinevi.com.tr\/index.php\/wp-json\/wp\/v2\/product\/707342","targetHints":{"allow":["GET"]}}],"collection":[{"href":"https:\/\/roveyayinevi.com.tr\/index.php\/wp-json\/wp\/v2\/product"}],"about":[{"href":"https:\/\/roveyayinevi.com.tr\/index.php\/wp-json\/wp\/v2\/types\/product"}],"wp:attachment":[{"href":"https:\/\/roveyayinevi.com.tr\/index.php\/wp-json\/wp\/v2\/media?parent=707342"}],"wp:term":[{"taxonomy":"product_brand","embeddable":true,"href":"https:\/\/roveyayinevi.com.tr\/index.php\/wp-json\/wp\/v2\/product_brand?post=707342"},{"taxonomy":"product_cat","embeddable":true,"href":"https:\/\/roveyayinevi.com.tr\/index.php\/wp-json\/wp\/v2\/product_cat?post=707342"},{"taxonomy":"product_tag","embeddable":true,"href":"https:\/\/roveyayinevi.com.tr\/index.php\/wp-json\/wp\/v2\/product_tag?post=707342"}],"curies":[{"name":"wp","href":"https:\/\/api.w.org\/{rel}","templated":true}]}}