{"id":707341,"date":"2025-08-27T16:04:20","date_gmt":"2025-08-27T13:04:20","guid":{"rendered":"https:\/\/roveyayinevi.com.tr\/index.php\/urun\/tarihi-dusunmek\/"},"modified":"2026-04-16T02:16:14","modified_gmt":"2026-04-15T23:16:14","slug":"tarihi-dusunmek","status":"publish","type":"product","link":"https:\/\/roveyayinevi.com.tr\/index.php\/urun\/tarihi-dusunmek\/","title":{"rendered":"Tarihi D\u00fc\u015f\u00fcnmek"},"content":{"rendered":"<p>G\u00fcn\u00fcm\u00fcz\u00fcn siyasal \u00e7eki\u015fmelerinin belirleniminden uzak bir tarih yaz\u0131m\u0131, bize ihtiya\u00e7 duydu\u011fumuz toplumsal-tarihsel bak\u0131\u015f\u0131 kazand\u0131rabilecek biricik ara\u00e7 olmas\u0131 nedeniyle b\u00fcy\u00fck \u00f6nem ta\u015f\u0131yor. Tarihi D\u00fc\u015f\u00fcnmek, \u00f6ne \u00e7\u0131kard\u0131\u011f\u0131 sorulara basmakal\u0131p cevaplar verme kolayc\u0131l\u0131\u011f\u0131na d\u00fc\u015fmeyen, yak\u0131n ge\u00e7mi\u015fimize dair ilgi \u00e7ekici bir tarih kitab\u0131.Yak\u0131n\u00e7a\u011f tarihimizin ilk kanl\u0131 darbesi hangisidir?Misak-\u0131 Milli\u2019nin alt\u0131nda kimin imzas\u0131 bulunuyor?Hareket Ordusu\u2019nca bast\u0131r\u0131lan 31 Mart kalk\u0131\u015fmas\u0131, gerici bir ayaklanma m\u0131, Osmanl\u0131 modernle\u015fmesinde bir kar\u015f\u0131-devrim dura\u011f\u0131 m\u0131?Osmanl\u0131 K\u00fcrtleri, Birinci D\u00fcnya Sava\u015f\u0131 sonunda yeniden \u00e7izilen Ortado\u011fu haritas\u0131nda Frans\u0131z Suriyesi\u2019nde ya\u015famaktansa ni\u00e7in T\u00fcrkiye\u2019de kalmay\u0131 se\u00e7tiler?Halifelik, Osmanl\u0131 hanedan\u0131na asl\u0131nda nas\u0131l ve ne zaman ge\u00e7ti?Balkan Sava\u015flar\u0131\u2019n\u0131n Atat\u00fcrk, Fethi Okyar ve Enver Pa\u015fa\u2019n\u0131n ya\u015fam\u00f6yk\u00fclerindeki az bilinen rol\u00fc nedir?Osmanl\u0131 Devleti\u2019nin son y\u0131llar\u0131ndaki siyasi s\u00fcrt\u00fc\u015fmeler Cumhuriyet d\u00f6nemine nas\u0131l bir miras b\u0131rakt\u0131?Do\u00e7. Dr. Ahmet Kuya\u015f, yak\u0131n\u00e7a\u011f tarihimizde iz b\u0131rakm\u0131\u015f olaylar\u0131, birbirinden kopuk bir anlat\u0131lar dizisi olmaktan \u00e7\u0131kar\u0131p, d\u00fcnden yar\u0131na uzanan bir s\u00fcreklilik i\u00e7inde g\u00f6rmemize olanak sa\u011fl\u0131yor. Okura bug\u00fcn\u00fc daha iyi anlamas\u0131n\u0131 sa\u011flayacak b\u00fct\u00fcnl\u00fckl\u00fc bir bak\u0131\u015f a\u00e7\u0131s\u0131 kazand\u0131r\u0131rken, canl\u0131 anlat\u0131m\u0131yla kimi ayr\u0131nt\u0131lar\u0131n asl\u0131nda ne denli \u00f6nem ta\u015f\u0131d\u0131\u011f\u0131n\u0131 g\u00f6steriyor.<\/p>\n","protected":false},"excerpt":{"rendered":"<p>G\u00fcn\u00fcm\u00fcz\u00fcn siyasal \u00e7eki\u015fmelerinin belirleniminden uzak bir tarih yaz\u0131m\u0131, bize ihtiya\u00e7 duydu\u011fumuz toplumsal-tarihsel bak\u0131\u015f\u0131 kazand\u0131rabilecek biricik ara\u00e7 olmas\u0131 nedeniyle b\u00fcy\u00fck \u00f6nem ta\u015f\u0131yor. Tarihi D\u00fc\u015f\u00fcnmek, \u00f6ne \u00e7\u0131kard\u0131\u011f\u0131 sorulara<span class=\"excerpt-hellip\"> [\u2026]<\/span><\/p>\n","protected":false},"featured_media":0,"template":"","meta":{"_monsterinsights_skip_tracking":false,"_monsterinsights_sitenote_active":false,"_monsterinsights_sitenote_note":"","_monsterinsights_sitenote_category":0},"product_brand":[],"product_cat":[12312,12304],"product_tag":[],"class_list":{"0":"post-707341","1":"product","2":"type-product","3":"status-publish","5":"product_cat-diger","6":"product_cat-tarih","7":"pa_cilt-ciltsiz","8":"pa_tur-kitap","9":"pa_yayinevi-kirmizi-kedi-yayinevi","10":"pa_yazar-ahmet-kuyas","12":"first","13":"instock","14":"sale","15":"shipping-taxable","16":"purchasable","17":"product-type-simple"},"_links":{"self":[{"href":"https:\/\/roveyayinevi.com.tr\/index.php\/wp-json\/wp\/v2\/product\/707341","targetHints":{"allow":["GET"]}}],"collection":[{"href":"https:\/\/roveyayinevi.com.tr\/index.php\/wp-json\/wp\/v2\/product"}],"about":[{"href":"https:\/\/roveyayinevi.com.tr\/index.php\/wp-json\/wp\/v2\/types\/product"}],"wp:attachment":[{"href":"https:\/\/roveyayinevi.com.tr\/index.php\/wp-json\/wp\/v2\/media?parent=707341"}],"wp:term":[{"taxonomy":"product_brand","embeddable":true,"href":"https:\/\/roveyayinevi.com.tr\/index.php\/wp-json\/wp\/v2\/product_brand?post=707341"},{"taxonomy":"product_cat","embeddable":true,"href":"https:\/\/roveyayinevi.com.tr\/index.php\/wp-json\/wp\/v2\/product_cat?post=707341"},{"taxonomy":"product_tag","embeddable":true,"href":"https:\/\/roveyayinevi.com.tr\/index.php\/wp-json\/wp\/v2\/product_tag?post=707341"}],"curies":[{"name":"wp","href":"https:\/\/api.w.org\/{rel}","templated":true}]}}