{"id":707339,"date":"2025-08-27T16:04:20","date_gmt":"2025-08-27T13:04:20","guid":{"rendered":"https:\/\/roveyayinevi.com.tr\/index.php\/urun\/mehdinin-darbesi\/"},"modified":"2026-04-13T02:19:48","modified_gmt":"2026-04-12T23:19:48","slug":"mehdinin-darbesi","status":"publish","type":"product","link":"https:\/\/roveyayinevi.com.tr\/index.php\/urun\/mehdinin-darbesi\/","title":{"rendered":"Mehdi&#8217;nin Darbesi"},"content":{"rendered":"<p>\u201cCIA\u2019n\u0131n ma\u015fas\u0131 olan 78 ya\u015f\u0131ndaki meczup Fet*hullah mutlaka final yapmaya, yani intikam almaya \u00e7al\u0131\u015facakt\u0131r. Art\u0131k FE*T\u00d6 i\u00e7in s\u00fbr \u00fcflenmi\u015f, k\u0131yamet g\u00fcn\u00fc ba\u015flam\u0131\u015ft\u0131r.\u201d Deneyimli gazeteci-yazar Sabahattin \u00d6nkibar, Fet*hullah\u00e7\u0131 Ter\u00f6r \u00d6rg\u00fct\u00fc-FE*T\u00d6\u2019n\u00fcn 15 Temmuz darbe kalk\u0131\u015fmas\u0131 ekseninde, T\u00fcrkiye\u2019nin kurtulmak zorunda oldu\u011fu karanl\u0131\u011f\u0131 anlat\u0131yor. ABD-CIA destekli FE*T\u00d6\u2019n\u00fcn uzun y\u0131llara dayanan \u00f6rg\u00fctlenmesini ve siyasi iktidarlardan ald\u0131\u011f\u0131 deste\u011fi g\u00f6zler \u00f6n\u00fcne seren \u00d6nkibar, tehlikenin ge\u00e7medi\u011fini vurguluyor. 15 Temmuz\u2019un siyasi kanad\u0131, FE*T\u00d6\u2019n\u00fcn cumhurba\u015fkan\u0131 ve h\u00fck\u00fcmet \u00fcyeleri Darbe gecesi \u201cSivilleri vurun!\u201d emrini kim verdi \u201c\u00d6zal\u2019\u0131 ABD\u2019de Hocaefendi ameliyat etti\u201d diyen gazeteci kim Fet*hullah kime \u201cAllah i\u00e7in fahi\u015felik yap\u201d dedi FE*T\u00d6\u2019n\u00fcn Tayyip Erdo\u011fan\u2019\u0131 \u00f6ld\u00fcrme plan\u0131 Muhsin Yaz\u0131c\u0131o\u011flu neden \u00f6ld\u00fcr\u00fcld\u00fc Erdo\u011fan\u2019\u0131n amac\u0131 FE*T\u00d6 yerine \u00c7ET\u00d6 m\u00fc Hakan Fidan\u2019\u0131n k\u0131yamet koparacak s\u0131rlar\u0131 Kar\u0131s\u0131 FE*T\u00d6\u2019c\u00fc olup kendisi kayyum atanan eski bakan kim <\/p>\n","protected":false},"excerpt":{"rendered":"<p>\u201cCIA\u2019n\u0131n ma\u015fas\u0131 olan 78 ya\u015f\u0131ndaki meczup Fet*hullah mutlaka final yapmaya, yani intikam almaya \u00e7al\u0131\u015facakt\u0131r. Art\u0131k FE*T\u00d6 i\u00e7in s\u00fbr \u00fcflenmi\u015f, k\u0131yamet g\u00fcn\u00fc ba\u015flam\u0131\u015ft\u0131r.\u201d Deneyimli gazeteci-yazar Sabahattin \u00d6nkibar,<span class=\"excerpt-hellip\"> [\u2026]<\/span><\/p>\n","protected":false},"featured_media":0,"template":"","meta":{"_monsterinsights_skip_tracking":false,"_monsterinsights_sitenote_active":false,"_monsterinsights_sitenote_note":"","_monsterinsights_sitenote_category":0},"product_brand":[],"product_cat":[16098,12337],"product_tag":[],"class_list":{"0":"post-707339","1":"product","2":"type-product","3":"status-publish","5":"product_cat-politik-akimlar-hareketler","6":"product_cat-politika-siyaset","7":"pa_cilt-ciltsiz","8":"pa_tur-kitap","9":"pa_yayinevi-kirmizi-kedi-yayinevi","10":"pa_yazar-sabahattin-onkibar","12":"first","13":"instock","14":"sale","15":"shipping-taxable","16":"purchasable","17":"product-type-simple"},"_links":{"self":[{"href":"https:\/\/roveyayinevi.com.tr\/index.php\/wp-json\/wp\/v2\/product\/707339","targetHints":{"allow":["GET"]}}],"collection":[{"href":"https:\/\/roveyayinevi.com.tr\/index.php\/wp-json\/wp\/v2\/product"}],"about":[{"href":"https:\/\/roveyayinevi.com.tr\/index.php\/wp-json\/wp\/v2\/types\/product"}],"wp:attachment":[{"href":"https:\/\/roveyayinevi.com.tr\/index.php\/wp-json\/wp\/v2\/media?parent=707339"}],"wp:term":[{"taxonomy":"product_brand","embeddable":true,"href":"https:\/\/roveyayinevi.com.tr\/index.php\/wp-json\/wp\/v2\/product_brand?post=707339"},{"taxonomy":"product_cat","embeddable":true,"href":"https:\/\/roveyayinevi.com.tr\/index.php\/wp-json\/wp\/v2\/product_cat?post=707339"},{"taxonomy":"product_tag","embeddable":true,"href":"https:\/\/roveyayinevi.com.tr\/index.php\/wp-json\/wp\/v2\/product_tag?post=707339"}],"curies":[{"name":"wp","href":"https:\/\/api.w.org\/{rel}","templated":true}]}}