{"id":707338,"date":"2025-08-27T16:04:19","date_gmt":"2025-08-27T13:04:19","guid":{"rendered":"https:\/\/roveyayinevi.com.tr\/index.php\/urun\/reis\/"},"modified":"2026-04-16T02:16:14","modified_gmt":"2026-04-15T23:16:14","slug":"reis","status":"publish","type":"product","link":"https:\/\/roveyayinevi.com.tr\/index.php\/urun\/reis\/","title":{"rendered":"Reis"},"content":{"rendered":"<p>Reis-Gladio&#8217;nun T\u00fcrk Tetik\u00e7isi, yak\u0131n siyasi tarihimizde derin ve kanl\u0131 izler b\u0131rakm\u0131\u015f olan Abdullah \u00c7atl\u0131&#8217;n\u0131n portresi \u00e7er\u00e7evesinde geni\u015f karanl\u0131k ili\u015fkiler a\u011f\u0131n\u0131 g\u00f6zler \u00f6n\u00fcne seriyor, bir d\u00f6nemin otopsisini ger\u00e7ekle\u015ftiriyor. &#8220;Susurluk kazas\u0131&#8221;nda hayat\u0131n\u0131 kaybeden \u00c7atl\u0131&#8217;n\u0131n 12 Eyl\u00fcl \u00f6ncesindeki eylemleri, \u00dclk\u00fcc\u00fcl\u00fckten derin devlete ve uluslararas\u0131 planda Gladio&#8217;ya a\u00e7\u0131lan ba\u011flant\u0131lar\u0131, geni\u015f bir ara\u015ft\u0131rmaya dayan\u0131larak, belgelerle ortaya konuyor. 750&#8217;ye yak\u0131n ismin ge\u00e7ti\u011fi kitap, Abdullah \u00c7atl\u0131&#8217;y\u0131 \u00e7ocuklu\u011fundan itibaren anlatmakla birlikte bir biyografi olman\u0131n \u00e7ok \u00f6tesine ge\u00e7iyor. Kitap, e\u015fi Meral \u00c7atl\u0131&#8217;yla yap\u0131lan r\u00f6portaj dahil, &#8220;\u00c7atl\u0131 kimdi?&#8221; sorusuna verdi\u011fi yan\u0131tlar kadar, \u00c7atl\u0131&#8217;n\u0131n kanl\u0131 s\u00fcre\u00e7teki rol\u00fcn\u00fc belirginle\u015ftiriyor. Soner Yal\u00e7\u0131n ve Do\u011fan Yurdakul&#8217;dan T\u00fcrkiye&#8217;nin en karanl\u0131k d\u00f6nemlerine ili\u015fkin \u00e7ok net bir foto\u011fraf. &#8220;Susurluk kazas\u0131nda \u00f6len Abdullah \u00c7atl\u0131&#8217;n\u0131n ya\u015fam\u00f6yk\u00fcs\u00fc. Neler yapt\u0131, nerelerde nas\u0131l sakland\u0131, kimlerin korumas\u0131 alt\u0131na girdi? Susurluk ba\u011flant\u0131lar\u0131 ve Susurluk olay\u0131na kar\u0131\u015fanlarla ilgili belgeler, bilgiler&#8230;&#8221; -Emin \u00c7\u00f6la\u015fan- &#8220;Reis, Soner Yal\u00e7\u0131n ve Do\u011fan Yurdakul taraf\u0131ndan yaz\u0131lan ve T\u00fcrkiye&#8217;nin son 20 y\u0131ll\u0131k yak\u0131n tarihinin en \u00f6nemli referans kitaplar\u0131ndan biridir.&#8221; Sedat Ergin<\/p>\n","protected":false},"excerpt":{"rendered":"<p>Reis-Gladio&#8217;nun T\u00fcrk Tetik\u00e7isi, yak\u0131n siyasi tarihimizde derin ve kanl\u0131 izler b\u0131rakm\u0131\u015f olan Abdullah \u00c7atl\u0131&#8217;n\u0131n portresi \u00e7er\u00e7evesinde geni\u015f karanl\u0131k ili\u015fkiler a\u011f\u0131n\u0131 g\u00f6zler \u00f6n\u00fcne seriyor, bir d\u00f6nemin otopsisini<span class=\"excerpt-hellip\"> [\u2026]<\/span><\/p>\n","protected":false},"featured_media":0,"template":"","meta":{"_monsterinsights_skip_tracking":false,"_monsterinsights_sitenote_active":false,"_monsterinsights_sitenote_note":"","_monsterinsights_sitenote_category":0},"product_brand":[],"product_cat":[12337,14543],"product_tag":[],"class_list":{"0":"post-707338","1":"product","2":"type-product","3":"status-publish","5":"product_cat-politika-siyaset","6":"product_cat-turkiye-siyaseti-ve-politikasi","7":"pa_cilt-ciltsiz","8":"pa_tur-kitap","9":"pa_yayinevi-kirmizi-kedi-yayinevi","10":"pa_yazar-soner-yalcin-dogan-yurdakul","12":"first","13":"instock","14":"sale","15":"shipping-taxable","16":"purchasable","17":"product-type-simple"},"_links":{"self":[{"href":"https:\/\/roveyayinevi.com.tr\/index.php\/wp-json\/wp\/v2\/product\/707338","targetHints":{"allow":["GET"]}}],"collection":[{"href":"https:\/\/roveyayinevi.com.tr\/index.php\/wp-json\/wp\/v2\/product"}],"about":[{"href":"https:\/\/roveyayinevi.com.tr\/index.php\/wp-json\/wp\/v2\/types\/product"}],"wp:attachment":[{"href":"https:\/\/roveyayinevi.com.tr\/index.php\/wp-json\/wp\/v2\/media?parent=707338"}],"wp:term":[{"taxonomy":"product_brand","embeddable":true,"href":"https:\/\/roveyayinevi.com.tr\/index.php\/wp-json\/wp\/v2\/product_brand?post=707338"},{"taxonomy":"product_cat","embeddable":true,"href":"https:\/\/roveyayinevi.com.tr\/index.php\/wp-json\/wp\/v2\/product_cat?post=707338"},{"taxonomy":"product_tag","embeddable":true,"href":"https:\/\/roveyayinevi.com.tr\/index.php\/wp-json\/wp\/v2\/product_tag?post=707338"}],"curies":[{"name":"wp","href":"https:\/\/api.w.org\/{rel}","templated":true}]}}