{"id":707336,"date":"2025-08-27T16:04:18","date_gmt":"2025-08-27T13:04:18","guid":{"rendered":"https:\/\/roveyayinevi.com.tr\/index.php\/urun\/sessiz-isgal\/"},"modified":"2026-04-16T02:16:14","modified_gmt":"2026-04-15T23:16:14","slug":"sessiz-isgal","status":"publish","type":"product","link":"https:\/\/roveyayinevi.com.tr\/index.php\/urun\/sessiz-isgal\/","title":{"rendered":"Sessiz \u0130\u015fgal"},"content":{"rendered":"<p>Azerbaycan, Fethullah\u00e7\u0131 Ter\u00f6r \u00d6rg\u00fct\u00fc-Fet\u00f6&#8217;n\u00fcn Asya ve T\u00fcrk Cumhuriyetleri&#8217;ne a\u00e7\u0131lan ana kap\u0131s\u0131, bu nedenle de en \u00f6nemsedi\u011fi \u00fclke. Fethullah G\u00fclen, SSCB&#8217;nin da\u011f\u0131lmas\u0131n\u0131n  ard\u0131ndan &#8220;25 y\u0131l sonra Azerbaycan bizim olacak!&#8221; demi\u015f ve m\u00fcritlerine &#8220;sessiz i\u015fgale&#8221; ba\u015flamalar\u0131 talimat\u0131n\u0131 vermi\u015fti. \u00dclke \u00e7ap\u0131nda olu\u015fturulan a\u011f, t\u0131pk\u0131 T\u00fcrkiye&#8217;deki gibi okullar, vak\u0131flar ve farkl\u0131 kurumlarla g\u00fc\u00e7lendirilerek devlet y\u00f6netimine kadar yay\u0131ld\u0131.        Azerbaycan&#8217;daki Fet\u00f6 \u00f6rg\u00fctlenmesine ili\u015fkin \u00e7al\u0131\u015fmalar\u0131yla tan\u0131nan gazeteci-yazar Agil Alesger, G\u00fclen&#8217;in &#8220;25 y\u0131l meyve beklemeyin, sab\u0131rl\u0131 olun&#8221; s\u00f6z\u00fcn\u00fcn ard\u0131ndaki ger\u00e7ekleri ayd\u0131nlat\u0131yor. T\u00fcrkiye&#8217;deki 15 Temmuz darbe giri\u015fiminin ard\u0131ndan Azerbaycan&#8217;da al\u0131nan \u00f6nlemler ve Fet\u00f6&#8217;ye y\u00f6nelik olarak ba\u015flat\u0131lan soru\u015fturmalar da Alesger&#8217;in \u00e7abalar\u0131n\u0131n kar\u015f\u0131l\u0131\u011f\u0131n\u0131 olu\u015fturuyor.        Elinizdeki kitap, Fet\u00f6&#8217;n\u00fcn yaln\u0131zca T\u00fcrkiye i\u00e7in de\u011fil, b\u00f6lgemiz ve d\u00fcnya i\u00e7in de ne denli b\u00fcy\u00fck bir tehlike olu\u015fturdu\u011funu ayr\u0131nt\u0131l\u0131 bi\u00e7imde g\u00f6zler \u00f6n\u00fcne seriyor. <\/p>\n","protected":false},"excerpt":{"rendered":"<p>Azerbaycan, Fethullah\u00e7\u0131 Ter\u00f6r \u00d6rg\u00fct\u00fc-Fet\u00f6&#8217;n\u00fcn Asya ve T\u00fcrk Cumhuriyetleri&#8217;ne a\u00e7\u0131lan ana kap\u0131s\u0131, bu nedenle de en \u00f6nemsedi\u011fi \u00fclke. Fethullah G\u00fclen, SSCB&#8217;nin da\u011f\u0131lmas\u0131n\u0131n ard\u0131ndan &#8220;25 y\u0131l sonra Azerbaycan<span class=\"excerpt-hellip\"> [\u2026]<\/span><\/p>\n","protected":false},"featured_media":0,"template":"","meta":{"_monsterinsights_skip_tracking":false,"_monsterinsights_sitenote_active":false,"_monsterinsights_sitenote_note":"","_monsterinsights_sitenote_category":0},"product_brand":[],"product_cat":[12346,12337],"product_tag":[],"class_list":{"0":"post-707336","1":"product","2":"type-product","3":"status-publish","5":"product_cat-derin-siyaset-komplo-teorileri","6":"product_cat-politika-siyaset","7":"pa_tur-kitap","8":"pa_yayinevi-kirmizi-kedi-yayinevi","9":"pa_yazar-agil-alesger","11":"first","12":"instock","13":"sale","14":"shipping-taxable","15":"purchasable","16":"product-type-simple"},"_links":{"self":[{"href":"https:\/\/roveyayinevi.com.tr\/index.php\/wp-json\/wp\/v2\/product\/707336","targetHints":{"allow":["GET"]}}],"collection":[{"href":"https:\/\/roveyayinevi.com.tr\/index.php\/wp-json\/wp\/v2\/product"}],"about":[{"href":"https:\/\/roveyayinevi.com.tr\/index.php\/wp-json\/wp\/v2\/types\/product"}],"wp:attachment":[{"href":"https:\/\/roveyayinevi.com.tr\/index.php\/wp-json\/wp\/v2\/media?parent=707336"}],"wp:term":[{"taxonomy":"product_brand","embeddable":true,"href":"https:\/\/roveyayinevi.com.tr\/index.php\/wp-json\/wp\/v2\/product_brand?post=707336"},{"taxonomy":"product_cat","embeddable":true,"href":"https:\/\/roveyayinevi.com.tr\/index.php\/wp-json\/wp\/v2\/product_cat?post=707336"},{"taxonomy":"product_tag","embeddable":true,"href":"https:\/\/roveyayinevi.com.tr\/index.php\/wp-json\/wp\/v2\/product_tag?post=707336"}],"curies":[{"name":"wp","href":"https:\/\/api.w.org\/{rel}","templated":true}]}}