{"id":707332,"date":"2025-08-27T16:04:16","date_gmt":"2025-08-27T13:04:16","guid":{"rendered":"https:\/\/roveyayinevi.com.tr\/index.php\/urun\/elestirinin-sesi\/"},"modified":"2026-04-16T02:16:14","modified_gmt":"2026-04-15T23:16:14","slug":"elestirinin-sesi","status":"publish","type":"product","link":"https:\/\/roveyayinevi.com.tr\/index.php\/urun\/elestirinin-sesi\/","title":{"rendered":"Ele\u015ftirinin Sesi"},"content":{"rendered":"<p>&#8220;Edebiyat bilim olunca, art\u0131k edebiyat\u0131n gereklerini yerine getirmek zorunda kalmayacak, ama ne de olsa d\u00f6rt ba\u015f\u0131 mamur bir bilim de olamayacak. Edebiyata u\u00e7 desen, ben u\u00e7amam deveyim diyecek, ko\u015f desen, ko\u015famam ki, ben ku\u015fum diyecek: B\u00f6ylece i\u015fler kolayla\u015facak, bir t\u00fcr belge d\u00f6k\u00fcm\u00fc, r\u00f6portaj kay\u0131tlar\u0131n\u0131n aktar\u0131lmas\u0131, sosyolojik verilerin de\u011ferlendirilmesi vb. bu &#8216;bilimsel edebiyat&#8217;\u0131n malzemesi olacak ve bug\u00fcn bu i\u015flerden anlayanlarca edebiyattan say\u0131lmayan bir\u00e7ok kalem \u00e7abas\u0131, tepeden inme yoluyla kendini edebiyat olarak tescil ettirecek. B\u00f6ylece, herkes nas\u0131l reisicumhur olabiliyorsa, sanatk\u00e2r da olabilecek art\u0131k!&#8221;    F\u00fcsun Akatl\u0131 inceleme ve ele\u015ftiri olarak da nitelendirilebilecek b\u00fct\u00fcn yaz\u0131lar\u0131nda, denemeci ve felsefeci kalemini hi\u00e7 eksik etmedi. Ele\u015ftiriyi bilimsel bir etkinlik olarak g\u00f6renlerin kar\u015f\u0131s\u0131nda, onun edebi bir etkinlik oldu\u011funu savundu. Bunun yan\u0131 s\u0131ra &#8220;deneme\/ele\u015ftiri&#8221; t\u00fcr\u00fcn\u00fcn yaz\u0131n-i\u00e7i konumunu da tart\u0131\u015fmaya a\u00e7t\u0131 s\u0131k s\u0131k.   Akatl\u0131&#8217;n\u0131n yaz\u0131n ve d\u00fc\u015f\u00fcnce alan\u0131na ili\u015fkin sorunlar\u0131 birikiminin s\u00fczgecinden ge\u00e7irerek, e\u015fine az rastlan\u0131r durulukta bir ak\u0131l y\u00fcr\u00fctmeyle kaleme ald\u0131\u011f\u0131 yaz\u0131lar\u0131ndan olu\u015fan Ele\u015ftirinin Sesi, okurlara geli\u015ftirici tart\u0131\u015fma kap\u0131lar\u0131n\u0131 aral\u0131yor. <\/p>\n","protected":false},"excerpt":{"rendered":"<p>&#8220;Edebiyat bilim olunca, art\u0131k edebiyat\u0131n gereklerini yerine getirmek zorunda kalmayacak, ama ne de olsa d\u00f6rt ba\u015f\u0131 mamur bir bilim de olamayacak. Edebiyata u\u00e7 desen, ben u\u00e7amam<span class=\"excerpt-hellip\"> [\u2026]<\/span><\/p>\n","protected":false},"featured_media":0,"template":"","meta":{"_monsterinsights_skip_tracking":false,"_monsterinsights_sitenote_active":false,"_monsterinsights_sitenote_note":"","_monsterinsights_sitenote_category":0},"product_brand":[],"product_cat":[12777,12291],"product_tag":[],"class_list":{"0":"post-707332","1":"product","2":"type-product","3":"status-publish","5":"product_cat-deneme","6":"product_cat-edebiyat","7":"pa_cilt-ciltsiz","8":"pa_tur-kitap","9":"pa_yayinevi-kirmizi-kedi-yayinevi","10":"pa_yazar-fusun-akatli","12":"first","13":"instock","14":"sale","15":"shipping-taxable","16":"purchasable","17":"product-type-simple"},"_links":{"self":[{"href":"https:\/\/roveyayinevi.com.tr\/index.php\/wp-json\/wp\/v2\/product\/707332","targetHints":{"allow":["GET"]}}],"collection":[{"href":"https:\/\/roveyayinevi.com.tr\/index.php\/wp-json\/wp\/v2\/product"}],"about":[{"href":"https:\/\/roveyayinevi.com.tr\/index.php\/wp-json\/wp\/v2\/types\/product"}],"wp:attachment":[{"href":"https:\/\/roveyayinevi.com.tr\/index.php\/wp-json\/wp\/v2\/media?parent=707332"}],"wp:term":[{"taxonomy":"product_brand","embeddable":true,"href":"https:\/\/roveyayinevi.com.tr\/index.php\/wp-json\/wp\/v2\/product_brand?post=707332"},{"taxonomy":"product_cat","embeddable":true,"href":"https:\/\/roveyayinevi.com.tr\/index.php\/wp-json\/wp\/v2\/product_cat?post=707332"},{"taxonomy":"product_tag","embeddable":true,"href":"https:\/\/roveyayinevi.com.tr\/index.php\/wp-json\/wp\/v2\/product_tag?post=707332"}],"curies":[{"name":"wp","href":"https:\/\/api.w.org\/{rel}","templated":true}]}}