{"id":707331,"date":"2025-08-27T16:04:16","date_gmt":"2025-08-27T13:04:16","guid":{"rendered":"https:\/\/roveyayinevi.com.tr\/index.php\/urun\/baskalasimlar-11-20\/"},"modified":"2026-04-16T02:16:14","modified_gmt":"2026-04-15T23:16:14","slug":"baskalasimlar-11-20","status":"publish","type":"product","link":"https:\/\/roveyayinevi.com.tr\/index.php\/urun\/baskalasimlar-11-20\/","title":{"rendered":"Ba\u015fkala\u015f\u0131mlar 11-20"},"content":{"rendered":"<p>Ba\u015fkala\u015f\u0131mlar 11-20, yaz\u0131l\u0131\u015flar\u0131 a\u00e7\u0131s\u0131ndan yer yer ilk ciltteki metinlerle kesi\u015fen, gene de ezici \u00e7o\u011funlu\u011fu 1990-2000 aras\u0131nda yaz\u0131lm\u0131\u015f denemelerden derlenen bir desteyi okura sunuyor.Daha \u00f6nce ele ald\u0131\u011f\u0131 baz\u0131 izlekleri geni\u015fletiyor burada  Enis Batur; baz\u0131 yeni izleklerle ana g\u00f6vdeyi a\u00e7\u0131yor: \u201cYazar-Oyun\u201d ili\u015fkisi, \u201cBa\u015fyap\u0131t\u201d ya da \u201cTahrip\u201d gibi konular; \u201cY\u00fcr\u00fcmek\u201d, \u201cMakaslamak\u201d, \u201cSaklamak\u201d gibi fiiller tepelere ve kuytulara g\u00f6t\u00fcr\u00fcyor yazar\u0131. \u201cPerec Kullan\u0131m K\u0131lavuzu\u201d bir roman\u0131n \u00f6tesine uzanan d\u00fczorant\u0131l\u0131, sa\u011flamal\u0131, tutarl\u0131 temelleri olan bir yap\u0131 in\u015fas\u0131na d\u00f6n\u00fc\u015f\u00fcyor.Aramaktan geri durmayan, kaybolmaktan \u00fcrkmeyen, yarat\u0131c\u0131l\u0131k sorunlar\u0131n\u0131 evrensel d\u00fczlemde i\u015flemekten vazge\u00e7meyen bir bak\u0131\u015f a\u00e7\u0131s\u0131 kuruyor yazar: Birbirine mesafeli iki a\u011fa\u00e7 aras\u0131nda sab\u0131rla \u00f6r\u00fclen, dokunan, av\u0131na haz\u0131rlanan bir a\u011f.<\/p>\n","protected":false},"excerpt":{"rendered":"<p>Ba\u015fkala\u015f\u0131mlar 11-20, yaz\u0131l\u0131\u015flar\u0131 a\u00e7\u0131s\u0131ndan yer yer ilk ciltteki metinlerle kesi\u015fen, gene de ezici \u00e7o\u011funlu\u011fu 1990-2000 aras\u0131nda yaz\u0131lm\u0131\u015f denemelerden derlenen bir desteyi okura sunuyor.Daha \u00f6nce ele ald\u0131\u011f\u0131<span class=\"excerpt-hellip\"> [\u2026]<\/span><\/p>\n","protected":false},"featured_media":0,"template":"","meta":{"_monsterinsights_skip_tracking":false,"_monsterinsights_sitenote_active":false,"_monsterinsights_sitenote_note":"","_monsterinsights_sitenote_category":0},"product_brand":[],"product_cat":[12291,12292],"product_tag":[],"class_list":{"0":"post-707331","1":"product","2":"type-product","3":"status-publish","5":"product_cat-edebiyat","6":"product_cat-turk-edebiyati","7":"pa_cilt-ciltsiz","8":"pa_tur-kitap","9":"pa_yayinevi-kirmizi-kedi-yayinevi","10":"pa_yazar-enis-batur","12":"first","13":"instock","14":"sale","15":"shipping-taxable","16":"purchasable","17":"product-type-simple"},"_links":{"self":[{"href":"https:\/\/roveyayinevi.com.tr\/index.php\/wp-json\/wp\/v2\/product\/707331","targetHints":{"allow":["GET"]}}],"collection":[{"href":"https:\/\/roveyayinevi.com.tr\/index.php\/wp-json\/wp\/v2\/product"}],"about":[{"href":"https:\/\/roveyayinevi.com.tr\/index.php\/wp-json\/wp\/v2\/types\/product"}],"wp:attachment":[{"href":"https:\/\/roveyayinevi.com.tr\/index.php\/wp-json\/wp\/v2\/media?parent=707331"}],"wp:term":[{"taxonomy":"product_brand","embeddable":true,"href":"https:\/\/roveyayinevi.com.tr\/index.php\/wp-json\/wp\/v2\/product_brand?post=707331"},{"taxonomy":"product_cat","embeddable":true,"href":"https:\/\/roveyayinevi.com.tr\/index.php\/wp-json\/wp\/v2\/product_cat?post=707331"},{"taxonomy":"product_tag","embeddable":true,"href":"https:\/\/roveyayinevi.com.tr\/index.php\/wp-json\/wp\/v2\/product_tag?post=707331"}],"curies":[{"name":"wp","href":"https:\/\/api.w.org\/{rel}","templated":true}]}}