{"id":707330,"date":"2025-08-27T16:04:15","date_gmt":"2025-08-27T13:04:15","guid":{"rendered":"https:\/\/roveyayinevi.com.tr\/index.php\/urun\/bulanik-resimler\/"},"modified":"2026-04-16T02:16:14","modified_gmt":"2026-04-15T23:16:14","slug":"bulanik-resimler","status":"publish","type":"product","link":"https:\/\/roveyayinevi.com.tr\/index.php\/urun\/bulanik-resimler\/","title":{"rendered":"Bulan\u0131k Resimler"},"content":{"rendered":"<p>2006 y\u0131l\u0131nda aram\u0131zdan ayr\u0131lan edebiyat\u0131m\u0131z\u0131n \u00f6nemli ismi Muzaffer Buyruk\u00e7u&#8217;nun b\u00fct\u00fcn eserleri K\u0131rm\u0131z\u0131 Kedi&#8217;de. Sait Faik, Yunus Nadi ve Haldun Taner gibi \u00f6nemli edebiyat \u00f6d\u00fcllerini kazanan Buyruk\u00e7u&#8217;nun, i\u015f\u00e7ilerin ve i\u015fsizlerin, serserilerin ve kabaday\u0131lar\u0131n, ev kad\u0131nlar\u0131n\u0131n ve fahi\u015felerin, sakatlar\u0131n ve delilerin, toplumda ve hatta edebiyatta pek g\u00f6r\u00fcnmeyen insanlar\u0131n \u00f6yk\u00fclerini anlatmadaki ustal\u0131\u011f\u0131, yak\u0131ndan tan\u0131d\u0131\u011f\u0131 karakterleri ve \u00f6yk\u00fclerini son derece \u00f6zg\u00fcn bir \u00fcslupla kurgulamas\u0131nda yatar.     Farkl\u0131 edebiyat tekniklerini ustaca kullanan Buyruk\u00e7u, Bulan\u0131k Resimler&#8217;de ayn\u0131 ofiste \u00e7al\u0131\u015fan memurlar\u0131n g\u00fcndelik ya\u015famlar\u0131n\u0131 renkli bir dille anlat\u0131r. \u00c7o\u011funlukla tek bir mek\u00e2nda ge\u00e7en \u00f6yk\u00fcler, \u015fa\u015f\u0131rt\u0131c\u0131 bir kurguyla birbirine ba\u011flan\u0131r. Diyalog, i\u00e7 monolog ve bilin\u00e7 ak\u0131\u015f\u0131 aras\u0131nda mekik dokuyarak son derece dinamik bir bi\u00e7imde \u00f6r\u00fclen Bulan\u0131k Resimler, yo\u011fun bir erotizmden sistem ele\u015ftirisine, eski \u0130stanbul meyhanelerindeki c\u00fcmb\u00fc\u015ften tehlikeli arka sokaklara uzanarak, ger\u00e7ekle hayalin, bilin\u00e7le bilin\u00e7alt\u0131n\u0131n kendine \u00f6zg\u00fc bir bile\u015fimini yarat\u0131r.    Yap\u0131tlar\u0131nda romanla \u00f6yk\u00fc aras\u0131ndaki s\u0131n\u0131r\u0131 zorlamay\u0131 seven Buyruk\u00e7u, kendine \u00f6zg\u00fc \u00fcslubunun ilk ve en yetkin \u00f6rneklerinden birini Bulan\u0131k Resimler&#8217;de okurlar\u0131na sunmakta. <\/p>\n","protected":false},"excerpt":{"rendered":"<p>2006 y\u0131l\u0131nda aram\u0131zdan ayr\u0131lan edebiyat\u0131m\u0131z\u0131n \u00f6nemli ismi Muzaffer Buyruk\u00e7u&#8217;nun b\u00fct\u00fcn eserleri K\u0131rm\u0131z\u0131 Kedi&#8217;de. Sait Faik, Yunus Nadi ve Haldun Taner gibi \u00f6nemli edebiyat \u00f6d\u00fcllerini kazanan Buyruk\u00e7u&#8217;nun,<span class=\"excerpt-hellip\"> [\u2026]<\/span><\/p>\n","protected":false},"featured_media":0,"template":"","meta":{"_monsterinsights_skip_tracking":false,"_monsterinsights_sitenote_active":false,"_monsterinsights_sitenote_note":"","_monsterinsights_sitenote_category":0},"product_brand":[],"product_cat":[12291,12292],"product_tag":[],"class_list":{"0":"post-707330","1":"product","2":"type-product","3":"status-publish","5":"product_cat-edebiyat","6":"product_cat-turk-edebiyati","7":"pa_cilt-ciltsiz","8":"pa_tur-kitap","9":"pa_yayinevi-kirmizi-kedi-yayinevi","10":"pa_yazar-muzaffer-buyrukcu","12":"first","13":"instock","14":"sale","15":"shipping-taxable","16":"purchasable","17":"product-type-simple"},"_links":{"self":[{"href":"https:\/\/roveyayinevi.com.tr\/index.php\/wp-json\/wp\/v2\/product\/707330","targetHints":{"allow":["GET"]}}],"collection":[{"href":"https:\/\/roveyayinevi.com.tr\/index.php\/wp-json\/wp\/v2\/product"}],"about":[{"href":"https:\/\/roveyayinevi.com.tr\/index.php\/wp-json\/wp\/v2\/types\/product"}],"wp:attachment":[{"href":"https:\/\/roveyayinevi.com.tr\/index.php\/wp-json\/wp\/v2\/media?parent=707330"}],"wp:term":[{"taxonomy":"product_brand","embeddable":true,"href":"https:\/\/roveyayinevi.com.tr\/index.php\/wp-json\/wp\/v2\/product_brand?post=707330"},{"taxonomy":"product_cat","embeddable":true,"href":"https:\/\/roveyayinevi.com.tr\/index.php\/wp-json\/wp\/v2\/product_cat?post=707330"},{"taxonomy":"product_tag","embeddable":true,"href":"https:\/\/roveyayinevi.com.tr\/index.php\/wp-json\/wp\/v2\/product_tag?post=707330"}],"curies":[{"name":"wp","href":"https:\/\/api.w.org\/{rel}","templated":true}]}}