{"id":707326,"date":"2025-08-27T16:04:13","date_gmt":"2025-08-27T13:04:13","guid":{"rendered":"https:\/\/roveyayinevi.com.tr\/index.php\/urun\/eger\/"},"modified":"2026-04-16T02:16:14","modified_gmt":"2026-04-15T23:16:14","slug":"eger","status":"publish","type":"product","link":"https:\/\/roveyayinevi.com.tr\/index.php\/urun\/eger\/","title":{"rendered":"E\u011fer&#8230;"},"content":{"rendered":"<p>D\u00fcnya&#8217;n\u0131n 3,5 milyar y\u0131ll\u0131k ge\u00e7mi\u015fini yaln\u0131zca bir saate s\u0131\u011fd\u0131rabilece\u011finizi hayal edin. E\u011fer bunu yapabilseydiniz dinozorlar, o saatin 56. dakikas\u0131na kadar ortaya \u00e7\u0131kmam\u0131\u015f ve \u00e7\u0131kt\u0131klar\u0131nda da 3 dakika sonra g\u00f6zden kaybolmu\u015f olurlard\u0131. Modern insanlar (yani bizim atalar\u0131m\u0131z) saatin en sonunda, s\u00fcrenin bitmesine sadece 0,2 saniye kala g\u00f6r\u00fcn\u00fcrlerdi. D\u00fcnya Bir K\u00f6y Olsayd\u0131 adl\u0131, \u00e7ok satan kitab\u0131n yazar\u0131 David J. Smith, bu kez E\u011eER&#8230; kitab\u0131nda, \u00f6l\u00e7\u00fclemeyecek b\u00fcy\u00fckl\u00fckteki say\u0131lara -gezegenimizin ve galaksinin ola\u011fan\u00fcst\u00fc b\u00fcy\u00fckl\u00fc\u011f\u00fcnden, D\u00fcnya ve insanl\u0131k tarihine kadar- alg\u0131lanabilecek de\u011ferler kazand\u0131r\u0131rken baz\u0131 \u015fa\u015f\u0131rt\u0131c\u0131 sonu\u00e7lara da ula\u015f\u0131yor&#8230; E\u011eER G\u00fcne\u015f&#8217;in b\u00fcy\u00fckl\u00fc\u011f\u00fc bir greyfurt kadar olsayd\u0131 D\u00fcnya bir tuz tanesi kadar, en b\u00fcy\u00fck gezegen olan J\u00fcpiter de yaln\u0131zca bir bezelye b\u00fcy\u00fckl\u00fc\u011f\u00fcnde olurdu. E\u011eER yery\u00fcz\u00fcndeki b\u00fct\u00fcn sular 100 barda\u011fa doldurulabilseydi, ya\u015famam\u0131z i\u00e7in gerekli olan i\u00e7me suyunu tek bir bardak temsil ederdi. Uzay, zaman, bulu\u015flar, enerji, insanl\u0131k ve daha fazlas\u0131&#8230; E\u011fer&#8230; kitab\u0131 b\u00fcy\u00fck kavramlar\u0131 anla\u015f\u0131labilecek \u00f6l\u00e7eklerle a\u00e7\u0131klayarak okuru D\u00fcnya&#8217;y\u0131 farkl\u0131 bir bak\u0131\u015f a\u00e7\u0131s\u0131yla g\u00f6rmeye davet ediyor  <\/p>\n","protected":false},"excerpt":{"rendered":"<p>D\u00fcnya&#8217;n\u0131n 3,5 milyar y\u0131ll\u0131k ge\u00e7mi\u015fini yaln\u0131zca bir saate s\u0131\u011fd\u0131rabilece\u011finizi hayal edin. E\u011fer bunu yapabilseydiniz dinozorlar, o saatin 56. dakikas\u0131na kadar ortaya \u00e7\u0131kmam\u0131\u015f ve \u00e7\u0131kt\u0131klar\u0131nda da 3<span class=\"excerpt-hellip\"> [\u2026]<\/span><\/p>\n","protected":false},"featured_media":0,"template":"","meta":{"_monsterinsights_skip_tracking":false,"_monsterinsights_sitenote_active":false,"_monsterinsights_sitenote_note":"","_monsterinsights_sitenote_category":0},"product_brand":[],"product_cat":[12274,12631],"product_tag":[],"class_list":{"0":"post-707326","1":"product","2":"type-product","3":"status-publish","5":"product_cat-cocuk-ve-genclik-kitaplari","6":"product_cat-diger-cocuk-ve-genclik-kitaplari","7":"pa_cilt-ciltsiz","8":"pa_tur-kitap","9":"pa_yayinevi-kirmizi-kedi-yayinevi","10":"pa_yazar-david-j-smith","12":"first","13":"instock","14":"sale","15":"shipping-taxable","16":"purchasable","17":"product-type-simple"},"_links":{"self":[{"href":"https:\/\/roveyayinevi.com.tr\/index.php\/wp-json\/wp\/v2\/product\/707326","targetHints":{"allow":["GET"]}}],"collection":[{"href":"https:\/\/roveyayinevi.com.tr\/index.php\/wp-json\/wp\/v2\/product"}],"about":[{"href":"https:\/\/roveyayinevi.com.tr\/index.php\/wp-json\/wp\/v2\/types\/product"}],"wp:attachment":[{"href":"https:\/\/roveyayinevi.com.tr\/index.php\/wp-json\/wp\/v2\/media?parent=707326"}],"wp:term":[{"taxonomy":"product_brand","embeddable":true,"href":"https:\/\/roveyayinevi.com.tr\/index.php\/wp-json\/wp\/v2\/product_brand?post=707326"},{"taxonomy":"product_cat","embeddable":true,"href":"https:\/\/roveyayinevi.com.tr\/index.php\/wp-json\/wp\/v2\/product_cat?post=707326"},{"taxonomy":"product_tag","embeddable":true,"href":"https:\/\/roveyayinevi.com.tr\/index.php\/wp-json\/wp\/v2\/product_tag?post=707326"}],"curies":[{"name":"wp","href":"https:\/\/api.w.org\/{rel}","templated":true}]}}