{"id":707324,"date":"2025-08-27T16:04:12","date_gmt":"2025-08-27T13:04:12","guid":{"rendered":"https:\/\/roveyayinevi.com.tr\/index.php\/urun\/katip-bartleby-2\/"},"modified":"2026-04-16T02:16:14","modified_gmt":"2026-04-15T23:16:14","slug":"katip-bartleby-2","status":"publish","type":"product","link":"https:\/\/roveyayinevi.com.tr\/index.php\/urun\/katip-bartleby-2\/","title":{"rendered":"Katip Bartleby"},"content":{"rendered":"<p>&#8220;Melville&#8217;in engin imgeleminin \u00fcr\u00fcn\u00fc, \u015f\u00f6hretini bor\u00e7lu oldu\u011fu kahraman\u0131, Nantucket&#8217;in kaptan\u0131 Ahab, Beyaz Balina taraf\u0131ndan sakat b\u0131rak\u0131lm\u0131\u015f ve intikam almaya karar vermi\u015ftir; olaylar\u0131n ge\u00e7ti\u011fi yer d\u00fcnyan\u0131n t\u00fcm denizleridir. Wall Street&#8217;te, bir avukat\u0131n yaz\u0131hanesinde k\u00e2tip olan Bartleby ise bir t\u00fcr al\u00e7akg\u00f6n\u00fcll\u00fc inat\u00e7\u0131l\u0131kla \u00e7al\u0131\u015fmay\u0131 reddetmektedir.  Melville, yar\u0131m y\u00fczy\u0131l\u0131 a\u015fk\u0131n bir s\u00fcre \u00f6nce, yaln\u0131zca t\u00fcm mant\u0131k kurallar\u0131na ayk\u0131r\u0131 hareket etmekle kalmay\u0131p ayn\u0131 zamanda \u00e7evresindekileri \u015fa\u015fk\u0131n su\u00e7 ortaklar\u0131 olmak zorunda b\u0131rakan Bartleby&#8217;nin tuhaf davas\u0131n\u0131 i\u015flemi\u015ftir. Bartleby, ustal\u0131\u011f\u0131n ya da d\u00fc\u015fsel imgelemenin u\u00e7ar\u0131l\u0131\u011f\u0131n\u0131n \u00f6tesindedir; her \u015feyden \u00f6nce evrenin g\u00fcndelik ironilerinden biri olan ger\u00e7ek faydas\u0131zl\u0131\u011f\u0131 g\u00f6steren \u00fcz\u00fcc\u00fc ve ger\u00e7ek bir kitapt\u0131r.&#8221; -Jorge Luis Borges- <\/p>\n","protected":false},"excerpt":{"rendered":"<p>&#8220;Melville&#8217;in engin imgeleminin \u00fcr\u00fcn\u00fc, \u015f\u00f6hretini bor\u00e7lu oldu\u011fu kahraman\u0131, Nantucket&#8217;in kaptan\u0131 Ahab, Beyaz Balina taraf\u0131ndan sakat b\u0131rak\u0131lm\u0131\u015f ve intikam almaya karar vermi\u015ftir; olaylar\u0131n ge\u00e7ti\u011fi yer d\u00fcnyan\u0131n t\u00fcm<span class=\"excerpt-hellip\"> [\u2026]<\/span><\/p>\n","protected":false},"featured_media":0,"template":"","meta":{"_monsterinsights_skip_tracking":false,"_monsterinsights_sitenote_active":false,"_monsterinsights_sitenote_note":"","_monsterinsights_sitenote_category":0},"product_brand":[],"product_cat":[12291,12711],"product_tag":[],"class_list":{"0":"post-707324","1":"product","2":"type-product","3":"status-publish","5":"product_cat-edebiyat","6":"product_cat-roman-oyku","7":"pa_cilt-ciltsiz","8":"pa_tur-kitap","9":"pa_yayinevi-kirmizi-kedi-yayinevi","10":"pa_yazar-herman-melville","12":"first","13":"instock","14":"sale","15":"shipping-taxable","16":"purchasable","17":"product-type-simple"},"_links":{"self":[{"href":"https:\/\/roveyayinevi.com.tr\/index.php\/wp-json\/wp\/v2\/product\/707324","targetHints":{"allow":["GET"]}}],"collection":[{"href":"https:\/\/roveyayinevi.com.tr\/index.php\/wp-json\/wp\/v2\/product"}],"about":[{"href":"https:\/\/roveyayinevi.com.tr\/index.php\/wp-json\/wp\/v2\/types\/product"}],"wp:attachment":[{"href":"https:\/\/roveyayinevi.com.tr\/index.php\/wp-json\/wp\/v2\/media?parent=707324"}],"wp:term":[{"taxonomy":"product_brand","embeddable":true,"href":"https:\/\/roveyayinevi.com.tr\/index.php\/wp-json\/wp\/v2\/product_brand?post=707324"},{"taxonomy":"product_cat","embeddable":true,"href":"https:\/\/roveyayinevi.com.tr\/index.php\/wp-json\/wp\/v2\/product_cat?post=707324"},{"taxonomy":"product_tag","embeddable":true,"href":"https:\/\/roveyayinevi.com.tr\/index.php\/wp-json\/wp\/v2\/product_tag?post=707324"}],"curies":[{"name":"wp","href":"https:\/\/api.w.org\/{rel}","templated":true}]}}