{"id":707323,"date":"2025-08-27T16:04:12","date_gmt":"2025-08-27T13:04:12","guid":{"rendered":"https:\/\/roveyayinevi.com.tr\/index.php\/urun\/kul-gibi-kar\/"},"modified":"2026-04-16T02:16:14","modified_gmt":"2026-04-15T23:16:14","slug":"kul-gibi-kar","status":"publish","type":"product","link":"https:\/\/roveyayinevi.com.tr\/index.php\/urun\/kul-gibi-kar\/","title":{"rendered":"K\u00fcl Gibi Kar"},"content":{"rendered":"<p>Kalbi K\u0131r\u0131k Bir Gen\u00e7 K\u0131z.Korkusuz Bir Sava\u015f\u00e7\u0131.Gelece\u011fin Kahraman\u0131.Meira hi\u00e7 tan\u0131mad\u0131\u011f\u0131 bir d\u00fcnyay\u0131 kurtarabilecek mi?&#8221;K\u00fcl Gibi Kar, ba\u015f d\u00f6nd\u00fcr\u00fcc\u00fc bir fantastik d\u00fcnyadaki unutulmaz karakterleri anlatan, sayfalar\u0131 h\u0131zla \u00e7evirmeme sebep olan, nefes kesici bir hik\u00e2ye. Daha fazlas\u0131n\u0131 istiyorum!&#8221;-Morgan Rhodes-&#8220;Yeni bir d\u00fcnya, b\u00fcy\u00fck bir macera ve ilk a\u015fk\u0131n harmanland\u0131\u011f\u0131 benzersiz bir fantastik kahramanl\u0131k \u00f6yk\u00fcs\u00fc.&#8221;-Booklist- <\/p>\n","protected":false},"excerpt":{"rendered":"<p>Kalbi K\u0131r\u0131k Bir Gen\u00e7 K\u0131z.Korkusuz Bir Sava\u015f\u00e7\u0131.Gelece\u011fin Kahraman\u0131.Meira hi\u00e7 tan\u0131mad\u0131\u011f\u0131 bir d\u00fcnyay\u0131 kurtarabilecek mi?&#8221;K\u00fcl Gibi Kar, ba\u015f d\u00f6nd\u00fcr\u00fcc\u00fc bir fantastik d\u00fcnyadaki unutulmaz karakterleri anlatan, sayfalar\u0131 h\u0131zla<span class=\"excerpt-hellip\"> [\u2026]<\/span><\/p>\n","protected":false},"featured_media":0,"template":"","meta":{"_monsterinsights_skip_tracking":false,"_monsterinsights_sitenote_active":false,"_monsterinsights_sitenote_note":"","_monsterinsights_sitenote_category":0},"product_brand":[],"product_cat":[12291,12711],"product_tag":[],"class_list":{"0":"post-707323","1":"product","2":"type-product","3":"status-publish","5":"product_cat-edebiyat","6":"product_cat-roman-oyku","7":"pa_cilt-ciltsiz","8":"pa_tur-kitap","9":"pa_yayinevi-kirmizi-kedi-yayinevi","10":"pa_yazar-sara-raasch","12":"first","13":"instock","14":"sale","15":"shipping-taxable","16":"purchasable","17":"product-type-simple"},"_links":{"self":[{"href":"https:\/\/roveyayinevi.com.tr\/index.php\/wp-json\/wp\/v2\/product\/707323","targetHints":{"allow":["GET"]}}],"collection":[{"href":"https:\/\/roveyayinevi.com.tr\/index.php\/wp-json\/wp\/v2\/product"}],"about":[{"href":"https:\/\/roveyayinevi.com.tr\/index.php\/wp-json\/wp\/v2\/types\/product"}],"wp:attachment":[{"href":"https:\/\/roveyayinevi.com.tr\/index.php\/wp-json\/wp\/v2\/media?parent=707323"}],"wp:term":[{"taxonomy":"product_brand","embeddable":true,"href":"https:\/\/roveyayinevi.com.tr\/index.php\/wp-json\/wp\/v2\/product_brand?post=707323"},{"taxonomy":"product_cat","embeddable":true,"href":"https:\/\/roveyayinevi.com.tr\/index.php\/wp-json\/wp\/v2\/product_cat?post=707323"},{"taxonomy":"product_tag","embeddable":true,"href":"https:\/\/roveyayinevi.com.tr\/index.php\/wp-json\/wp\/v2\/product_tag?post=707323"}],"curies":[{"name":"wp","href":"https:\/\/api.w.org\/{rel}","templated":true}]}}