{"id":707318,"date":"2025-08-27T16:04:09","date_gmt":"2025-08-27T13:04:09","guid":{"rendered":"https:\/\/roveyayinevi.com.tr\/index.php\/urun\/havuc-kostu-degerler-egitim-serisi-10\/"},"modified":"2026-04-16T02:16:14","modified_gmt":"2026-04-15T23:16:14","slug":"havuc-kostu-degerler-egitim-serisi-10","status":"publish","type":"product","link":"https:\/\/roveyayinevi.com.tr\/index.php\/urun\/havuc-kostu-degerler-egitim-serisi-10\/","title":{"rendered":"Havu\u00e7 Ko\u015ftu &#8211; De\u011ferler E\u011fitim Serisi 10"},"content":{"rendered":"<p>De\u011ferler E\u011fitimi Serisi &#8211; 10Tav\u015fan Havu\u00e7\u2019un en sevdi\u011fi yemek havu\u00e7mu\u015f. O nedenle tarlas\u0131na sadece havu\u00e7 ekermi\u015f. Hatta yan tarladaki lahanalar\u0131 bile s\u00f6k\u00fcp yerlerine havu\u00e7 dikmi\u015f. Yaramazl\u0131klar\u0131 bununla da kalmam\u0131\u015f.B\u00fct\u00fcn arkada\u015flar\u0131n\u0131 kand\u0131rmaya kalk\u0131\u015f\u0131nca i\u015fler tersine d\u00f6nm\u00fc\u015f.Havu\u00e7\u2019un sayg\u0131s\u0131z davran\u0131\u015flar\u0131ndan rahats\u0131z olan karga, sincap ve k\u00f6stebek ona bir ders vermeye karar vermi\u015f.K\u00fc\u00e7\u00fck okurlar\u0131m\u0131z\u0131n yak\u0131ndan tan\u0131d\u0131\u011f\u0131 Koray Avc\u0131 \u00c7akman,De\u011ferler E\u011fitimi Serisi\u2019nin onuncu kitab\u0131nda ba\u015fkalar\u0131n\u0131n haklar\u0131na sayg\u0131l\u0131 olmay\u0131 e\u011flendirerek anlat\u0131yor.Mehmet Akif Kaynar\u2019\u0131n ne\u015feli \u00e7izimleriyle&#8230; <\/p>\n","protected":false},"excerpt":{"rendered":"<p>De\u011ferler E\u011fitimi Serisi &#8211; 10Tav\u015fan Havu\u00e7\u2019un en sevdi\u011fi yemek havu\u00e7mu\u015f. O nedenle tarlas\u0131na sadece havu\u00e7 ekermi\u015f. Hatta yan tarladaki lahanalar\u0131 bile s\u00f6k\u00fcp yerlerine havu\u00e7 dikmi\u015f. Yaramazl\u0131klar\u0131<span class=\"excerpt-hellip\"> [\u2026]<\/span><\/p>\n","protected":false},"featured_media":0,"template":"","meta":{"_monsterinsights_skip_tracking":false,"_monsterinsights_sitenote_active":false,"_monsterinsights_sitenote_note":"","_monsterinsights_sitenote_category":0},"product_brand":[],"product_cat":[12913,12274],"product_tag":[],"class_list":{"0":"post-707318","1":"product","2":"type-product","3":"status-publish","5":"product_cat-3-6-yas-kitaplari","6":"product_cat-cocuk-ve-genclik-kitaplari","7":"pa_cilt-ciltsiz","8":"pa_tur-kitap","9":"pa_yayinevi-kirmizi-kedi-yayinevi","10":"pa_yazar-koray-avci-cakman","12":"first","13":"instock","14":"sale","15":"shipping-taxable","16":"purchasable","17":"product-type-simple"},"_links":{"self":[{"href":"https:\/\/roveyayinevi.com.tr\/index.php\/wp-json\/wp\/v2\/product\/707318","targetHints":{"allow":["GET"]}}],"collection":[{"href":"https:\/\/roveyayinevi.com.tr\/index.php\/wp-json\/wp\/v2\/product"}],"about":[{"href":"https:\/\/roveyayinevi.com.tr\/index.php\/wp-json\/wp\/v2\/types\/product"}],"wp:attachment":[{"href":"https:\/\/roveyayinevi.com.tr\/index.php\/wp-json\/wp\/v2\/media?parent=707318"}],"wp:term":[{"taxonomy":"product_brand","embeddable":true,"href":"https:\/\/roveyayinevi.com.tr\/index.php\/wp-json\/wp\/v2\/product_brand?post=707318"},{"taxonomy":"product_cat","embeddable":true,"href":"https:\/\/roveyayinevi.com.tr\/index.php\/wp-json\/wp\/v2\/product_cat?post=707318"},{"taxonomy":"product_tag","embeddable":true,"href":"https:\/\/roveyayinevi.com.tr\/index.php\/wp-json\/wp\/v2\/product_tag?post=707318"}],"curies":[{"name":"wp","href":"https:\/\/api.w.org\/{rel}","templated":true}]}}