{"id":707317,"date":"2025-08-27T16:04:09","date_gmt":"2025-08-27T13:04:09","guid":{"rendered":"https:\/\/roveyayinevi.com.tr\/index.php\/urun\/doga-dogayi-seviyor-degerler-egitimi-serisi-9\/"},"modified":"2026-04-16T02:16:14","modified_gmt":"2026-04-15T23:16:14","slug":"doga-dogayi-seviyor-degerler-egitimi-serisi-9","status":"publish","type":"product","link":"https:\/\/roveyayinevi.com.tr\/index.php\/urun\/doga-dogayi-seviyor-degerler-egitimi-serisi-9\/","title":{"rendered":"Do\u011fa Do\u011fay\u0131 Seviyor &#8211; De\u011ferler E\u011fitimi Serisi 9"},"content":{"rendered":"<p>Do\u011fa, do\u011fay\u0131 \u00e7ok seviyormu\u015f. Yaz\u0131n y\u00fczmeye, ilkbaharda k\u0131rlarda dola\u015f\u0131p \u00e7i\u00e7ek toplamaya, k\u0131\u015f\u0131n kartopu oynamaya bay\u0131l\u0131rm\u0131\u015f. Bir sonbahar sabah\u0131nda ya\u011fmur ya\u011fd\u0131\u011f\u0131n\u0131 g\u00f6r\u00fcp \u00fcz\u00fclm\u00fc\u015f. Ama dedesinin Do\u011fa&#8217;ya sonbahar\u0131 sevdirecek bir oyunu varm\u0131\u015f.K\u00fc\u00e7\u00fck okurlar\u0131m\u0131z\u0131n yak\u0131ndan tan\u0131d\u0131\u011f\u0131 Koray Avc\u0131 \u00c7akman, De\u011ferler E\u011fitimi Serisi&#8217;nin dokuzuncu kitab\u0131nda do\u011fa sevgisinido\u011fada gezdirerek anlat\u0131yor. Mehmet Akif Kaynar&#8217;\u0131n ne\u015feli \u00e7izimleriyle&#8230;<\/p>\n","protected":false},"excerpt":{"rendered":"<p>Do\u011fa, do\u011fay\u0131 \u00e7ok seviyormu\u015f. Yaz\u0131n y\u00fczmeye, ilkbaharda k\u0131rlarda dola\u015f\u0131p \u00e7i\u00e7ek toplamaya, k\u0131\u015f\u0131n kartopu oynamaya bay\u0131l\u0131rm\u0131\u015f. Bir sonbahar sabah\u0131nda ya\u011fmur ya\u011fd\u0131\u011f\u0131n\u0131 g\u00f6r\u00fcp \u00fcz\u00fclm\u00fc\u015f. Ama dedesinin Do\u011fa&#8217;ya sonbahar\u0131<span class=\"excerpt-hellip\"> [\u2026]<\/span><\/p>\n","protected":false},"featured_media":0,"template":"","meta":{"_monsterinsights_skip_tracking":false,"_monsterinsights_sitenote_active":false,"_monsterinsights_sitenote_note":"","_monsterinsights_sitenote_category":0},"product_brand":[],"product_cat":[12274,12518],"product_tag":[],"class_list":{"0":"post-707317","1":"product","2":"type-product","3":"status-publish","5":"product_cat-cocuk-ve-genclik-kitaplari","6":"product_cat-okul-oncesi-kitaplar","7":"pa_cilt-ciltsiz","8":"pa_tur-kitap","9":"pa_yayinevi-kirmizi-kedi-yayinevi","10":"pa_yazar-koray-avci-cakman","12":"first","13":"instock","14":"sale","15":"shipping-taxable","16":"purchasable","17":"product-type-simple"},"_links":{"self":[{"href":"https:\/\/roveyayinevi.com.tr\/index.php\/wp-json\/wp\/v2\/product\/707317","targetHints":{"allow":["GET"]}}],"collection":[{"href":"https:\/\/roveyayinevi.com.tr\/index.php\/wp-json\/wp\/v2\/product"}],"about":[{"href":"https:\/\/roveyayinevi.com.tr\/index.php\/wp-json\/wp\/v2\/types\/product"}],"wp:attachment":[{"href":"https:\/\/roveyayinevi.com.tr\/index.php\/wp-json\/wp\/v2\/media?parent=707317"}],"wp:term":[{"taxonomy":"product_brand","embeddable":true,"href":"https:\/\/roveyayinevi.com.tr\/index.php\/wp-json\/wp\/v2\/product_brand?post=707317"},{"taxonomy":"product_cat","embeddable":true,"href":"https:\/\/roveyayinevi.com.tr\/index.php\/wp-json\/wp\/v2\/product_cat?post=707317"},{"taxonomy":"product_tag","embeddable":true,"href":"https:\/\/roveyayinevi.com.tr\/index.php\/wp-json\/wp\/v2\/product_tag?post=707317"}],"curies":[{"name":"wp","href":"https:\/\/api.w.org\/{rel}","templated":true}]}}