{"id":707315,"date":"2025-08-27T16:04:08","date_gmt":"2025-08-27T13:04:08","guid":{"rendered":"https:\/\/roveyayinevi.com.tr\/index.php\/urun\/harap\/"},"modified":"2026-04-16T02:16:14","modified_gmt":"2026-04-15T23:16:14","slug":"harap","status":"publish","type":"product","link":"https:\/\/roveyayinevi.com.tr\/index.php\/urun\/harap\/","title":{"rendered":"Harap"},"content":{"rendered":"<p>ben bir zamana a\u00e7\u0131lsayd\u0131m yenilmezdim ta\u015f\u0131n o\u011fullar\u0131na yakar\u0131p g\u00fcne\u015fin bo\u011fuldu\u011fu k\u0131y\u0131larda dili da\u011flanm\u0131\u015f kederimle anlatsayd\u0131m \u00e7ocuklu\u011funun atlar\u0131n\u0131 \u00f6l\u00fclerin do\u011furdu\u011fu kahr\u0131 elbet da\u011f\u0131lmazd\u0131m bu sularda bir da\u011f\u0131n s\u00f6z\u00fcyle ak\u015fam\u0131 getirdim size \u00f6lm\u00fc\u015f var\u0131n, beni s\u00fcsleyin g\u00fczelleyin bir a\u015fka g\u00f6t\u00fcr\u00fcn \u00f6lm\u00fc\u015f! <\/p>\n","protected":false},"excerpt":{"rendered":"<p>ben bir zamana a\u00e7\u0131lsayd\u0131m yenilmezdim ta\u015f\u0131n o\u011fullar\u0131na yakar\u0131p g\u00fcne\u015fin bo\u011fuldu\u011fu k\u0131y\u0131larda dili da\u011flanm\u0131\u015f kederimle anlatsayd\u0131m \u00e7ocuklu\u011funun atlar\u0131n\u0131 \u00f6l\u00fclerin do\u011furdu\u011fu kahr\u0131 elbet da\u011f\u0131lmazd\u0131m bu sularda bir da\u011f\u0131n<span class=\"excerpt-hellip\"> [\u2026]<\/span><\/p>\n","protected":false},"featured_media":0,"template":"","meta":{"_monsterinsights_skip_tracking":false,"_monsterinsights_sitenote_active":false,"_monsterinsights_sitenote_note":"","_monsterinsights_sitenote_category":0},"product_brand":[],"product_cat":[12291,12509],"product_tag":[],"class_list":{"0":"post-707315","1":"product","2":"type-product","3":"status-publish","5":"product_cat-edebiyat","6":"product_cat-siir","7":"pa_cilt-ciltsiz","8":"pa_tur-kitap","9":"pa_yayinevi-kirmizi-kedi-yayinevi","10":"pa_yazar-cenk-gundogdu","12":"first","13":"instock","14":"sale","15":"shipping-taxable","16":"purchasable","17":"product-type-simple"},"_links":{"self":[{"href":"https:\/\/roveyayinevi.com.tr\/index.php\/wp-json\/wp\/v2\/product\/707315","targetHints":{"allow":["GET"]}}],"collection":[{"href":"https:\/\/roveyayinevi.com.tr\/index.php\/wp-json\/wp\/v2\/product"}],"about":[{"href":"https:\/\/roveyayinevi.com.tr\/index.php\/wp-json\/wp\/v2\/types\/product"}],"wp:attachment":[{"href":"https:\/\/roveyayinevi.com.tr\/index.php\/wp-json\/wp\/v2\/media?parent=707315"}],"wp:term":[{"taxonomy":"product_brand","embeddable":true,"href":"https:\/\/roveyayinevi.com.tr\/index.php\/wp-json\/wp\/v2\/product_brand?post=707315"},{"taxonomy":"product_cat","embeddable":true,"href":"https:\/\/roveyayinevi.com.tr\/index.php\/wp-json\/wp\/v2\/product_cat?post=707315"},{"taxonomy":"product_tag","embeddable":true,"href":"https:\/\/roveyayinevi.com.tr\/index.php\/wp-json\/wp\/v2\/product_tag?post=707315"}],"curies":[{"name":"wp","href":"https:\/\/api.w.org\/{rel}","templated":true}]}}