{"id":707311,"date":"2025-08-27T16:04:06","date_gmt":"2025-08-27T13:04:06","guid":{"rendered":"https:\/\/roveyayinevi.com.tr\/index.php\/urun\/feto-darbesi\/"},"modified":"2026-04-16T02:16:14","modified_gmt":"2026-04-15T23:16:14","slug":"feto-darbesi","status":"publish","type":"product","link":"https:\/\/roveyayinevi.com.tr\/index.php\/urun\/feto-darbesi\/","title":{"rendered":"FE*T\u00d6 Darbesi"},"content":{"rendered":"<p>Bu kitap, Fet*hullah\u00e7\u0131 Gladyo&#8217;yla yar\u0131m y\u00fczy\u0131ld\u0131r verilen m\u00fccadelenin birikimini i\u00e7eriyor. FE*T\u00d6&#8217;y\u00fc anlayabilmek ve anlatabilmek i\u00e7in, onunla m\u00fccadele etmi\u015f olacaks\u0131n\u0131z. FE*T\u00d6&#8217;yle birlikte \u00fclkeyi y\u00f6netmi\u015f olanlar, Fet*hullah G\u00fc*len&#8217;den \u00f6d\u00fcl alanlar, FE*T\u00d6&#8217;yle h\u00e2l\u00e2 ittifak i\u00e7inde bulunanlar, FE*T\u00d6&#8217;yle el ele ABD&#8217;nin iktidar planlar\u0131na alet olanlar, FE*T\u00d6 ger\u00e7e\u011fini bilemezler ve a\u00e7\u0131klayamazlar. Onlar\u0131n bulundu\u011fu konum, FE*T\u00d6 olgusunu ve Atlantik ili\u015fkilerini \u00f6rtbas etmeyi gerektiriyor. Onlar yapt\u0131klar\u0131 i\u015fbirli\u011fini, d\u00fc\u015ft\u00fckleri aymazl\u0131\u011f\u0131 ve hatta ihaneti mazur g\u00f6sterme \u00e7abas\u0131 i\u00e7indedirler. B\u00fct\u00fcn Atlantik g\u00fc\u00e7leri i\u00e7in ge\u00e7erlidir bu saptama. Perin\u00e7ek, bu kitab\u0131n alt\u0131ndaki imzas\u0131n\u0131 \u015f\u00f6yle tan\u0131ml\u0131yor: &#8220;Bizler FE*T\u00d6&#8217;y\u00fc sava\u015f alanlar\u0131nda tan\u0131d\u0131k. Siyaset adam\u0131, b\u00fcrokrat, kumpas\u00e7\u0131, polis, savc\u0131, i\u015fkenceci, hapishane m\u00fcd\u00fcr\u00fc, gardiyan kimlikleri alt\u0131nda tan\u0131d\u0131k. 0 nedenle bu kitap, bir bak\u0131ma 4o y\u0131ll\u0131k bir m\u00fccadelenin \u00f6zetidir.&#8221; Bu kitapta FE*T\u00d6 Darbesi, NATO&#8217;nun yeralt\u0131 \u00f6rg\u00fct\u00fcne kar\u015f\u0131 \u00f6m\u00fcr boyu m\u00fccadele eden Do\u011fu Perin\u00e7ek taraf\u0131ndan anlat\u0131l\u0131yor. FE*T\u00d6&#8217;n\u00fcn olu\u015fumu, y\u00fckseli\u015fi ve ini\u015fi, ezilmesi, gelece\u011fi, T\u00fcrkiye&#8217;nin \u00f6n\u00fcndeki s\u00fcre\u00e7te FE*T\u00d6&#8217;n\u00fcn konumu, tekmili birden bu kitapta. Yaln\u0131z bilgi de\u011fil, s\u00fcrecin a\u00e7\u0131klanmas\u0131, hepsi bu kitapta. <\/p>\n","protected":false},"excerpt":{"rendered":"<p>Bu kitap, Fet*hullah\u00e7\u0131 Gladyo&#8217;yla yar\u0131m y\u00fczy\u0131ld\u0131r verilen m\u00fccadelenin birikimini i\u00e7eriyor. FE*T\u00d6&#8217;y\u00fc anlayabilmek ve anlatabilmek i\u00e7in, onunla m\u00fccadele etmi\u015f olacaks\u0131n\u0131z. FE*T\u00d6&#8217;yle birlikte \u00fclkeyi y\u00f6netmi\u015f olanlar, Fet*hullah G\u00fc*len&#8217;den<span class=\"excerpt-hellip\"> [\u2026]<\/span><\/p>\n","protected":false},"featured_media":0,"template":"","meta":{"_monsterinsights_skip_tracking":false,"_monsterinsights_sitenote_active":false,"_monsterinsights_sitenote_note":"","_monsterinsights_sitenote_category":0},"product_brand":[],"product_cat":[31194,12337],"product_tag":[],"class_list":{"0":"post-707311","1":"product","2":"type-product","3":"status-publish","5":"product_cat-guncel-siyaset","6":"product_cat-politika-siyaset","7":"pa_cilt-ciltsiz","8":"pa_tur-kitap","9":"pa_yayinevi-kaynak-yayinlari","10":"pa_yazar-dogu-perincek","12":"first","13":"instock","14":"sale","15":"shipping-taxable","16":"purchasable","17":"product-type-simple"},"_links":{"self":[{"href":"https:\/\/roveyayinevi.com.tr\/index.php\/wp-json\/wp\/v2\/product\/707311","targetHints":{"allow":["GET"]}}],"collection":[{"href":"https:\/\/roveyayinevi.com.tr\/index.php\/wp-json\/wp\/v2\/product"}],"about":[{"href":"https:\/\/roveyayinevi.com.tr\/index.php\/wp-json\/wp\/v2\/types\/product"}],"wp:attachment":[{"href":"https:\/\/roveyayinevi.com.tr\/index.php\/wp-json\/wp\/v2\/media?parent=707311"}],"wp:term":[{"taxonomy":"product_brand","embeddable":true,"href":"https:\/\/roveyayinevi.com.tr\/index.php\/wp-json\/wp\/v2\/product_brand?post=707311"},{"taxonomy":"product_cat","embeddable":true,"href":"https:\/\/roveyayinevi.com.tr\/index.php\/wp-json\/wp\/v2\/product_cat?post=707311"},{"taxonomy":"product_tag","embeddable":true,"href":"https:\/\/roveyayinevi.com.tr\/index.php\/wp-json\/wp\/v2\/product_tag?post=707311"}],"curies":[{"name":"wp","href":"https:\/\/api.w.org\/{rel}","templated":true}]}}