{"id":707310,"date":"2025-08-27T16:04:05","date_gmt":"2025-08-27T13:04:05","guid":{"rendered":"https:\/\/roveyayinevi.com.tr\/index.php\/urun\/caglar-bitlendi-ilk-okuma-kitabim\/"},"modified":"2026-04-12T02:18:58","modified_gmt":"2026-04-11T23:18:58","slug":"caglar-bitlendi-ilk-okuma-kitabim","status":"publish","type":"product","link":"https:\/\/roveyayinevi.com.tr\/index.php\/urun\/caglar-bitlendi-ilk-okuma-kitabim\/","title":{"rendered":"\u00c7a\u011flar Bitlendi &#8211; \u0130lk Okuma Kitab\u0131m"},"content":{"rendered":"<p>\u0130mdat! \u00c7a\u011flar\u2019\u0131n okulunda bit salg\u0131n\u0131 var! Neyse ki kolayca hallolacak bir sorun bu. Annesi \u00c7a\u011flar\u2019\u0131n sa\u00e7\u0131n\u0131 \u00f6zel bir tarakla tarad\u0131ktan sonra ila\u00e7l\u0131 \u015fampuanla y\u0131kad\u0131. Ayr\u0131ca yatak ve yast\u0131k \u00f6rt\u00fcs\u00fcn\u00fc y\u0131kad\u0131 ve t\u00fcyl\u00fc oyuncaklara \u00f6zel bir i\u015flem yapt\u0131. B\u00f6ylece bit sorunu da \u00e7\u00f6z\u00fclm\u00fc\u015f oldu&#8230; \ufffcTan\u0131t\u0131m Metni<\/p>\n","protected":false},"excerpt":{"rendered":"<p>\u0130mdat! \u00c7a\u011flar\u2019\u0131n okulunda bit salg\u0131n\u0131 var! Neyse ki kolayca hallolacak bir sorun bu. Annesi \u00c7a\u011flar\u2019\u0131n sa\u00e7\u0131n\u0131 \u00f6zel bir tarakla tarad\u0131ktan sonra ila\u00e7l\u0131 \u015fampuanla y\u0131kad\u0131. Ayr\u0131ca yatak<span class=\"excerpt-hellip\"> [\u2026]<\/span><\/p>\n","protected":false},"featured_media":0,"template":"","meta":{"_monsterinsights_skip_tracking":false,"_monsterinsights_sitenote_active":false,"_monsterinsights_sitenote_note":"","_monsterinsights_sitenote_category":0},"product_brand":[],"product_cat":[12274,12284],"product_tag":[],"class_list":{"0":"post-707310","1":"product","2":"type-product","3":"status-publish","5":"product_cat-cocuk-ve-genclik-kitaplari","6":"product_cat-hikayeler","7":"pa_cilt-ciltsiz","8":"pa_tur-kitap","9":"pa_yayinevi-is-bankasi-kultur-yayinlari","10":"pa_yazar-christian-tielmann","12":"first","13":"instock","14":"sale","15":"shipping-taxable","16":"purchasable","17":"product-type-simple"},"_links":{"self":[{"href":"https:\/\/roveyayinevi.com.tr\/index.php\/wp-json\/wp\/v2\/product\/707310","targetHints":{"allow":["GET"]}}],"collection":[{"href":"https:\/\/roveyayinevi.com.tr\/index.php\/wp-json\/wp\/v2\/product"}],"about":[{"href":"https:\/\/roveyayinevi.com.tr\/index.php\/wp-json\/wp\/v2\/types\/product"}],"wp:attachment":[{"href":"https:\/\/roveyayinevi.com.tr\/index.php\/wp-json\/wp\/v2\/media?parent=707310"}],"wp:term":[{"taxonomy":"product_brand","embeddable":true,"href":"https:\/\/roveyayinevi.com.tr\/index.php\/wp-json\/wp\/v2\/product_brand?post=707310"},{"taxonomy":"product_cat","embeddable":true,"href":"https:\/\/roveyayinevi.com.tr\/index.php\/wp-json\/wp\/v2\/product_cat?post=707310"},{"taxonomy":"product_tag","embeddable":true,"href":"https:\/\/roveyayinevi.com.tr\/index.php\/wp-json\/wp\/v2\/product_tag?post=707310"}],"curies":[{"name":"wp","href":"https:\/\/api.w.org\/{rel}","templated":true}]}}