{"id":707309,"date":"2025-08-27T16:04:05","date_gmt":"2025-08-27T13:04:05","guid":{"rendered":"https:\/\/roveyayinevi.com.tr\/index.php\/urun\/ilk-okuma-kitabim-elifin-disi-sallaniyor\/"},"modified":"2026-04-16T02:16:13","modified_gmt":"2026-04-15T23:16:13","slug":"ilk-okuma-kitabim-elifin-disi-sallaniyor","status":"publish","type":"product","link":"https:\/\/roveyayinevi.com.tr\/index.php\/urun\/ilk-okuma-kitabim-elifin-disi-sallaniyor\/","title":{"rendered":"\u0130lk Okuma Kitab\u0131m &#8211; Elif\u2019in Di\u015fi Sallan\u0131yor"},"content":{"rendered":"<p>Elif\u2019in ilk kez di\u015fi sallan\u0131yordu! \u00c7ok heyecanlanm\u0131\u015ft\u0131, ama sallanan di\u015fi yerinden bir t\u00fcrl\u00fc \u00e7\u0131km\u0131yordu. Arkada\u015flar\u0131 pek \u00e7ok \u00f6neride bulunmu\u015ftu. Hi\u00e7biri i\u015fe yaramam\u0131\u015ft\u0131. Elif bunu hi\u00e7 dert etmedi. Ne de olsa s\u00fct di\u015fleriydi bunlar, elbette bir g\u00fcn yerlerinden\u00e7\u0131kacaklard\u0131&#8230; <\/p>\n","protected":false},"excerpt":{"rendered":"<p>Elif\u2019in ilk kez di\u015fi sallan\u0131yordu! \u00c7ok heyecanlanm\u0131\u015ft\u0131, ama sallanan di\u015fi yerinden bir t\u00fcrl\u00fc \u00e7\u0131km\u0131yordu. Arkada\u015flar\u0131 pek \u00e7ok \u00f6neride bulunmu\u015ftu. Hi\u00e7biri i\u015fe yaramam\u0131\u015ft\u0131. Elif bunu hi\u00e7 dert<span class=\"excerpt-hellip\"> [\u2026]<\/span><\/p>\n","protected":false},"featured_media":0,"template":"","meta":{"_monsterinsights_skip_tracking":false,"_monsterinsights_sitenote_active":false,"_monsterinsights_sitenote_note":"","_monsterinsights_sitenote_category":0},"product_brand":[],"product_cat":[12274,12518],"product_tag":[],"class_list":{"0":"post-707309","1":"product","2":"type-product","3":"status-publish","5":"product_cat-cocuk-ve-genclik-kitaplari","6":"product_cat-okul-oncesi-kitaplar","7":"pa_cilt-ciltsiz","8":"pa_tur-kitap","9":"pa_yayinevi-is-bankasi-kultur-yayinlari","10":"pa_yazar-liane-schneider","12":"first","13":"instock","14":"sale","15":"shipping-taxable","16":"purchasable","17":"product-type-simple"},"_links":{"self":[{"href":"https:\/\/roveyayinevi.com.tr\/index.php\/wp-json\/wp\/v2\/product\/707309","targetHints":{"allow":["GET"]}}],"collection":[{"href":"https:\/\/roveyayinevi.com.tr\/index.php\/wp-json\/wp\/v2\/product"}],"about":[{"href":"https:\/\/roveyayinevi.com.tr\/index.php\/wp-json\/wp\/v2\/types\/product"}],"wp:attachment":[{"href":"https:\/\/roveyayinevi.com.tr\/index.php\/wp-json\/wp\/v2\/media?parent=707309"}],"wp:term":[{"taxonomy":"product_brand","embeddable":true,"href":"https:\/\/roveyayinevi.com.tr\/index.php\/wp-json\/wp\/v2\/product_brand?post=707309"},{"taxonomy":"product_cat","embeddable":true,"href":"https:\/\/roveyayinevi.com.tr\/index.php\/wp-json\/wp\/v2\/product_cat?post=707309"},{"taxonomy":"product_tag","embeddable":true,"href":"https:\/\/roveyayinevi.com.tr\/index.php\/wp-json\/wp\/v2\/product_tag?post=707309"}],"curies":[{"name":"wp","href":"https:\/\/api.w.org\/{rel}","templated":true}]}}