{"id":707308,"date":"2025-08-27T16:04:05","date_gmt":"2025-08-27T13:04:05","guid":{"rendered":"https:\/\/roveyayinevi.com.tr\/index.php\/urun\/ilk-okuma-kitabim-elifin-yil-sonu-gosterisi\/"},"modified":"2026-04-16T02:16:13","modified_gmt":"2026-04-15T23:16:13","slug":"ilk-okuma-kitabim-elifin-yil-sonu-gosterisi","status":"publish","type":"product","link":"https:\/\/roveyayinevi.com.tr\/index.php\/urun\/ilk-okuma-kitabim-elifin-yil-sonu-gosterisi\/","title":{"rendered":"\u0130lk Okuma Kitab\u0131m &#8211; Elif\u2019in Y\u0131l Sonu G\u00f6sterisi"},"content":{"rendered":"<p>Elif\u2019in okulunda y\u0131l sonu g\u00f6sterisi d\u00fczenlenecek. D\u00fcnyan\u0131n farkl\u0131 y\u00f6relerinden yemekler haz\u0131rlanacak, e\u011flenceli oyunlar oynanacak. Elif\u2019in s\u0131n\u0131f\u0131 \u201cPamuk Prenses\u201d g\u00f6sterisini sunacak. Acaba Pamuk Prenses kim olacak? Elif mi, Arzu mu, G\u00fcl\u00e7in mi? G\u00f6steri haz\u0131rl\u0131klar\u0131 \u00e7ok heyecanl\u0131. Sonunda b\u00fct\u00fcn \u00e7ocuklar masal gibi bir y\u0131l sonu g\u00f6sterisi sunacak. Pamuk Prenses konusunda ise harika bir \u00e7\u00f6z\u00fcme var\u0131lacak&#8230; \ufffcTan\u0131t\u0131m Metni<\/p>\n","protected":false},"excerpt":{"rendered":"<p>Elif\u2019in okulunda y\u0131l sonu g\u00f6sterisi d\u00fczenlenecek. D\u00fcnyan\u0131n farkl\u0131 y\u00f6relerinden yemekler haz\u0131rlanacak, e\u011flenceli oyunlar oynanacak. Elif\u2019in s\u0131n\u0131f\u0131 \u201cPamuk Prenses\u201d g\u00f6sterisini sunacak. Acaba Pamuk Prenses kim olacak? Elif<span class=\"excerpt-hellip\"> [\u2026]<\/span><\/p>\n","protected":false},"featured_media":0,"template":"","meta":{"_monsterinsights_skip_tracking":false,"_monsterinsights_sitenote_active":false,"_monsterinsights_sitenote_note":"","_monsterinsights_sitenote_category":0},"product_brand":[],"product_cat":[12312,12304],"product_tag":[],"class_list":{"0":"post-707308","1":"product","2":"type-product","3":"status-publish","5":"product_cat-diger","6":"product_cat-tarih","7":"pa_cilt-ciltsiz","8":"pa_tur-kitap","9":"pa_yayinevi-is-bankasi-kultur-yayinlari","10":"pa_yazar-liane-schneider","12":"first","13":"instock","14":"sale","15":"shipping-taxable","16":"purchasable","17":"product-type-simple"},"_links":{"self":[{"href":"https:\/\/roveyayinevi.com.tr\/index.php\/wp-json\/wp\/v2\/product\/707308","targetHints":{"allow":["GET"]}}],"collection":[{"href":"https:\/\/roveyayinevi.com.tr\/index.php\/wp-json\/wp\/v2\/product"}],"about":[{"href":"https:\/\/roveyayinevi.com.tr\/index.php\/wp-json\/wp\/v2\/types\/product"}],"wp:attachment":[{"href":"https:\/\/roveyayinevi.com.tr\/index.php\/wp-json\/wp\/v2\/media?parent=707308"}],"wp:term":[{"taxonomy":"product_brand","embeddable":true,"href":"https:\/\/roveyayinevi.com.tr\/index.php\/wp-json\/wp\/v2\/product_brand?post=707308"},{"taxonomy":"product_cat","embeddable":true,"href":"https:\/\/roveyayinevi.com.tr\/index.php\/wp-json\/wp\/v2\/product_cat?post=707308"},{"taxonomy":"product_tag","embeddable":true,"href":"https:\/\/roveyayinevi.com.tr\/index.php\/wp-json\/wp\/v2\/product_tag?post=707308"}],"curies":[{"name":"wp","href":"https:\/\/api.w.org\/{rel}","templated":true}]}}