{"id":707307,"date":"2025-08-27T16:04:04","date_gmt":"2025-08-27T13:04:04","guid":{"rendered":"https:\/\/roveyayinevi.com.tr\/index.php\/urun\/eglenceli-bilim-serisi-anaokulunda-yaz-donemi\/"},"modified":"2026-04-16T02:16:13","modified_gmt":"2026-04-15T23:16:13","slug":"eglenceli-bilim-serisi-anaokulunda-yaz-donemi","status":"publish","type":"product","link":"https:\/\/roveyayinevi.com.tr\/index.php\/urun\/eglenceli-bilim-serisi-anaokulunda-yaz-donemi\/","title":{"rendered":"E\u011flenceli Bilim Serisi &#8211; Anaokulunda Yaz D\u00f6nemi"},"content":{"rendered":"<p>Anaokulunda yaz d\u00f6nemine girildi. Bu d\u00f6nemde anaokulunda pek \u00e7ok etkinlik var: sebze ve meyve toplanacak, kumdan kale yap\u0131lacak, hava durumu g\u00f6zlenecek, geziler yap\u0131lacak ve b\u00fcy\u00fck bir yaz e\u011flencesi d\u00fczenlenecek. Sonra da tatil ba\u015flayacak. Yaz d\u00f6neminden daha g\u00fczel ba\u015fka bir d\u00f6nem olabilir mi? <\/p>\n","protected":false},"excerpt":{"rendered":"<p>Anaokulunda yaz d\u00f6nemine girildi. Bu d\u00f6nemde anaokulunda pek \u00e7ok etkinlik var: sebze ve meyve toplanacak, kumdan kale yap\u0131lacak, hava durumu g\u00f6zlenecek, geziler yap\u0131lacak ve b\u00fcy\u00fck bir<span class=\"excerpt-hellip\"> [\u2026]<\/span><\/p>\n","protected":false},"featured_media":0,"template":"","meta":{"_monsterinsights_skip_tracking":false,"_monsterinsights_sitenote_active":false,"_monsterinsights_sitenote_note":"","_monsterinsights_sitenote_category":0},"product_brand":[],"product_cat":[12274,12284],"product_tag":[],"class_list":{"0":"post-707307","1":"product","2":"type-product","3":"status-publish","5":"product_cat-cocuk-ve-genclik-kitaplari","6":"product_cat-hikayeler","7":"pa_cilt-ciltsiz","8":"pa_tur-kitap","9":"pa_yayinevi-is-bankasi-kultur-yayinlari","10":"pa_yazar-sandra-ladwig","12":"first","13":"instock","14":"sale","15":"shipping-taxable","16":"purchasable","17":"product-type-simple"},"_links":{"self":[{"href":"https:\/\/roveyayinevi.com.tr\/index.php\/wp-json\/wp\/v2\/product\/707307","targetHints":{"allow":["GET"]}}],"collection":[{"href":"https:\/\/roveyayinevi.com.tr\/index.php\/wp-json\/wp\/v2\/product"}],"about":[{"href":"https:\/\/roveyayinevi.com.tr\/index.php\/wp-json\/wp\/v2\/types\/product"}],"wp:attachment":[{"href":"https:\/\/roveyayinevi.com.tr\/index.php\/wp-json\/wp\/v2\/media?parent=707307"}],"wp:term":[{"taxonomy":"product_brand","embeddable":true,"href":"https:\/\/roveyayinevi.com.tr\/index.php\/wp-json\/wp\/v2\/product_brand?post=707307"},{"taxonomy":"product_cat","embeddable":true,"href":"https:\/\/roveyayinevi.com.tr\/index.php\/wp-json\/wp\/v2\/product_cat?post=707307"},{"taxonomy":"product_tag","embeddable":true,"href":"https:\/\/roveyayinevi.com.tr\/index.php\/wp-json\/wp\/v2\/product_tag?post=707307"}],"curies":[{"name":"wp","href":"https:\/\/api.w.org\/{rel}","templated":true}]}}