{"id":707306,"date":"2025-08-27T16:04:04","date_gmt":"2025-08-27T13:04:04","guid":{"rendered":"https:\/\/roveyayinevi.com.tr\/index.php\/urun\/eglenceli-bilim-tarihte-bir-gun-saray-gezisi\/"},"modified":"2026-04-01T02:22:15","modified_gmt":"2026-03-31T23:22:15","slug":"eglenceli-bilim-tarihte-bir-gun-saray-gezisi","status":"publish","type":"product","link":"https:\/\/roveyayinevi.com.tr\/index.php\/urun\/eglenceli-bilim-tarihte-bir-gun-saray-gezisi\/","title":{"rendered":"E\u011flenceli Bilim &#8211; Tarihte Bir G\u00fcn Saray Gezisi"},"content":{"rendered":"<p>Prenses Marie ve Prens Clemens \u00e7ok heyecanl\u0131lar: sarayda muhte\u015fem bir yaz daveti d\u00fczenleniyor \u00e7\u00fcnk\u00fc! Saray\u0131n kubbeli b\u00fcy\u00fck salonunda pek \u00e7ok davetli topland\u0131. Saray hizmetkarlar\u0131 lezzetli yemekler servis etti. Saray m\u00fczisyenleri \u00e7ok g\u00fczel m\u00fczik par\u00e7alar\u0131 sundu. \ufffcTan\u0131t\u0131m Metni<\/p>\n","protected":false},"excerpt":{"rendered":"<p>Prenses Marie ve Prens Clemens \u00e7ok heyecanl\u0131lar: sarayda muhte\u015fem bir yaz daveti d\u00fczenleniyor \u00e7\u00fcnk\u00fc! Saray\u0131n kubbeli b\u00fcy\u00fck salonunda pek \u00e7ok davetli topland\u0131. Saray hizmetkarlar\u0131 lezzetli yemekler<span class=\"excerpt-hellip\"> [\u2026]<\/span><\/p>\n","protected":false},"featured_media":0,"template":"","meta":{"_monsterinsights_skip_tracking":false,"_monsterinsights_sitenote_active":false,"_monsterinsights_sitenote_note":"","_monsterinsights_sitenote_category":0},"product_brand":[],"product_cat":[12274,12284],"product_tag":[],"class_list":{"0":"post-707306","1":"product","2":"type-product","3":"status-publish","5":"product_cat-cocuk-ve-genclik-kitaplari","6":"product_cat-hikayeler","7":"pa_cilt-ciltsiz","8":"pa_tur-kitap","9":"pa_yayinevi-is-bankasi-kultur-yayinlari","10":"pa_yazar-christa-holtei","12":"first","13":"instock","14":"sale","15":"shipping-taxable","16":"purchasable","17":"product-type-simple"},"_links":{"self":[{"href":"https:\/\/roveyayinevi.com.tr\/index.php\/wp-json\/wp\/v2\/product\/707306","targetHints":{"allow":["GET"]}}],"collection":[{"href":"https:\/\/roveyayinevi.com.tr\/index.php\/wp-json\/wp\/v2\/product"}],"about":[{"href":"https:\/\/roveyayinevi.com.tr\/index.php\/wp-json\/wp\/v2\/types\/product"}],"wp:attachment":[{"href":"https:\/\/roveyayinevi.com.tr\/index.php\/wp-json\/wp\/v2\/media?parent=707306"}],"wp:term":[{"taxonomy":"product_brand","embeddable":true,"href":"https:\/\/roveyayinevi.com.tr\/index.php\/wp-json\/wp\/v2\/product_brand?post=707306"},{"taxonomy":"product_cat","embeddable":true,"href":"https:\/\/roveyayinevi.com.tr\/index.php\/wp-json\/wp\/v2\/product_cat?post=707306"},{"taxonomy":"product_tag","embeddable":true,"href":"https:\/\/roveyayinevi.com.tr\/index.php\/wp-json\/wp\/v2\/product_tag?post=707306"}],"curies":[{"name":"wp","href":"https:\/\/api.w.org\/{rel}","templated":true}]}}