{"id":707305,"date":"2025-08-27T16:04:03","date_gmt":"2025-08-27T13:04:03","guid":{"rendered":"https:\/\/roveyayinevi.com.tr\/index.php\/urun\/kisa-oykunun-buyuk-ustalari\/"},"modified":"2026-04-16T02:16:13","modified_gmt":"2026-04-15T23:16:13","slug":"kisa-oykunun-buyuk-ustalari","status":"publish","type":"product","link":"https:\/\/roveyayinevi.com.tr\/index.php\/urun\/kisa-oykunun-buyuk-ustalari\/","title":{"rendered":"K\u0131sa \u00d6yk\u00fcn\u00fcn B\u00fcy\u00fck Ustalar\u0131"},"content":{"rendered":"<p>\u00d6yk\u00fc, d\u00fcnyan\u0131n en eski sanatlar\u0131ndan biri. \u0130nsanlar, en eski \u00e7a\u011flardan ba\u015flayarak birbirlerine \u00f6yk\u00fc anlatmadan edememi\u015fler. Homeros destanlar\u0131ndan Kutsal Kitaplara, Binbir Gece Masallar\u0131\u2019ndan Decameron\u2019a pek \u00e7ok yap\u0131t da, s\u00f6ylenceler ve masallar da hep \u00f6yk\u00fcler anlat\u0131r bize. Y\u00fczy\u0131llar\u0131n imbi\u011finden s\u00fcz\u00fclen k\u0131sa \u00f6yk\u00fcn\u00fcn apayr\u0131 bir edebiyat t\u00fcr\u00fc olarak g\u00fcn\u00fcm\u00fczdeki bi\u00e7imine b\u00fcr\u00fcnmesi ise 19. y\u00fczy\u0131l\u0131 bulur.Celal \u00dcster\u2019in y\u0131llar i\u00e7inde belle\u011finde iz b\u0131rakm\u0131\u015f k\u0131sa \u00f6yk\u00fcleri bir araya getirdi\u011fi bu se\u00e7ki, \u0130ngiliz ve Amerikan edebiyat\u0131n\u0131n b\u00fcy\u00fck ustalar\u0131n\u0131n yap\u0131tlar\u0131ndan bir g\u00fcldeste. Edgar Allan Poe, Herman Melville ve O. Henry\u2019den Chesterto <\/p>\n","protected":false},"excerpt":{"rendered":"<p>\u00d6yk\u00fc, d\u00fcnyan\u0131n en eski sanatlar\u0131ndan biri. \u0130nsanlar, en eski \u00e7a\u011flardan ba\u015flayarak birbirlerine \u00f6yk\u00fc anlatmadan edememi\u015fler. Homeros destanlar\u0131ndan Kutsal Kitaplara, Binbir Gece Masallar\u0131\u2019ndan Decameron\u2019a pek \u00e7ok yap\u0131t<span class=\"excerpt-hellip\"> [\u2026]<\/span><\/p>\n","protected":false},"featured_media":0,"template":"","meta":{"_monsterinsights_skip_tracking":false,"_monsterinsights_sitenote_active":false,"_monsterinsights_sitenote_note":"","_monsterinsights_sitenote_category":0},"product_brand":[],"product_cat":[12291,26797],"product_tag":[],"class_list":{"0":"post-707305","1":"product","2":"type-product","3":"status-publish","5":"product_cat-edebiyat","6":"product_cat-modern-klasikler","7":"pa_cilt-ciltsiz","8":"pa_tur-kitap","9":"pa_yayinevi-is-bankasi-kultur-yayinlari","10":"pa_yazar-kolektif","12":"first","13":"instock","14":"sale","15":"shipping-taxable","16":"purchasable","17":"product-type-simple"},"_links":{"self":[{"href":"https:\/\/roveyayinevi.com.tr\/index.php\/wp-json\/wp\/v2\/product\/707305","targetHints":{"allow":["GET"]}}],"collection":[{"href":"https:\/\/roveyayinevi.com.tr\/index.php\/wp-json\/wp\/v2\/product"}],"about":[{"href":"https:\/\/roveyayinevi.com.tr\/index.php\/wp-json\/wp\/v2\/types\/product"}],"wp:attachment":[{"href":"https:\/\/roveyayinevi.com.tr\/index.php\/wp-json\/wp\/v2\/media?parent=707305"}],"wp:term":[{"taxonomy":"product_brand","embeddable":true,"href":"https:\/\/roveyayinevi.com.tr\/index.php\/wp-json\/wp\/v2\/product_brand?post=707305"},{"taxonomy":"product_cat","embeddable":true,"href":"https:\/\/roveyayinevi.com.tr\/index.php\/wp-json\/wp\/v2\/product_cat?post=707305"},{"taxonomy":"product_tag","embeddable":true,"href":"https:\/\/roveyayinevi.com.tr\/index.php\/wp-json\/wp\/v2\/product_tag?post=707305"}],"curies":[{"name":"wp","href":"https:\/\/api.w.org\/{rel}","templated":true}]}}