{"id":707304,"date":"2025-08-27T16:04:02","date_gmt":"2025-08-27T13:04:02","guid":{"rendered":"https:\/\/roveyayinevi.com.tr\/index.php\/urun\/ermisin-bahcesi\/"},"modified":"2026-04-16T02:16:13","modified_gmt":"2026-04-15T23:16:13","slug":"ermisin-bahcesi","status":"publish","type":"product","link":"https:\/\/roveyayinevi.com.tr\/index.php\/urun\/ermisin-bahcesi\/","title":{"rendered":"Ermi\u015fin Bah\u00e7esi"},"content":{"rendered":"<p>Cibran\u2019\u0131n en sevilen yap\u0131t\u0131 Ermi\u015f\u2019in devam\u0131 olan Ermi\u015fin Bah\u00e7esi, yazar\u0131n \u00f6l\u00fcm\u00fcnden sonra, 1933\u2019te yay\u0131mland\u0131. Ermi\u015f\u2019in sonunda on iki y\u0131l\u0131n\u0131 ge\u00e7irdi\u011fi Orphalese kentinden ayr\u0131larak denize a\u00e7\u0131lan El Mustafa, do\u011fdu\u011fu adaya, annesiyle babas\u0131n\u0131n ebedi uykular\u0131na dald\u0131klar\u0131 bah\u00e7eye d\u00f6ner. Uzun bir aradan sonra m\u00fcritleriyle yeniden bir araya gelmi\u015ftir. Onlara ayr\u0131l\u0131ktan, yaln\u0131zl\u0131ktan, zamandan, insanla insan\u0131, insanla do\u011fay\u0131 birle\u015ftiren ba\u011flardan s\u00f6z eder. S\u00f6zlerinde mutlu ve ayd\u0131nl\u0131k bir hayat\u0131n s\u0131rlar\u0131 gizlidir yine. \ufffc<\/p>\n","protected":false},"excerpt":{"rendered":"<p>Cibran\u2019\u0131n en sevilen yap\u0131t\u0131 Ermi\u015f\u2019in devam\u0131 olan Ermi\u015fin Bah\u00e7esi, yazar\u0131n \u00f6l\u00fcm\u00fcnden sonra, 1933\u2019te yay\u0131mland\u0131. Ermi\u015f\u2019in sonunda on iki y\u0131l\u0131n\u0131 ge\u00e7irdi\u011fi Orphalese kentinden ayr\u0131larak denize a\u00e7\u0131lan El<span class=\"excerpt-hellip\"> [\u2026]<\/span><\/p>\n","protected":false},"featured_media":0,"template":"","meta":{"_monsterinsights_skip_tracking":false,"_monsterinsights_sitenote_active":false,"_monsterinsights_sitenote_note":"","_monsterinsights_sitenote_category":0},"product_brand":[],"product_cat":[12291,12711],"product_tag":[],"class_list":{"0":"post-707304","1":"product","2":"type-product","3":"status-publish","5":"product_cat-edebiyat","6":"product_cat-roman-oyku","7":"pa_cilt-ciltsiz","8":"pa_tur-kitap","9":"pa_yayinevi-is-bankasi-kultur-yayinlari","10":"pa_yazar-halil-cibran","12":"first","13":"instock","14":"sale","15":"shipping-taxable","16":"purchasable","17":"product-type-simple"},"_links":{"self":[{"href":"https:\/\/roveyayinevi.com.tr\/index.php\/wp-json\/wp\/v2\/product\/707304","targetHints":{"allow":["GET"]}}],"collection":[{"href":"https:\/\/roveyayinevi.com.tr\/index.php\/wp-json\/wp\/v2\/product"}],"about":[{"href":"https:\/\/roveyayinevi.com.tr\/index.php\/wp-json\/wp\/v2\/types\/product"}],"wp:attachment":[{"href":"https:\/\/roveyayinevi.com.tr\/index.php\/wp-json\/wp\/v2\/media?parent=707304"}],"wp:term":[{"taxonomy":"product_brand","embeddable":true,"href":"https:\/\/roveyayinevi.com.tr\/index.php\/wp-json\/wp\/v2\/product_brand?post=707304"},{"taxonomy":"product_cat","embeddable":true,"href":"https:\/\/roveyayinevi.com.tr\/index.php\/wp-json\/wp\/v2\/product_cat?post=707304"},{"taxonomy":"product_tag","embeddable":true,"href":"https:\/\/roveyayinevi.com.tr\/index.php\/wp-json\/wp\/v2\/product_tag?post=707304"}],"curies":[{"name":"wp","href":"https:\/\/api.w.org\/{rel}","templated":true}]}}