{"id":707301,"date":"2025-08-27T16:04:01","date_gmt":"2025-08-27T13:04:01","guid":{"rendered":"https:\/\/roveyayinevi.com.tr\/index.php\/urun\/paralel-devletin-modern-tarihi\/"},"modified":"2026-04-16T02:16:13","modified_gmt":"2026-04-15T23:16:13","slug":"paralel-devletin-modern-tarihi","status":"publish","type":"product","link":"https:\/\/roveyayinevi.com.tr\/index.php\/urun\/paralel-devletin-modern-tarihi\/","title":{"rendered":"Paralel Devletin Modern Tarihi"},"content":{"rendered":"<p>Paralel Devletin Modern Tarihi adl\u0131 bu eser, SA ve FE*T\u00d6 \u00f6rneklerinden yola \u00e7\u0131karak paralel yap\u0131lar\u0131n tarihini derinlemesine irdeleyen ilk ara\u015ft\u0131rmad\u0131r. 20. y\u00fczy\u0131l, paralel \u00f6rg\u00fctler ve devletler mezarl\u0131\u011f\u0131d\u0131r. T\u00fcrkiye&#8217;de 15-16 Temmuz 2016 tarihlerinde ya\u015fanan kanl\u0131 darbe giri\u015fimi, paralel yap\u0131n\u0131n modern \u00e7a\u011fdaki ilk eylemi de\u011fildi. Hitler Almanya&#8217;s\u0131ndan modern L\u00fcbnan&#8217;a, Stalin Rusya&#8217;s\u0131ndan g\u00fcn\u00fcm\u00fcz T\u00fcrkiye&#8217;sine kadar pek \u00e7ok devlet paralelle\u015fme olgusunu tecr\u00fcbe etmi\u015ftir. &#8220;Paralel devlet&#8221; kavram\u0131n\u0131 ilk kez ortaya atan Amerikal\u0131 tarih\u00e7i Robert Paxton, paralel kavramsalla\u015ft\u0131rmay\u0131 Nasyonal Sosyalist Alman \u0130\u015f\u00e7i Partisi&#8217;nin paramiliter g\u00fcc\u00fc olan SA&#8217;dan ve onun lideri Ernst R\u00f6hm&#8217;den hareketle yapm\u0131\u015ft\u0131r. Bu anlamda SA 20. y\u00fczy\u0131l\u0131n ilk resmi paralel devleti ve FE*T\u00d6&#8217;n\u00fcn \u00f6nc\u00fcl\u00fc konumundad\u0131r. SA ile FE*T\u00d6&#8217;n\u00fcn \u00f6rg\u00fctsel yap\u0131lar\u0131 ve ortaya \u00e7\u0131k\u0131\u015f \u015fartlar\u0131 nelerdir? Paralel bir \u00f6rg\u00fct paralel bir devlete nas\u0131l d\u00f6n\u00fc\u015f\u00fcr? R\u00f6hm&#8217;\u00fcn SA&#8217;s\u0131 ile Fet*hullah&#8217;\u0131n FE*T\u00d6&#8217;s\u00fc aras\u0131ndaki benzerlik ve fakl\u0131l\u0131klar nelerdir? FE*T\u00d6, siyaset bilimi a\u00e7\u0131s\u0131ndan nas\u0131l ele al\u0131nmal\u0131d\u0131r? Paralel yap\u0131lanmalarla ne \u015fekilde m\u00fccadele edilmelidir? Yazar, siyaset bilimci kimli\u011fi ile siyasi tecr\u00fcbelerini harmanlayarak okuyucuya ulusal s\u0131n\u0131rlar\u0131m\u0131z\u0131 a\u015fan bir perspektif sunmaktad\u0131r. D\u00fcnyadan paralel yap\u0131lanma \u00f6rnekleri, gizli \u00f6rg\u00fctler, darbe giri\u015fimleri, tasfiyeler, ilgin\u00e7 anekdotlar ve daha fazlas\u0131 bu kitapta. <\/p>\n","protected":false},"excerpt":{"rendered":"<p>Paralel Devletin Modern Tarihi adl\u0131 bu eser, SA ve FE*T\u00d6 \u00f6rneklerinden yola \u00e7\u0131karak paralel yap\u0131lar\u0131n tarihini derinlemesine irdeleyen ilk ara\u015ft\u0131rmad\u0131r. 20. y\u00fczy\u0131l, paralel \u00f6rg\u00fctler ve devletler<span class=\"excerpt-hellip\"> [\u2026]<\/span><\/p>\n","protected":false},"featured_media":0,"template":"","meta":{"_monsterinsights_skip_tracking":false,"_monsterinsights_sitenote_active":false,"_monsterinsights_sitenote_note":"","_monsterinsights_sitenote_category":0},"product_brand":[],"product_cat":[12337,14543],"product_tag":[],"class_list":{"0":"post-707301","1":"product","2":"type-product","3":"status-publish","5":"product_cat-politika-siyaset","6":"product_cat-turkiye-siyaseti-ve-politikasi","7":"pa_cilt-ciltsiz","8":"pa_tur-kitap","9":"pa_yayinevi-kaynak-yayinlari","10":"pa_yazar-sinan-baykent","12":"first","13":"instock","14":"sale","15":"shipping-taxable","16":"purchasable","17":"product-type-simple"},"_links":{"self":[{"href":"https:\/\/roveyayinevi.com.tr\/index.php\/wp-json\/wp\/v2\/product\/707301","targetHints":{"allow":["GET"]}}],"collection":[{"href":"https:\/\/roveyayinevi.com.tr\/index.php\/wp-json\/wp\/v2\/product"}],"about":[{"href":"https:\/\/roveyayinevi.com.tr\/index.php\/wp-json\/wp\/v2\/types\/product"}],"wp:attachment":[{"href":"https:\/\/roveyayinevi.com.tr\/index.php\/wp-json\/wp\/v2\/media?parent=707301"}],"wp:term":[{"taxonomy":"product_brand","embeddable":true,"href":"https:\/\/roveyayinevi.com.tr\/index.php\/wp-json\/wp\/v2\/product_brand?post=707301"},{"taxonomy":"product_cat","embeddable":true,"href":"https:\/\/roveyayinevi.com.tr\/index.php\/wp-json\/wp\/v2\/product_cat?post=707301"},{"taxonomy":"product_tag","embeddable":true,"href":"https:\/\/roveyayinevi.com.tr\/index.php\/wp-json\/wp\/v2\/product_tag?post=707301"}],"curies":[{"name":"wp","href":"https:\/\/api.w.org\/{rel}","templated":true}]}}