{"id":707299,"date":"2025-08-27T16:04:00","date_gmt":"2025-08-27T13:04:00","guid":{"rendered":"https:\/\/roveyayinevi.com.tr\/index.php\/urun\/suicide-squad-yeni-52-cilt-2-basilisk-yukseliyor\/"},"modified":"2026-04-16T02:16:13","modified_gmt":"2026-04-15T23:16:13","slug":"suicide-squad-yeni-52-cilt-2-basilisk-yukseliyor","status":"publish","type":"product","link":"https:\/\/roveyayinevi.com.tr\/index.php\/urun\/suicide-squad-yeni-52-cilt-2-basilisk-yukseliyor\/","title":{"rendered":"Suicide Squad Yeni 52 Cilt 2 &#8211; Basilisk Y\u00fckseliyor"},"content":{"rendered":"<p>Squad&#8217;\u0131n pe\u015findeki suikasti\u00e7i kim? Task Force X&#8217;in, nam-\u0131 di\u011fer Suicide Squad&#8217;\u0131n hayatta kalan \u00fcyeleri Gotham \u015eehri&#8217;ndeki ba\u015far\u0131s\u0131z g\u00f6revlerinin yaralar\u0131n\u0131 sarmaya \u00e7al\u0131\u015f\u0131rken, ba\u015flang\u0131\u00e7tan beri ekibin i\u00e7inde cerahatli bir yara gibi b\u00fcy\u00fcyen karanl\u0131k bir s\u0131r ortaya \u00e7\u0131k\u0131yor &#8211; aralar\u0131nda bir hain var!  Basilisk yap\u0131lanmas\u0131n\u0131n lideri olan Regulus taraf\u0131ndan yeti\u015ftirilen ve e\u011fitilen sabotajc\u0131, Amanda Waller&#8217;a suikast d\u00fczenlemek ve Squad&#8217;\u0131 if\u015fa etmek \u00fczere emirler al\u0131yor. Bu hain, ki\u015filikleri aras\u0131nda gelgitler ya\u015fayarak h\u00e2lihaz\u0131rda ekip i\u00e7in bir tehdit olu\u015fturan, Joker&#8217;in \u00e7\u0131lg\u0131n metresi Harley Quinn mi? Yoksa \u00f6lme iste\u011fi Regulus taraf\u0131ndan suiistimal edilen Deadshot m\u0131? Taraf de\u011fi\u015ftiren \u00fcye h\u00e2l\u00e2 aralar\u0131nda olmas\u0131na ra\u011fmen Squad, Resurrection Man ad\u0131yla da bilinen Mitch Shelley&#8217;yi yakalamak \u00fczere nadir bir g\u00f6rev i\u00e7in tekrar sahaya g\u00f6nderilir ve bunlar\u0131n hepsi Amanda Waller&#8217;\u0131n Regulus&#8217;u yak\u0131p Basilisk \u00f6rg\u00fct\u00fcn\u00fc yerle bir etme plan\u0131n\u0131n bir par\u00e7as\u0131d\u0131r! Gizemli Amanda Waller&#8217;\u0131n orijin hik\u00e2yesini ve Regulus ile aralar\u0131nda uzun s\u00fcredir var olan husumetin ard\u0131ndaki ger\u00e7e\u011fi anlatan \u00f6zg\u00fcn s\u0131f\u0131r\u0131nc\u0131 say\u0131y\u0131 da i\u00e7ermektedir.! <\/p>\n","protected":false},"excerpt":{"rendered":"<p>Squad&#8217;\u0131n pe\u015findeki suikasti\u00e7i kim? Task Force X&#8217;in, nam-\u0131 di\u011fer Suicide Squad&#8217;\u0131n hayatta kalan \u00fcyeleri Gotham \u015eehri&#8217;ndeki ba\u015far\u0131s\u0131z g\u00f6revlerinin yaralar\u0131n\u0131 sarmaya \u00e7al\u0131\u015f\u0131rken, ba\u015flang\u0131\u00e7tan beri ekibin i\u00e7inde cerahatli<span class=\"excerpt-hellip\"> [\u2026]<\/span><\/p>\n","protected":false},"featured_media":0,"template":"","meta":{"_monsterinsights_skip_tracking":false,"_monsterinsights_sitenote_active":false,"_monsterinsights_sitenote_note":"","_monsterinsights_sitenote_category":0},"product_brand":[],"product_cat":[12689,12274],"product_tag":[],"class_list":{"0":"post-707299","1":"product","2":"type-product","3":"status-publish","5":"product_cat-cizgi-roman-cocuk-ve-genclik-kitaplari","6":"product_cat-cocuk-ve-genclik-kitaplari","7":"pa_cilt-ciltsiz","8":"pa_tur-kitap","9":"pa_yayinevi-jbc-yayincilik","10":"pa_yazar-adam-glass","12":"first","13":"instock","14":"sale","15":"shipping-taxable","16":"purchasable","17":"product-type-simple"},"_links":{"self":[{"href":"https:\/\/roveyayinevi.com.tr\/index.php\/wp-json\/wp\/v2\/product\/707299","targetHints":{"allow":["GET"]}}],"collection":[{"href":"https:\/\/roveyayinevi.com.tr\/index.php\/wp-json\/wp\/v2\/product"}],"about":[{"href":"https:\/\/roveyayinevi.com.tr\/index.php\/wp-json\/wp\/v2\/types\/product"}],"wp:attachment":[{"href":"https:\/\/roveyayinevi.com.tr\/index.php\/wp-json\/wp\/v2\/media?parent=707299"}],"wp:term":[{"taxonomy":"product_brand","embeddable":true,"href":"https:\/\/roveyayinevi.com.tr\/index.php\/wp-json\/wp\/v2\/product_brand?post=707299"},{"taxonomy":"product_cat","embeddable":true,"href":"https:\/\/roveyayinevi.com.tr\/index.php\/wp-json\/wp\/v2\/product_cat?post=707299"},{"taxonomy":"product_tag","embeddable":true,"href":"https:\/\/roveyayinevi.com.tr\/index.php\/wp-json\/wp\/v2\/product_tag?post=707299"}],"curies":[{"name":"wp","href":"https:\/\/api.w.org\/{rel}","templated":true}]}}