{"id":707290,"date":"2025-08-27T16:03:56","date_gmt":"2025-08-27T13:03:56","guid":{"rendered":"https:\/\/roveyayinevi.com.tr\/index.php\/urun\/devlet-i-aliyye-osmanli-imparatorlugu-uzerine-arastirmalar-4\/"},"modified":"2026-04-16T02:16:13","modified_gmt":"2026-04-15T23:16:13","slug":"devlet-i-aliyye-osmanli-imparatorlugu-uzerine-arastirmalar-4","status":"publish","type":"product","link":"https:\/\/roveyayinevi.com.tr\/index.php\/urun\/devlet-i-aliyye-osmanli-imparatorlugu-uzerine-arastirmalar-4\/","title":{"rendered":"Devlet-i Aliyye : Osmanl\u0131 \u0130mparatorlu\u011fu \u00dczerine Ara\u015ft\u0131rmalar 4"},"content":{"rendered":"<p>Devlet-i \u2018Aliyye\u2019nin birinci cildi Osmanl\u0131 Devleti\u2019nin bir beylikten Balkanlar ve Ortado\u011fu\u2019ya h\u00fckmeden g\u00fc\u00e7l\u00fc bir imparatorlu\u011fu d\u00f6n\u00fc\u015f\u00fcm\u00fcn\u00fc konu al\u0131r. \u0130kinci cilt padi\u015fah otoritesinin zay\u0131flad\u0131\u011f\u0131 ve yok oldu\u011fu 17. y\u00fczy\u0131l\u0131n ilk yar\u0131s\u0131ndaki iktidar m\u00fccadelesini inceler. \u00dc\u00e7\u00fcnc\u00fc cilt ise merkezi devlet otoritesinin yeniden kuruldu\u011fu K\u00f6pr\u00fcl\u00fcler d\u00f6nemini, Orta- Avrupa\u2019da Habsburglarla s\u00fcren uzun iktidar m\u00fccadelesini, mali ve siyasi bunal\u0131ma kar\u015f\u0131 \u00e7\u00f6z\u00fcm aray\u0131\u015flar\u0131n\u0131 ayr\u0131nt\u0131lar\u0131yla ele al\u0131r.Devlet-i \u2018Aliyye\u2019nin d\u00f6rd\u00fcnc\u00fc cildi, Osmanl\u0131 Devleti\u2019nin ge\u00e7irdi\u011fi askeri ve mali d\u00f6n\u00fc\u015f\u00fcm\u00fc mercek alt\u0131na alarak ba\u015fl\u0131yor. 18. y\u00fczy\u0131lda g\u00fc\u00e7 kazanan ayanlar\u0131n kurdu\u011fu d\u00fczene kar\u015f\u0131 merkezi otoritenin yeni y\u00f6ntem aray\u0131\u015flar\u0131yla devam ediyor. <\/p>\n","protected":false},"excerpt":{"rendered":"<p>Devlet-i \u2018Aliyye\u2019nin birinci cildi Osmanl\u0131 Devleti\u2019nin bir beylikten Balkanlar ve Ortado\u011fu\u2019ya h\u00fckmeden g\u00fc\u00e7l\u00fc bir imparatorlu\u011fu d\u00f6n\u00fc\u015f\u00fcm\u00fcn\u00fc konu al\u0131r. \u0130kinci cilt padi\u015fah otoritesinin zay\u0131flad\u0131\u011f\u0131 ve yok oldu\u011fu<span class=\"excerpt-hellip\"> [\u2026]<\/span><\/p>\n","protected":false},"featured_media":0,"template":"","meta":{"_monsterinsights_skip_tracking":false,"_monsterinsights_sitenote_active":false,"_monsterinsights_sitenote_note":"","_monsterinsights_sitenote_category":0},"product_brand":[],"product_cat":[14841,13043],"product_tag":[],"class_list":{"0":"post-707290","1":"product","2":"type-product","3":"status-publish","5":"product_cat-arastirma-inceleme-kuram","6":"product_cat-ekonomi","7":"pa_cilt-ciltsiz","8":"pa_tur-kitap","9":"pa_yayinevi-is-bankasi-kultur-yayinlari","10":"pa_yazar-halil-inalcik","12":"first","13":"instock","14":"sale","15":"shipping-taxable","16":"purchasable","17":"product-type-simple"},"_links":{"self":[{"href":"https:\/\/roveyayinevi.com.tr\/index.php\/wp-json\/wp\/v2\/product\/707290","targetHints":{"allow":["GET"]}}],"collection":[{"href":"https:\/\/roveyayinevi.com.tr\/index.php\/wp-json\/wp\/v2\/product"}],"about":[{"href":"https:\/\/roveyayinevi.com.tr\/index.php\/wp-json\/wp\/v2\/types\/product"}],"wp:attachment":[{"href":"https:\/\/roveyayinevi.com.tr\/index.php\/wp-json\/wp\/v2\/media?parent=707290"}],"wp:term":[{"taxonomy":"product_brand","embeddable":true,"href":"https:\/\/roveyayinevi.com.tr\/index.php\/wp-json\/wp\/v2\/product_brand?post=707290"},{"taxonomy":"product_cat","embeddable":true,"href":"https:\/\/roveyayinevi.com.tr\/index.php\/wp-json\/wp\/v2\/product_cat?post=707290"},{"taxonomy":"product_tag","embeddable":true,"href":"https:\/\/roveyayinevi.com.tr\/index.php\/wp-json\/wp\/v2\/product_tag?post=707290"}],"curies":[{"name":"wp","href":"https:\/\/api.w.org\/{rel}","templated":true}]}}