{"id":707288,"date":"2025-08-27T16:03:55","date_gmt":"2025-08-27T13:03:55","guid":{"rendered":"https:\/\/roveyayinevi.com.tr\/index.php\/urun\/kendiyle-bir-basina-insan\/"},"modified":"2026-04-16T02:16:13","modified_gmt":"2026-04-15T23:16:13","slug":"kendiyle-bir-basina-insan","status":"publish","type":"product","link":"https:\/\/roveyayinevi.com.tr\/index.php\/urun\/kendiyle-bir-basina-insan\/","title":{"rendered":"Kendiyle Bir Ba\u015f\u0131na \u0130nsan"},"content":{"rendered":"<p>Friedrich Nietzsche Bat\u0131 felsefesinin en devrimci d\u00fc\u015f\u00fcn\u00fcrlerinden biriydi. Bu kitapta Nietzsche, sanattan kibre, can s\u0131k\u0131nt\u0131s\u0131ndan tutkuya, bilimden g\u00f6steri\u015fe kadar uzanan \u00e7ok say\u0131da konu \u00fczerine bir dizi aforizmayla y\u0131k\u0131c\u0131 g\u00f6r\u00fc\u015flerini ortaya sererken, bireyin &#8220;g\u00fc\u00e7 istencini&#8221; kutlamak i\u00e7in geleneksel ahlak nosyonlar\u0131n\u0131 reddediyor.Tarih boyunca baz\u0131 kitaplar d\u00fcnyay\u0131 de\u011fi\u015ftirdi. Bununla kalmay\u0131p; bizleri ve birbirimizi g\u00f6rme bi\u00e7imimizi etkiledi. O kitaplar ki tart\u0131\u015fmalara, muhalif fikirlere, sava\u015f ve devrimlere esin kayna\u011f\u0131 oldular. Ayd\u0131nlatt\u0131lar, harekete ge\u00e7irdiler, k\u0131\u015fk\u0131rtt\u0131lar, teselli ettiler. Ya\u015fam\u0131m\u0131z\u0131 zenginle\u015ftirdiler ve bizleri ayr\u0131 ayr\u0131 kendi ya\u015famlar\u0131m\u0131z\u0131 sorgulamaya y\u00f6nelttiler. \u015eimdi Kafka Kitap sizlere uygarl\u0131\u011f\u0131 sarsan, insanl\u0131k tarihine y\u00f6n veren ve kendimizi ke\u015ffetmemize yard\u0131m eden fikirleriyle; b\u00fcy\u00fck d\u00fc\u015f\u00fcn\u00fcrlerin, \u00e7\u0131\u011f\u0131r a\u00e7anlar\u0131n, radikallerin ve ileriyi g\u00f6renlerin eserlerini sunuyor.<\/p>\n","protected":false},"excerpt":{"rendered":"<p>Friedrich Nietzsche Bat\u0131 felsefesinin en devrimci d\u00fc\u015f\u00fcn\u00fcrlerinden biriydi. Bu kitapta Nietzsche, sanattan kibre, can s\u0131k\u0131nt\u0131s\u0131ndan tutkuya, bilimden g\u00f6steri\u015fe kadar uzanan \u00e7ok say\u0131da konu \u00fczerine bir dizi<span class=\"excerpt-hellip\"> [\u2026]<\/span><\/p>\n","protected":false},"featured_media":0,"template":"","meta":{"_monsterinsights_skip_tracking":false,"_monsterinsights_sitenote_active":false,"_monsterinsights_sitenote_note":"","_monsterinsights_sitenote_category":0},"product_brand":[],"product_cat":[12389,12388],"product_tag":[],"class_list":{"0":"post-707288","1":"product","2":"type-product","3":"status-publish","5":"product_cat-diger-felsefe","6":"product_cat-felsefe","7":"pa_cilt-ciltsiz","8":"pa_tur-kitap","9":"pa_yayinevi-kafka-yayinevi","10":"pa_yazar-friedrich-nietzsche","12":"first","13":"instock","14":"sale","15":"shipping-taxable","16":"purchasable","17":"product-type-simple"},"_links":{"self":[{"href":"https:\/\/roveyayinevi.com.tr\/index.php\/wp-json\/wp\/v2\/product\/707288","targetHints":{"allow":["GET"]}}],"collection":[{"href":"https:\/\/roveyayinevi.com.tr\/index.php\/wp-json\/wp\/v2\/product"}],"about":[{"href":"https:\/\/roveyayinevi.com.tr\/index.php\/wp-json\/wp\/v2\/types\/product"}],"wp:attachment":[{"href":"https:\/\/roveyayinevi.com.tr\/index.php\/wp-json\/wp\/v2\/media?parent=707288"}],"wp:term":[{"taxonomy":"product_brand","embeddable":true,"href":"https:\/\/roveyayinevi.com.tr\/index.php\/wp-json\/wp\/v2\/product_brand?post=707288"},{"taxonomy":"product_cat","embeddable":true,"href":"https:\/\/roveyayinevi.com.tr\/index.php\/wp-json\/wp\/v2\/product_cat?post=707288"},{"taxonomy":"product_tag","embeddable":true,"href":"https:\/\/roveyayinevi.com.tr\/index.php\/wp-json\/wp\/v2\/product_tag?post=707288"}],"curies":[{"name":"wp","href":"https:\/\/api.w.org\/{rel}","templated":true}]}}