{"id":707286,"date":"2025-08-27T16:03:54","date_gmt":"2025-08-27T13:03:54","guid":{"rendered":"https:\/\/roveyayinevi.com.tr\/index.php\/urun\/kurtulus-cok-bozuldu\/"},"modified":"2026-04-16T02:16:13","modified_gmt":"2026-04-15T23:16:13","slug":"kurtulus-cok-bozuldu","status":"publish","type":"product","link":"https:\/\/roveyayinevi.com.tr\/index.php\/urun\/kurtulus-cok-bozuldu\/","title":{"rendered":"Kurtulu\u015f \u00c7ok Bozuldu"},"content":{"rendered":"<p>\u201c\u2026Cenevizliler, Rumlar, Ermeniler, Yahudiler, S\u00fcryaniler, T\u00fcrkler, K\u00fcrtler, Irakl\u0131lar, Siyahlar ve Translar isyan etme noktas\u0131na gelmi\u015f. Kurtulu\u015f \u00e7ok bozulmu\u015f. Suriyeliler basm\u0131\u015f muhiti. \u00dcstelik Suriyelilerin geli\u015finden daha bir ay ge\u00e7meden h\u0131rs\u0131zl\u0131k, u\u011fursuzluk, \u00e2lemcilik, gasp ve fuhu\u015f ba\u015flam\u0131\u015f semtte&#8230;\u201d\u201c&#8230;Kendisine ta\u015f\u0131nacak bir semt ar\u0131yordu Bar\u0131\u015f. Adalara gelmek en \u00e7ok istedi\u011fi \u015fey olsa da, k\u0131\u015f tarifesi vapur saatleri mesai saatlerine bir t\u00fcrl\u00fc denk gelmiyordu. \u2018Kurtulu\u015f olabilir o vakit,\u2019 dedi. Her k\u00fclt\u00fcr\u00fcn i\u00e7 i\u00e7e ya\u015fad\u0131\u011f\u0131 bir semt \u00e7ok cazip geliyordu medeni bir insana neticede.\u2018Olmaz o\u011flum,\u2019 dedim pi\u015fkin pi\u015fkin&#8230; \u2018Kurtulu\u015f \u00e7okbozuldu, ba\u015fka semt bulal\u0131m sana.\u2019\u2018\u015ea\u015f\u0131rd\u0131m bu s\u00f6yledi\u011fine,\u2019 dedi.\u2018Daha yeni sordum Pakrad Abi\u2019ye, Kurtulu\u015f harika bir semt dedi.\u2019\u2018Nesi harika be!\u2019 dedim; demez olayd\u0131m&#8230;\u201dHayko Ba\u011fdat, kimsenin kimseyi be\u011fenmedi\u011fi yurdumuzda yeni kitab\u0131 Kurtulu\u015f \u00c7ok Bozuldu ile kahkaha ve g\u00f6zya\u015f\u0131n\u0131 ayn\u0131 sat\u0131rlara s\u0131\u011fd\u0131r\u0131rken, uzun y\u0131llar yerini kaybetmeyecek bir \u00e7entik de at\u0131yor edebi hayat\u0131m\u0131za&#8230; <\/p>\n","protected":false},"excerpt":{"rendered":"<p>\u201c\u2026Cenevizliler, Rumlar, Ermeniler, Yahudiler, S\u00fcryaniler, T\u00fcrkler, K\u00fcrtler, Irakl\u0131lar, Siyahlar ve Translar isyan etme noktas\u0131na gelmi\u015f. Kurtulu\u015f \u00e7ok bozulmu\u015f. Suriyeliler basm\u0131\u015f muhiti. \u00dcstelik Suriyelilerin geli\u015finden daha bir<span class=\"excerpt-hellip\"> [\u2026]<\/span><\/p>\n","protected":false},"featured_media":0,"template":"","meta":{"_monsterinsights_skip_tracking":false,"_monsterinsights_sitenote_active":false,"_monsterinsights_sitenote_note":"","_monsterinsights_sitenote_category":0},"product_brand":[],"product_cat":[18545,12291],"product_tag":[],"class_list":{"0":"post-707286","1":"product","2":"type-product","3":"status-publish","5":"product_cat-anlati","6":"product_cat-edebiyat","7":"pa_cilt-ciltsiz","8":"pa_tur-kitap","9":"pa_yayinevi-inkilap-kitabevi","10":"pa_yazar-hayko-bagdat","12":"first","13":"instock","14":"sale","15":"shipping-taxable","16":"purchasable","17":"product-type-simple"},"_links":{"self":[{"href":"https:\/\/roveyayinevi.com.tr\/index.php\/wp-json\/wp\/v2\/product\/707286","targetHints":{"allow":["GET"]}}],"collection":[{"href":"https:\/\/roveyayinevi.com.tr\/index.php\/wp-json\/wp\/v2\/product"}],"about":[{"href":"https:\/\/roveyayinevi.com.tr\/index.php\/wp-json\/wp\/v2\/types\/product"}],"wp:attachment":[{"href":"https:\/\/roveyayinevi.com.tr\/index.php\/wp-json\/wp\/v2\/media?parent=707286"}],"wp:term":[{"taxonomy":"product_brand","embeddable":true,"href":"https:\/\/roveyayinevi.com.tr\/index.php\/wp-json\/wp\/v2\/product_brand?post=707286"},{"taxonomy":"product_cat","embeddable":true,"href":"https:\/\/roveyayinevi.com.tr\/index.php\/wp-json\/wp\/v2\/product_cat?post=707286"},{"taxonomy":"product_tag","embeddable":true,"href":"https:\/\/roveyayinevi.com.tr\/index.php\/wp-json\/wp\/v2\/product_tag?post=707286"}],"curies":[{"name":"wp","href":"https:\/\/api.w.org\/{rel}","templated":true}]}}