{"id":707283,"date":"2025-08-27T16:03:53","date_gmt":"2025-08-27T13:03:53","guid":{"rendered":"https:\/\/roveyayinevi.com.tr\/index.php\/urun\/nazilerin-arka-kapisi\/"},"modified":"2026-04-16T02:16:13","modified_gmt":"2026-04-15T23:16:13","slug":"nazilerin-arka-kapisi","status":"publish","type":"product","link":"https:\/\/roveyayinevi.com.tr\/index.php\/urun\/nazilerin-arka-kapisi\/","title":{"rendered":"Nazilerin Arka Kap\u0131s\u0131"},"content":{"rendered":"<p>Y\u0131llard\u0131r kulaktan kula\u011fa Nazilerin sava\u015ftan sonra CIA taraf\u0131ndan kullan\u0131lmak \u00fczere ABD\u2019ye ta\u015f\u0131nmas\u0131n\u0131n \u00f6yk\u00fcleri anlat\u0131l\u0131p duruyordu. \u015eimdi bu kitap ilk defa Nazilerin ABD\u2019ye nas\u0131l yerle\u015ftiklerini ve nas\u0131l korunduklar\u0131n\u0131 g\u00f6zler \u00f6n\u00fcne seriyor.Amerikan y\u00f6netiminin ony\u0131llar boyunca devam eden sava\u015f su\u00e7lular\u0131 av\u0131 hakk\u0131nda d\u00fczenlenen gizli bir dahili ara\u015ft\u0131rma, 2010 y\u0131l\u0131nda sona erdi\u011finde 2. D\u00fcnya Sava\u015f\u0131 sonras\u0131nda Amerika Birle\u015fik Devletleri\u2019nin Naziler i\u00e7in g\u00fcvenli bir liman, bir s\u0131\u011f\u0131nak halini ald\u0131\u011f\u0131 y\u00f6n\u00fcnde karar verdi. Adalet Bakanl\u0131\u011f\u0131 soru\u015fturmas\u0131n\u0131n final c\u00fcmlelerinden biri bunu a\u00e7\u0131k\u00e7a ifade etmektedir. \u201cB\u00fcy\u00fck bir gururla d\u00fcnyada zulme u\u011frayan t\u00fcm ruhlar i\u00e7in bir s\u0131\u011f\u0131nak oldu\u011funu iddia eden Amerika\u2019n\u0131n k\u00fc\u00e7\u00fck \u00f6l\u00e7ekte de olsa bu zulm\u00fc yapanlara da s\u0131\u011f\u0131nacak bir liman hizmeti verdi\u011fi ortaya \u00e7\u0131km\u0131\u015ft\u0131r.\u201dSava\u015f\u0131n sona eri\u015finden altm\u0131\u015f-be\u015f y\u0131l sonra da olsa Birle\u015fik Devletler ilk kez bu denli ba\u011flay\u0131c\u0131 bir itirafta bulunuyordu.Auschwitz\u2019de g\u00f6rev yapm\u0131\u015f muhaf\u0131z gerekse onun konumundaki binlerce Nazi i\u00e7in Amerika ne yaz\u0131k ki tam olarak b\u00f6yle hizmet vermi\u015ftir. Amerika topraklar\u0131 maalesef Hitler\u2019in adamlar\u0131 i\u00e7in g\u00fcvenli bir s\u0131\u011f\u0131nak olmu\u015f, d\u00fc\u015f\u00fcncesi dahi deh\u015fete d\u00fc\u015f\u00fcren sava\u015f su\u00e7lar\u0131 kolayl\u0131kla gizlenmi\u015f ve son derece h\u0131zla unutulmu\u015ftur. Johann Breyer Almanya\u2019ya iade edilece\u011fi g\u00fcn s\u0131radan bir Philadelphia hastanesinde son nefesini vermi\u015ftir. Breyer yeni vatan\u0131nda altm\u0131\u015f iki uzun y\u0131l \u00f6zg\u00fcr bir ya\u015fam s\u00fcrmeyi ba\u015farm\u0131\u015ft\u0131r. Philadelphia\u2019da ya\u015fayan Holokost ma\u011fduru bir \u00e7iftin yeti\u015fkin k\u0131z\u0131 bu durumu \u00e7ok g\u00fczel \u00f6zetlemi\u015ftir: \u201cHerkesin g\u00f6z\u00fc \u00f6n\u00fcnde saklanmay\u0131 ba\u015fard\u0131 ve yapt\u0131\u011f\u0131 her \u015fey yan\u0131na kar kald\u0131. Uzun bir hayat ya\u015fad\u0131 \u00fcstelik\u2026\u201d<\/p>\n","protected":false},"excerpt":{"rendered":"<p>Y\u0131llard\u0131r kulaktan kula\u011fa Nazilerin sava\u015ftan sonra CIA taraf\u0131ndan kullan\u0131lmak \u00fczere ABD\u2019ye ta\u015f\u0131nmas\u0131n\u0131n \u00f6yk\u00fcleri anlat\u0131l\u0131p duruyordu. \u015eimdi bu kitap ilk defa Nazilerin ABD\u2019ye nas\u0131l yerle\u015ftiklerini ve nas\u0131l<span class=\"excerpt-hellip\"> [\u2026]<\/span><\/p>\n","protected":false},"featured_media":0,"template":"","meta":{"_monsterinsights_skip_tracking":false,"_monsterinsights_sitenote_active":false,"_monsterinsights_sitenote_note":"","_monsterinsights_sitenote_category":0},"product_brand":[],"product_cat":[12370,12304],"product_tag":[],"class_list":{"0":"post-707283","1":"product","2":"type-product","3":"status-publish","5":"product_cat-arastirma-inceleme","6":"product_cat-tarih","7":"pa_cilt-ciltsiz","8":"pa_tur-kitap","9":"pa_yayinevi-kalkedon-yayincilik","10":"pa_yazar-eric-lichtblau","12":"first","13":"instock","14":"sale","15":"shipping-taxable","16":"purchasable","17":"product-type-simple"},"_links":{"self":[{"href":"https:\/\/roveyayinevi.com.tr\/index.php\/wp-json\/wp\/v2\/product\/707283","targetHints":{"allow":["GET"]}}],"collection":[{"href":"https:\/\/roveyayinevi.com.tr\/index.php\/wp-json\/wp\/v2\/product"}],"about":[{"href":"https:\/\/roveyayinevi.com.tr\/index.php\/wp-json\/wp\/v2\/types\/product"}],"wp:attachment":[{"href":"https:\/\/roveyayinevi.com.tr\/index.php\/wp-json\/wp\/v2\/media?parent=707283"}],"wp:term":[{"taxonomy":"product_brand","embeddable":true,"href":"https:\/\/roveyayinevi.com.tr\/index.php\/wp-json\/wp\/v2\/product_brand?post=707283"},{"taxonomy":"product_cat","embeddable":true,"href":"https:\/\/roveyayinevi.com.tr\/index.php\/wp-json\/wp\/v2\/product_cat?post=707283"},{"taxonomy":"product_tag","embeddable":true,"href":"https:\/\/roveyayinevi.com.tr\/index.php\/wp-json\/wp\/v2\/product_tag?post=707283"}],"curies":[{"name":"wp","href":"https:\/\/api.w.org\/{rel}","templated":true}]}}